{"id":157,"date":"2020-08-31T09:40:41","date_gmt":"2020-08-31T09:40:41","guid":{"rendered":"http:\/\/source.wpopal.com\/huntor\/product\/pursuit-advance-2-0-back-in-stock\/"},"modified":"2024-04-08T09:19:19","modified_gmt":"2024-04-08T09:19:19","slug":"pursuit-advance-2-0-back-in-stock","status":"publish","type":"product","link":"https:\/\/wildgear.itc-gmbh.shop\/en\/product\/pursuit-advance-2-0-back-in-stock\/","title":{"rendered":"Pursuit Advance 2.0 \u2013 wieder auf Lager"},"content":{"rendered":"<p>Der Pursuit Advance 2.0 von 5.11 Tactical ist ein vielseitiger und robuster Rucksack, der f\u00fcr Stadtpendler, Outdoor-Abenteurer und taktische Profis entwickelt wurde.<\/p>\n<p>Mit seinem schlanken und stromlinienf\u00f6rmigen Design bietet der Pursuit Advance 2.0 reichlich Stauraum und Organisationsfunktionen, um Ihre Ausr\u00fcstung sicher und leicht zug\u00e4nglich aufzubewahren. Das Hauptfach ist ger\u00e4umig genug, um Laptops, Tablets und andere wichtige Dinge unterzubringen, w\u00e4hrend mehrere Innentaschen und Organizer Ihnen helfen, unterwegs organisiert zu bleiben.<\/p>\n<p>Dieser aus strapazierf\u00e4higen und wasserabweisenden Materialien gefertigte Rucksack ist so konstruiert, dass er den Anforderungen des t\u00e4glichen Gebrauchs und von Outdoor-Abenteuern standh\u00e4lt. Seine verst\u00e4rkten N\u00e4hte und abriebfesten Eins\u00e4tze sorgen f\u00fcr eine lange Haltbarkeit, w\u00e4hrend die wasserabweisende Beschichtung Ihre Ausr\u00fcstung bei schlechtem Wetter trocken h\u00e4lt.<\/p>\n<p>Der Pursuit Advance 2.0 verf\u00fcgt \u00fcber ein gepolstertes Laptopfach mit einem sicheren Riemen, um Ihr Ger\u00e4t w\u00e4hrend des Transports sicher und gesch\u00fctzt aufzubewahren. Dar\u00fcber hinaus verf\u00fcgt der Rucksack \u00fcber ein spezielles CCW-Fach mit einer Schlaufenplatte zum Anbringen von Holstern oder Zubeh\u00f6r, wodurch er sich ideal zum verdeckten Tragen eignet.<\/p>\n<p>F\u00fcr zus\u00e4tzlichen Komfort und Bequemlichkeit ist der Rucksack mit verstellbaren Schultergurten, einem Brustgurt und einem gepolsterten R\u00fcckenteil mit Luftkan\u00e4len ausgestattet, um die Luftzirkulation zu f\u00f6rdern und Erm\u00fcdungserscheinungen bei l\u00e4ngerem Tragen zu reduzieren. Mit den externen Kompressionsriemen k\u00f6nnen Sie das Volumen des Rucksacks anpassen und sperrige Gegenst\u00e4nde sichern, w\u00e4hrend das MOLLE-Gurtband zus\u00e4tzliche Befestigungspunkte f\u00fcr Ausr\u00fcstung und Zubeh\u00f6r bietet.<\/p>\n<p>Egal, ob Sie durch den Gro\u00dfstadtdschungel navigieren oder die Natur erkunden, der Pursuit Advance 2.0-Rucksack bietet die Haltbarkeit, Funktionalit\u00e4t und Vielseitigkeit, die Sie ben\u00f6tigen, um jedes Abenteuer mit Zuversicht anzugehen.<\/p>","protected":false},"excerpt":{"rendered":"<p>Der Pursuit Advance 2.0 von 5.11 Tactical ist ein vielseitiger und robuster Rucksack, der f\u00fcr Stadtpendler, Outdoor-Abenteurer und taktische Profis entwickelt wurde.<\/p>","protected":false},"featured_media":2115,"comment_status":"open","ping_status":"closed","template":"","meta":{"inline_featured_image":false},"product_brand":[],"product_cat":[57],"product_tag":[56,63],"class_list":{"0":"post-157","1":"product","2":"type-product","3":"status-publish","4":"has-post-thumbnail","6":"product_cat-hunting","7":"product_tag-healthy","8":"product_tag-organic","10":"first","11":"instock","12":"sale","13":"taxable","14":"shipping-taxable","15":"product-type-grouped"},"aioseo_notices":[],"jetpack_sharing_enabled":true,"_links":{"self":[{"href":"https:\/\/wildgear.itc-gmbh.shop\/en\/wp-json\/wp\/v2\/product\/157","targetHints":{"allow":["GET"]}}],"collection":[{"href":"https:\/\/wildgear.itc-gmbh.shop\/en\/wp-json\/wp\/v2\/product"}],"about":[{"href":"https:\/\/wildgear.itc-gmbh.shop\/en\/wp-json\/wp\/v2\/types\/product"}],"replies":[{"embeddable":true,"href":"https:\/\/wildgear.itc-gmbh.shop\/en\/wp-json\/wp\/v2\/comments?post=157"}],"wp:featuredmedia":[{"embeddable":true,"href":"https:\/\/wildgear.itc-gmbh.shop\/en\/wp-json\/wp\/v2\/media\/2115"}],"wp:attachment":[{"href":"https:\/\/wildgear.itc-gmbh.shop\/en\/wp-json\/wp\/v2\/media?parent=157"}],"wp:term":[{"taxonomy":"product_brand","embeddable":true,"href":"https:\/\/wildgear.itc-gmbh.shop\/en\/wp-json\/wp\/v2\/product_brand?post=157"},{"taxonomy":"product_cat","embeddable":true,"href":"https:\/\/wildgear.itc-gmbh.shop\/en\/wp-json\/wp\/v2\/product_cat?post=157"},{"taxonomy":"product_tag","embeddable":true,"href":"https:\/\/wildgear.itc-gmbh.shop\/en\/wp-json\/wp\/v2\/product_tag?post=157"}],"curies":[{"name":"wp","href":"https:\/\/api.w.org\/{rel}","templated":true}]}}