{"id":15842,"date":"2024-10-01T00:00:49","date_gmt":"2024-10-01T00:00:49","guid":{"rendered":"https:\/\/outdoor.itc-gmbh.shop\/product\/hut-columbia-whirlibird-einheitsgroesse-gelb\/"},"modified":"2024-10-01T00:00:49","modified_gmt":"2024-10-01T00:00:49","slug":"hut-columbia-whirlibird-einheitsgroesse-gelb","status":"publish","type":"product","link":"https:\/\/wildgear.itc-gmbh.shop\/en\/product\/hut-columbia-whirlibird-einheitsgroesse-gelb\/","title":{"rendered":"Hut Columbia Whirlibird Einheitsgr\u00f6\u00dfe Gelb"},"content":{"rendered":"<p>If you would like to renew your closet, we recommend <b>Hut Columbia Whirlibird Einheitsgr\u00f6\u00dfe Gelb<\/b> and more <b> Products from Columbia<\/b>! Now for you the best quality at the best price!<\/p>\n<ul>\n<li>Color: Yellow<\/li>\n<li>Size: One size<\/li>\n<li>Gender:\n<ul>\n<li>Unisex<\/li>\n<li>Unisex adults<\/li>\n<\/ul>\n<\/li>\n<li>Recommended age: Adults<\/li>\n<\/ul>","protected":false},"excerpt":{"rendered":"<p>Wenn Sie Ihren Kleiderschrank erneuern m\u00f6chten, empfehlen wir Ihnen Hut Columbia Whirlibird Einheitsgr\u00f6\u00dfe Gelb und weitere Produkte von Columbia! Jetzt f\u00fcr Sie die beste Qualit\u00e4t zum besten Preis! Farbe: Gelb Gr\u00f6\u00dfe: Einheitsgr\u00f6\u00dfe Geschlecht: Unisex Unisex-Erwachsene Empfohlenes Alter: Erwachsene<\/p>","protected":false},"featured_media":15841,"comment_status":"open","ping_status":"closed","template":"","meta":{"inline_featured_image":false},"product_brand":[],"product_cat":[234,181,180],"product_tag":[213,178,222],"class_list":{"0":"post-15842","1":"product","2":"type-product","3":"status-publish","4":"has-post-thumbnail","6":"product_cat-bergkleidung","7":"product_cat-camping-und-berge","8":"product_cat-sport-freizeit","9":"product_tag-tag_69","10":"product_tag-tag_17","11":"product_tag-tag_587","13":"first","14":"instock","15":"taxable","16":"shipping-taxable","17":"purchasable","18":"product-type-simple"},"aioseo_notices":[],"jetpack_sharing_enabled":true,"_links":{"self":[{"href":"https:\/\/wildgear.itc-gmbh.shop\/en\/wp-json\/wp\/v2\/product\/15842","targetHints":{"allow":["GET"]}}],"collection":[{"href":"https:\/\/wildgear.itc-gmbh.shop\/en\/wp-json\/wp\/v2\/product"}],"about":[{"href":"https:\/\/wildgear.itc-gmbh.shop\/en\/wp-json\/wp\/v2\/types\/product"}],"replies":[{"embeddable":true,"href":"https:\/\/wildgear.itc-gmbh.shop\/en\/wp-json\/wp\/v2\/comments?post=15842"}],"wp:featuredmedia":[{"embeddable":true,"href":"https:\/\/wildgear.itc-gmbh.shop\/en\/wp-json\/wp\/v2\/media\/15841"}],"wp:attachment":[{"href":"https:\/\/wildgear.itc-gmbh.shop\/en\/wp-json\/wp\/v2\/media?parent=15842"}],"wp:term":[{"taxonomy":"product_brand","embeddable":true,"href":"https:\/\/wildgear.itc-gmbh.shop\/en\/wp-json\/wp\/v2\/product_brand?post=15842"},{"taxonomy":"product_cat","embeddable":true,"href":"https:\/\/wildgear.itc-gmbh.shop\/en\/wp-json\/wp\/v2\/product_cat?post=15842"},{"taxonomy":"product_tag","embeddable":true,"href":"https:\/\/wildgear.itc-gmbh.shop\/en\/wp-json\/wp\/v2\/product_tag?post=15842"}],"curies":[{"name":"wp","href":"https:\/\/api.w.org\/{rel}","templated":true}]}}