{"id":15990,"date":"2024-10-02T00:02:37","date_gmt":"2024-10-02T00:02:37","guid":{"rendered":"https:\/\/outdoor.itc-gmbh.shop\/product\/rucksack-berghaus-remote-hike-35-rot\/"},"modified":"2024-10-02T00:02:37","modified_gmt":"2024-10-02T00:02:37","slug":"rucksack-berghaus-remote-hike-35-rot","status":"publish","type":"product","link":"https:\/\/wildgear.itc-gmbh.shop\/en\/product\/rucksack-berghaus-remote-hike-35-rot\/","title":{"rendered":"Rucksack Berghaus Remote Hike 35 Rot"},"content":{"rendered":"<p>If you would like to renew your closet, we recommend <b>Rucksack Berghaus Remote Hike 35 Rot<\/b> and more <b> Produkte von Berghaus<\/b>! Now for you the best quality at the best price!<\/p>\n<ul>\n<li>Art: Rucksack<\/li>\n<li>Kapazit\u00e4t: 35 L<\/li>\n<li>Color: Red<\/li>\n<li>Gender: Unisex<\/li>\n<li>Recommended age: Adults<\/li>\n<li>Size: One size<\/li>\n<\/ul>","protected":false},"excerpt":{"rendered":"<p>Wenn Sie Ihren Kleiderschrank erneuern m\u00f6chten, empfehlen wir Ihnen Rucksack Berghaus Remote Hike 35 Rot und weitere Produkte von Berghaus! Jetzt f\u00fcr Sie die beste Qualit\u00e4t zum besten Preis! Art: Rucksack Kapazit\u00e4t: 35 L Farbe: Rot Geschlecht: Unisex Empfohlenes Alter: Erwachsene Gr\u00f6\u00dfe: Einheitsgr\u00f6\u00dfe<\/p>","protected":false},"featured_media":15978,"comment_status":"open","ping_status":"closed","template":"","meta":{"inline_featured_image":false},"product_brand":[],"product_cat":[181,205,180],"product_tag":[177,178],"class_list":{"0":"post-15990","1":"product","2":"type-product","3":"status-publish","4":"has-post-thumbnail","6":"product_cat-camping-und-berge","7":"product_cat-rucksacke-und-taschen","8":"product_cat-sport-freizeit","9":"product_tag-tag_3","10":"product_tag-tag_17","12":"first","13":"instock","14":"taxable","15":"shipping-taxable","16":"purchasable","17":"product-type-simple"},"aioseo_notices":[],"jetpack_sharing_enabled":true,"_links":{"self":[{"href":"https:\/\/wildgear.itc-gmbh.shop\/en\/wp-json\/wp\/v2\/product\/15990","targetHints":{"allow":["GET"]}}],"collection":[{"href":"https:\/\/wildgear.itc-gmbh.shop\/en\/wp-json\/wp\/v2\/product"}],"about":[{"href":"https:\/\/wildgear.itc-gmbh.shop\/en\/wp-json\/wp\/v2\/types\/product"}],"replies":[{"embeddable":true,"href":"https:\/\/wildgear.itc-gmbh.shop\/en\/wp-json\/wp\/v2\/comments?post=15990"}],"wp:featuredmedia":[{"embeddable":true,"href":"https:\/\/wildgear.itc-gmbh.shop\/en\/wp-json\/wp\/v2\/media\/15978"}],"wp:attachment":[{"href":"https:\/\/wildgear.itc-gmbh.shop\/en\/wp-json\/wp\/v2\/media?parent=15990"}],"wp:term":[{"taxonomy":"product_brand","embeddable":true,"href":"https:\/\/wildgear.itc-gmbh.shop\/en\/wp-json\/wp\/v2\/product_brand?post=15990"},{"taxonomy":"product_cat","embeddable":true,"href":"https:\/\/wildgear.itc-gmbh.shop\/en\/wp-json\/wp\/v2\/product_cat?post=15990"},{"taxonomy":"product_tag","embeddable":true,"href":"https:\/\/wildgear.itc-gmbh.shop\/en\/wp-json\/wp\/v2\/product_tag?post=15990"}],"curies":[{"name":"wp","href":"https:\/\/api.w.org\/{rel}","templated":true}]}}