{"id":16014,"date":"2024-10-02T00:03:03","date_gmt":"2024-10-02T00:03:03","guid":{"rendered":"https:\/\/outdoor.itc-gmbh.shop\/product\/hut-the-north-face-cable-minna-schwarz-einheitsgroesse\/"},"modified":"2024-10-02T00:03:03","modified_gmt":"2024-10-02T00:03:03","slug":"hut-the-north-face-cable-minna-schwarz-einheitsgroesse","status":"publish","type":"product","link":"https:\/\/wildgear.itc-gmbh.shop\/en\/product\/hut-the-north-face-cable-minna-schwarz-einheitsgroesse\/","title":{"rendered":"Hut The North Face Cable Minna Schwarz Einheitsgr\u00f6\u00dfe"},"content":{"rendered":"<p>If you would like to renew your closet, we recommend <b>Hut The North Face Cable Minna Schwarz Einheitsgr\u00f6\u00dfe<\/b> and more <b> Produkte von The North Face<\/b>! Now for you the best quality at the best price!<\/p>\n<ul>\n<li>Color: Black<\/li>\n<li>Type: Hat<\/li>\n<li>Gender: Ladies<\/li>\n<li>Recommended age: Adults<\/li>\n<li>Size: One size<\/li>\n<\/ul>","protected":false},"excerpt":{"rendered":"<p>Wenn Sie Ihren Kleiderschrank erneuern m\u00f6chten, empfehlen wir Ihnen Hut The North Face Cable Minna Schwarz Einheitsgr\u00f6\u00dfe und weitere Produkte von The North Face! Jetzt f\u00fcr Sie die beste Qualit\u00e4t zum besten Preis! Farbe: Schwarz Art: Hut Geschlecht: Damen Empfohlenes Alter: Erwachsene Gr\u00f6\u00dfe: Einheitsgr\u00f6\u00dfe<\/p>","protected":false},"featured_media":16011,"comment_status":"open","ping_status":"closed","template":"","meta":{"inline_featured_image":false},"product_brand":[],"product_cat":[234,181,180],"product_tag":[213,178,222],"class_list":{"0":"post-16014","1":"product","2":"type-product","3":"status-publish","4":"has-post-thumbnail","6":"product_cat-bergkleidung","7":"product_cat-camping-und-berge","8":"product_cat-sport-freizeit","9":"product_tag-tag_69","10":"product_tag-tag_17","11":"product_tag-tag_587","13":"first","14":"instock","15":"taxable","16":"shipping-taxable","17":"purchasable","18":"product-type-simple"},"aioseo_notices":[],"jetpack_sharing_enabled":true,"_links":{"self":[{"href":"https:\/\/wildgear.itc-gmbh.shop\/en\/wp-json\/wp\/v2\/product\/16014","targetHints":{"allow":["GET"]}}],"collection":[{"href":"https:\/\/wildgear.itc-gmbh.shop\/en\/wp-json\/wp\/v2\/product"}],"about":[{"href":"https:\/\/wildgear.itc-gmbh.shop\/en\/wp-json\/wp\/v2\/types\/product"}],"replies":[{"embeddable":true,"href":"https:\/\/wildgear.itc-gmbh.shop\/en\/wp-json\/wp\/v2\/comments?post=16014"}],"wp:featuredmedia":[{"embeddable":true,"href":"https:\/\/wildgear.itc-gmbh.shop\/en\/wp-json\/wp\/v2\/media\/16011"}],"wp:attachment":[{"href":"https:\/\/wildgear.itc-gmbh.shop\/en\/wp-json\/wp\/v2\/media?parent=16014"}],"wp:term":[{"taxonomy":"product_brand","embeddable":true,"href":"https:\/\/wildgear.itc-gmbh.shop\/en\/wp-json\/wp\/v2\/product_brand?post=16014"},{"taxonomy":"product_cat","embeddable":true,"href":"https:\/\/wildgear.itc-gmbh.shop\/en\/wp-json\/wp\/v2\/product_cat?post=16014"},{"taxonomy":"product_tag","embeddable":true,"href":"https:\/\/wildgear.itc-gmbh.shop\/en\/wp-json\/wp\/v2\/product_tag?post=16014"}],"curies":[{"name":"wp","href":"https:\/\/api.w.org\/{rel}","templated":true}]}}