{"id":16104,"date":"2024-10-02T00:05:11","date_gmt":"2024-10-02T00:05:11","guid":{"rendered":"https:\/\/outdoor.itc-gmbh.shop\/product\/bergrucksack-ferrino-finisterre-38-dunkelgrau\/"},"modified":"2024-10-02T00:05:11","modified_gmt":"2024-10-02T00:05:11","slug":"bergrucksack-ferrino-finisterre-38-dunkelgrau","status":"publish","type":"product","link":"https:\/\/wildgear.itc-gmbh.shop\/en\/product\/bergrucksack-ferrino-finisterre-38-dunkelgrau\/","title":{"rendered":"Bergrucksack Ferrino Finisterre 38 Dunkelgrau"},"content":{"rendered":"<p>If you would like to renew your closet, we recommend <b>Bergrucksack Ferrino Finisterre 38 Dunkelgrau<\/b> and more <b> Produkte von Ferrino<\/b>! Now for you the best quality at the best price!<\/p>\n<ul>\n<li>Art: Bergrucksack<\/li>\n<li>Color: Dark grey<\/li>\n<li>Gender: Unisex<\/li>\n<li>Recommended age: Adults<\/li>\n<li>Size: One size<\/li>\n<li>Material: Polyester<\/li>\n<\/ul>","protected":false},"excerpt":{"rendered":"<p>Wenn Sie Ihren Kleiderschrank erneuern m\u00f6chten, empfehlen wir Ihnen Bergrucksack Ferrino Finisterre 38 Dunkelgrau und weitere Produkte von Ferrino! Jetzt f\u00fcr Sie die beste Qualit\u00e4t zum besten Preis! Art: Bergrucksack Farbe: Dunkelgrau Geschlecht: Unisex Empfohlenes Alter: Erwachsene Gr\u00f6\u00dfe: Einheitsgr\u00f6\u00dfe Material: Polyester<\/p>","protected":false},"featured_media":16101,"comment_status":"open","ping_status":"closed","template":"","meta":{"inline_featured_image":false},"product_brand":[],"product_cat":[181,205,180],"product_tag":[177,178],"class_list":{"0":"post-16104","1":"product","2":"type-product","3":"status-publish","4":"has-post-thumbnail","6":"product_cat-camping-und-berge","7":"product_cat-rucksacke-und-taschen","8":"product_cat-sport-freizeit","9":"product_tag-tag_3","10":"product_tag-tag_17","12":"first","13":"outofstock","14":"taxable","15":"shipping-taxable","16":"purchasable","17":"product-type-simple"},"aioseo_notices":[],"jetpack_sharing_enabled":true,"_links":{"self":[{"href":"https:\/\/wildgear.itc-gmbh.shop\/en\/wp-json\/wp\/v2\/product\/16104","targetHints":{"allow":["GET"]}}],"collection":[{"href":"https:\/\/wildgear.itc-gmbh.shop\/en\/wp-json\/wp\/v2\/product"}],"about":[{"href":"https:\/\/wildgear.itc-gmbh.shop\/en\/wp-json\/wp\/v2\/types\/product"}],"replies":[{"embeddable":true,"href":"https:\/\/wildgear.itc-gmbh.shop\/en\/wp-json\/wp\/v2\/comments?post=16104"}],"wp:featuredmedia":[{"embeddable":true,"href":"https:\/\/wildgear.itc-gmbh.shop\/en\/wp-json\/wp\/v2\/media\/16101"}],"wp:attachment":[{"href":"https:\/\/wildgear.itc-gmbh.shop\/en\/wp-json\/wp\/v2\/media?parent=16104"}],"wp:term":[{"taxonomy":"product_brand","embeddable":true,"href":"https:\/\/wildgear.itc-gmbh.shop\/en\/wp-json\/wp\/v2\/product_brand?post=16104"},{"taxonomy":"product_cat","embeddable":true,"href":"https:\/\/wildgear.itc-gmbh.shop\/en\/wp-json\/wp\/v2\/product_cat?post=16104"},{"taxonomy":"product_tag","embeddable":true,"href":"https:\/\/wildgear.itc-gmbh.shop\/en\/wp-json\/wp\/v2\/product_tag?post=16104"}],"curies":[{"name":"wp","href":"https:\/\/api.w.org\/{rel}","templated":true}]}}