{"id":162,"date":"2020-08-31T09:40:48","date_gmt":"2020-08-31T09:40:48","guid":{"rendered":"http:\/\/source.wpopal.com\/huntor\/product\/rapid-sling-pack-10l\/"},"modified":"2024-04-08T09:10:21","modified_gmt":"2024-04-08T09:10:21","slug":"rapid-sling-pack-10l","status":"publish","type":"product","link":"https:\/\/wildgear.itc-gmbh.shop\/en\/product\/rapid-sling-pack-10l\/","title":{"rendered":"Rapid Sling Pack 10L"},"content":{"rendered":"<p>Der Rapid Sling Pack 10L von 5.11 Tactical ist ein vielseitiger und kompakter Rucksack, der f\u00fcr den t\u00e4glichen Transport und Outdoor-Abenteuer entwickelt wurde.<\/p>\n<p>Mit seinem stromlinienf\u00f6rmigen Design und einem Fassungsverm\u00f6gen von 10 Litern bietet dieser Sling-Rucksack reichlich Stauraum f\u00fcr das N\u00f6tigste und bleibt dabei leicht und einfach zu tragen. Das Hauptfach verf\u00fcgt \u00fcber mehrere Taschen und Organizer, sodass Sie Ihre Ausr\u00fcstung organisiert und leicht zug\u00e4nglich aufbewahren k\u00f6nnen. Dar\u00fcber hinaus verf\u00fcgt der Rucksack \u00fcber eine spezielle Trinktasche, sodass er mit den meisten Trinksystemen f\u00fcr die Fl\u00fcssigkeitszufuhr unterwegs kompatibel ist.<\/p>\n<p>Der Rapid Sling Pack besteht aus langlebigen und wetterbest\u00e4ndigen Materialien und ist so konzipiert, dass er den Anforderungen des t\u00e4glichen Gebrauchs und von Outdoor-Ausfl\u00fcgen standh\u00e4lt. Sein robustes Design sorgt daf\u00fcr, dass Ihre Ausr\u00fcstung in jeder Umgebung gesch\u00fctzt und sicher bleibt.<\/p>\n<p>Das beidh\u00e4ndige Design des Rucksacks erm\u00f6glicht einen schnellen und einfachen Zugriff auf Ihre Ausr\u00fcstung und ist somit ideal f\u00fcr Links- und Rechtsh\u00e4nder. Der verstellbare Schultergurt und das gepolsterte R\u00fcckenteil sorgen f\u00fcr zus\u00e4tzlichen Komfort bei l\u00e4ngerem Tragen, w\u00e4hrend der Stabilisierungsgurt unterwegs f\u00fcr einen sicheren Sitz sorgt.<\/p>\n<p>Egal, ob Sie zur Arbeit pendeln, auf Wanderwegen wandern oder die Stra\u00dfen der Stadt erkunden, der Rapid Sling Pack 10L bietet die Vielseitigkeit, Haltbarkeit und Funktionalit\u00e4t, die Sie brauchen, um organisiert und auf alles vorbereitet zu bleiben, was der Tag bringt.<\/p>","protected":false},"excerpt":{"rendered":"<p>Der Rapid Sling Pack besteht aus langlebigen und wetterbest\u00e4ndigen Materialien und ist so konzipiert, dass er den Anforderungen des t\u00e4glichen Gebrauchs und von Outdoor-Ausfl\u00fcgen standh\u00e4lt. Sein robustes Design sorgt daf\u00fcr, dass Ihre Ausr\u00fcstung in jeder Umgebung gesch\u00fctzt und sicher bleibt.<\/p>","protected":false},"featured_media":2077,"comment_status":"open","ping_status":"closed","template":"","meta":{"inline_featured_image":false},"product_brand":[],"product_cat":[57],"product_tag":[62,63],"class_list":{"0":"post-162","1":"product","2":"type-product","3":"status-publish","4":"has-post-thumbnail","6":"product_cat-hunting","7":"product_tag-natural","8":"product_tag-organic","10":"first","11":"instock","12":"sale","13":"featured","14":"taxable","15":"shipping-taxable","16":"purchasable","17":"product-type-simple"},"aioseo_notices":[],"jetpack_sharing_enabled":true,"_links":{"self":[{"href":"https:\/\/wildgear.itc-gmbh.shop\/en\/wp-json\/wp\/v2\/product\/162","targetHints":{"allow":["GET"]}}],"collection":[{"href":"https:\/\/wildgear.itc-gmbh.shop\/en\/wp-json\/wp\/v2\/product"}],"about":[{"href":"https:\/\/wildgear.itc-gmbh.shop\/en\/wp-json\/wp\/v2\/types\/product"}],"replies":[{"embeddable":true,"href":"https:\/\/wildgear.itc-gmbh.shop\/en\/wp-json\/wp\/v2\/comments?post=162"}],"wp:featuredmedia":[{"embeddable":true,"href":"https:\/\/wildgear.itc-gmbh.shop\/en\/wp-json\/wp\/v2\/media\/2077"}],"wp:attachment":[{"href":"https:\/\/wildgear.itc-gmbh.shop\/en\/wp-json\/wp\/v2\/media?parent=162"}],"wp:term":[{"taxonomy":"product_brand","embeddable":true,"href":"https:\/\/wildgear.itc-gmbh.shop\/en\/wp-json\/wp\/v2\/product_brand?post=162"},{"taxonomy":"product_cat","embeddable":true,"href":"https:\/\/wildgear.itc-gmbh.shop\/en\/wp-json\/wp\/v2\/product_cat?post=162"},{"taxonomy":"product_tag","embeddable":true,"href":"https:\/\/wildgear.itc-gmbh.shop\/en\/wp-json\/wp\/v2\/product_tag?post=162"}],"curies":[{"name":"wp","href":"https:\/\/api.w.org\/{rel}","templated":true}]}}