{"id":2562,"date":"2024-05-27T00:04:58","date_gmt":"2024-05-27T00:04:58","guid":{"rendered":"https:\/\/outdoor.itc-gmbh.shop\/product\/schwenksitz-trigano-418\/"},"modified":"2024-05-27T00:04:59","modified_gmt":"2024-05-27T00:04:59","slug":"schwenksitz-trigano-418","status":"publish","type":"product","link":"https:\/\/wildgear.itc-gmbh.shop\/en\/product\/schwenksitz-trigano-418\/","title":{"rendered":"Swivel seat Trigano 418"},"content":{"rendered":"<p>We only want the best for our children, which is why we would like to offer you <b>Swivel seat Trigano 418<\/b> perfect for anyone looking for high-quality products for their little ones. Buy now <b>Trigano<\/b> at the best prices!<\/p>\n<ul>\n<li>Recommended age:\n<ul>\n<li>+ 3 years<\/li>\n<li>For children<\/li>\n<\/ul>\n<\/li>\n<li>Type: For children<\/li>\n<li>Features: individual<\/li>\n<li>Country\/region of manufacture: China<\/li>\n<li>Color: Brown<\/li>\n<li>Suitable for: Outdoor use<\/li>\n<li>Sprache: Mehrsprachig<\/li>\n<li>Sprache packaging: Mehrsprachig<\/li>\n<li>Zertifikat: CE<\/li>\n<\/ul>","protected":false},"excerpt":{"rendered":"<p>F\u00fcr unsere Kinder m\u00f6chten wir nur das Beste, und deshalb m\u00f6chten wir Ihnen Schwenksitz Trigano 418 vorstellen, perfekt f\u00fcr alle, die qualitativ hochwertige Produkte f\u00fcr die Kleinsten suchen. Kaufen Sie Trigano zu den besten Preisen! Empfohlenes Alter: + 3 jahre F\u00fcr Kinder Art: F\u00fcr Kinder Merkmale: individuell Land\/Region der Herstellung: China Farbe: Braun Geeignet f\u00fcr: &hellip; <\/p>\n<p class=\"more-link-wrap\"><a href=\"https:\/\/wildgear.itc-gmbh.shop\/en\/product\/schwenksitz-trigano-418\/\" class=\"more-link\"><span>Read More<span class=\"screen-reader-text\"> &#8220;Schwenksitz Trigano 418&#8221;<\/span><\/span><\/a><\/p>","protected":false},"featured_media":2561,"comment_status":"open","ping_status":"closed","template":"","meta":{"inline_featured_image":false},"product_brand":[],"product_cat":[211,180],"product_tag":[207,188,209,177,187,208],"class_list":{"0":"post-2562","1":"product","2":"type-product","3":"status-publish","4":"has-post-thumbnail","6":"product_cat-outdoor-aktivitaten","7":"product_cat-sport-freizeit","8":"product_tag-tag_30","9":"product_tag-tag_1304","10":"product_tag-tag_768","11":"product_tag-tag_3","12":"product_tag-tag_124","13":"product_tag-tag_650","15":"first","16":"outofstock","17":"taxable","18":"shipping-taxable","19":"purchasable","20":"product-type-simple"},"aioseo_notices":[],"jetpack_sharing_enabled":true,"_links":{"self":[{"href":"https:\/\/wildgear.itc-gmbh.shop\/en\/wp-json\/wp\/v2\/product\/2562","targetHints":{"allow":["GET"]}}],"collection":[{"href":"https:\/\/wildgear.itc-gmbh.shop\/en\/wp-json\/wp\/v2\/product"}],"about":[{"href":"https:\/\/wildgear.itc-gmbh.shop\/en\/wp-json\/wp\/v2\/types\/product"}],"replies":[{"embeddable":true,"href":"https:\/\/wildgear.itc-gmbh.shop\/en\/wp-json\/wp\/v2\/comments?post=2562"}],"wp:featuredmedia":[{"embeddable":true,"href":"https:\/\/wildgear.itc-gmbh.shop\/en\/wp-json\/wp\/v2\/media\/2561"}],"wp:attachment":[{"href":"https:\/\/wildgear.itc-gmbh.shop\/en\/wp-json\/wp\/v2\/media?parent=2562"}],"wp:term":[{"taxonomy":"product_brand","embeddable":true,"href":"https:\/\/wildgear.itc-gmbh.shop\/en\/wp-json\/wp\/v2\/product_brand?post=2562"},{"taxonomy":"product_cat","embeddable":true,"href":"https:\/\/wildgear.itc-gmbh.shop\/en\/wp-json\/wp\/v2\/product_cat?post=2562"},{"taxonomy":"product_tag","embeddable":true,"href":"https:\/\/wildgear.itc-gmbh.shop\/en\/wp-json\/wp\/v2\/product_tag?post=2562"}],"curies":[{"name":"wp","href":"https:\/\/api.w.org\/{rel}","templated":true}]}}