{"id":2697,"date":"2024-05-27T00:09:11","date_gmt":"2024-05-27T00:09:11","guid":{"rendered":"https:\/\/outdoor.itc-gmbh.shop\/product\/matte-kandbase-blau-weiss\/"},"modified":"2024-05-27T00:09:14","modified_gmt":"2024-05-27T00:09:14","slug":"matte-kandbase-blau-weiss","status":"publish","type":"product","link":"https:\/\/wildgear.itc-gmbh.shop\/en\/product\/matte-kandbase-blau-weiss\/","title":{"rendered":"Matte Kandbase Blau Wei\u00df"},"content":{"rendered":"<p>Stay in shape and discover the latest innovations in the sector to practice sport in the best conditions! Buy <b>Matte Kandbase Blau Wei\u00df<\/b> at the best price and enjoy a healthy life!<\/p>\n<ul>\n<li>Art: Teppich<\/li>\n<li>Color:\n<ul>\n<li>Blue<\/li>\n<li>White<\/li>\n<\/ul>\n<\/li>\n<li>Design: Berg<\/li>\n<li>Land\/Region der Herstellung: Frankreich<\/li>\n<\/ul>","protected":false},"excerpt":{"rendered":"<p>Bleiben Sie in Form und entdecken Sie die neuesten Innovationen der Branche, um mit den besten Voraussetzungen Sport zu betreiben! Kaufen Sie Matte Kandbase Blau Wei\u00df zum besten Preis und genie\u00dfen Sie ein gesundes Leben! Art: Teppich Farbe: Blau Wei\u00df Design: Berg Land\/Region der Herstellung: Frankreich<\/p>","protected":false},"featured_media":2696,"comment_status":"open","ping_status":"closed","template":"","meta":{"inline_featured_image":false},"product_brand":[],"product_cat":[181,233,180],"product_tag":[188,177,178],"class_list":{"0":"post-2697","1":"product","2":"type-product","3":"status-publish","4":"has-post-thumbnail","6":"product_cat-camping-und-berge","7":"product_cat-schlafsacke","8":"product_cat-sport-freizeit","9":"product_tag-tag_1304","10":"product_tag-tag_3","11":"product_tag-tag_17","13":"first","14":"instock","15":"taxable","16":"shipping-taxable","17":"purchasable","18":"product-type-simple"},"aioseo_notices":[],"jetpack_sharing_enabled":true,"_links":{"self":[{"href":"https:\/\/wildgear.itc-gmbh.shop\/en\/wp-json\/wp\/v2\/product\/2697","targetHints":{"allow":["GET"]}}],"collection":[{"href":"https:\/\/wildgear.itc-gmbh.shop\/en\/wp-json\/wp\/v2\/product"}],"about":[{"href":"https:\/\/wildgear.itc-gmbh.shop\/en\/wp-json\/wp\/v2\/types\/product"}],"replies":[{"embeddable":true,"href":"https:\/\/wildgear.itc-gmbh.shop\/en\/wp-json\/wp\/v2\/comments?post=2697"}],"wp:featuredmedia":[{"embeddable":true,"href":"https:\/\/wildgear.itc-gmbh.shop\/en\/wp-json\/wp\/v2\/media\/2696"}],"wp:attachment":[{"href":"https:\/\/wildgear.itc-gmbh.shop\/en\/wp-json\/wp\/v2\/media?parent=2697"}],"wp:term":[{"taxonomy":"product_brand","embeddable":true,"href":"https:\/\/wildgear.itc-gmbh.shop\/en\/wp-json\/wp\/v2\/product_brand?post=2697"},{"taxonomy":"product_cat","embeddable":true,"href":"https:\/\/wildgear.itc-gmbh.shop\/en\/wp-json\/wp\/v2\/product_cat?post=2697"},{"taxonomy":"product_tag","embeddable":true,"href":"https:\/\/wildgear.itc-gmbh.shop\/en\/wp-json\/wp\/v2\/product_tag?post=2697"}],"curies":[{"name":"wp","href":"https:\/\/api.w.org\/{rel}","templated":true}]}}