{"id":2769,"date":"2024-05-27T00:11:31","date_gmt":"2024-05-27T00:11:31","guid":{"rendered":"https:\/\/outdoor.itc-gmbh.shop\/product\/fleece-joluvi-surprise-fuer-kinder\/"},"modified":"2024-05-27T03:57:40","modified_gmt":"2024-05-27T03:57:40","slug":"fleece-joluvi-surprise-fuer-kinder","status":"publish","type":"product","link":"https:\/\/wildgear.itc-gmbh.shop\/en\/product\/fleece-joluvi-surprise-fuer-kinder\/","title":{"rendered":"Fleece Joluvi Surprise F\u00fcr Kinder"},"content":{"rendered":"<p>Stay in shape and discover the latest innovations in the sector to practice sport in the best conditions! Buy <b>Fleece Joluvi Surprise F\u00fcr Kinder<\/b> at the best price and enjoy a healthy life!<\/p>\n<ul>\n<li>Gender:\n<ul>\n<li>Unisex<\/li>\n<li>For children<\/li>\n<\/ul>\n<\/li>\n<li>Farbe: Dunkelblau<\/li>\n<li>Art: Berg<\/li>\n<\/ul>","protected":false},"excerpt":{"rendered":"<p>Bleiben Sie in Form und entdecken Sie die neuesten Innovationen der Branche, um mit den besten Voraussetzungen Sport zu betreiben! Kaufen Sie Fleece Joluvi Surprise F\u00fcr Kinder zum besten Preis und genie\u00dfen Sie ein gesundes Leben! Geschlecht: Unisex F\u00fcr Kinder Farbe: Dunkelblau Art: Berg<\/p>","protected":false},"featured_media":2768,"comment_status":"open","ping_status":"closed","template":"","meta":{"inline_featured_image":false},"product_brand":[],"product_cat":[234,181,180],"product_tag":[177,178],"class_list":{"0":"post-2769","1":"product","2":"type-product","3":"status-publish","4":"has-post-thumbnail","6":"product_cat-bergkleidung","7":"product_cat-camping-und-berge","8":"product_cat-sport-freizeit","9":"product_tag-tag_3","10":"product_tag-tag_17","12":"first","13":"instock","14":"taxable","15":"shipping-taxable","16":"purchasable","17":"product-type-variable"},"aioseo_notices":[],"jetpack_sharing_enabled":true,"_links":{"self":[{"href":"https:\/\/wildgear.itc-gmbh.shop\/en\/wp-json\/wp\/v2\/product\/2769","targetHints":{"allow":["GET"]}}],"collection":[{"href":"https:\/\/wildgear.itc-gmbh.shop\/en\/wp-json\/wp\/v2\/product"}],"about":[{"href":"https:\/\/wildgear.itc-gmbh.shop\/en\/wp-json\/wp\/v2\/types\/product"}],"replies":[{"embeddable":true,"href":"https:\/\/wildgear.itc-gmbh.shop\/en\/wp-json\/wp\/v2\/comments?post=2769"}],"wp:featuredmedia":[{"embeddable":true,"href":"https:\/\/wildgear.itc-gmbh.shop\/en\/wp-json\/wp\/v2\/media\/2768"}],"wp:attachment":[{"href":"https:\/\/wildgear.itc-gmbh.shop\/en\/wp-json\/wp\/v2\/media?parent=2769"}],"wp:term":[{"taxonomy":"product_brand","embeddable":true,"href":"https:\/\/wildgear.itc-gmbh.shop\/en\/wp-json\/wp\/v2\/product_brand?post=2769"},{"taxonomy":"product_cat","embeddable":true,"href":"https:\/\/wildgear.itc-gmbh.shop\/en\/wp-json\/wp\/v2\/product_cat?post=2769"},{"taxonomy":"product_tag","embeddable":true,"href":"https:\/\/wildgear.itc-gmbh.shop\/en\/wp-json\/wp\/v2\/product_tag?post=2769"}],"curies":[{"name":"wp","href":"https:\/\/api.w.org\/{rel}","templated":true}]}}