{"id":3146,"date":"2024-05-27T00:28:21","date_gmt":"2024-05-27T00:28:21","guid":{"rendered":"https:\/\/outdoor.itc-gmbh.shop\/product\/kinder-gummistiefel-minnie-mouse\/"},"modified":"2024-05-27T03:57:49","modified_gmt":"2024-05-27T03:57:49","slug":"kinder-gummistiefel-minnie-mouse","status":"publish","type":"product","link":"https:\/\/wildgear.itc-gmbh.shop\/en\/product\/kinder-gummistiefel-minnie-mouse\/","title":{"rendered":"Kinder Gummistiefel Minnie Mouse"},"content":{"rendered":"<p>For our children we would like to <b>Kinder Gummistiefel Minnie Mouse<\/b> perfect for anyone looking for high-quality products for their little ones. Buy now <b>Minnie Mouse<\/b> and other brands and licenses at the best prices!<\/p>\n<ul>\n<li>Color: Pink<\/li>\n<li>Material: PVC<\/li>\n<li>Art: Wasserstiefel<\/li>\n<li>Gender: For children<\/li>\n<li>Stil: Casual<\/li>\n<\/ul>","protected":false},"excerpt":{"rendered":"<p>F\u00fcr unsere Kinder m\u00f6chten wir Ihnen Kinder Gummistiefel Minnie Mouse vorstellen, perfekt f\u00fcr alle, die qualitativ hochwertige Produkte f\u00fcr die Kleinsten suchen. Kaufen Sie Minnie Mouse und weitere Marken und Lizenzen zu den besten Preisen! Farbe: Rosa Material: PVC Art: Wasserstiefel Geschlecht: F\u00fcr Kinder Stil: Casual<\/p>","protected":false},"featured_media":3145,"comment_status":"open","ping_status":"closed","template":"","meta":{"inline_featured_image":false},"product_brand":[],"product_cat":[234,181,180],"product_tag":[209,218,220],"class_list":{"0":"post-3146","1":"product","2":"type-product","3":"status-publish","4":"has-post-thumbnail","6":"product_cat-bergkleidung","7":"product_cat-camping-und-berge","8":"product_cat-sport-freizeit","9":"product_tag-tag_768","10":"product_tag-tag_36","11":"product_tag-tag_575","13":"first","14":"instock","15":"taxable","16":"shipping-taxable","17":"purchasable","18":"product-type-variable"},"aioseo_notices":[],"jetpack_sharing_enabled":true,"_links":{"self":[{"href":"https:\/\/wildgear.itc-gmbh.shop\/en\/wp-json\/wp\/v2\/product\/3146","targetHints":{"allow":["GET"]}}],"collection":[{"href":"https:\/\/wildgear.itc-gmbh.shop\/en\/wp-json\/wp\/v2\/product"}],"about":[{"href":"https:\/\/wildgear.itc-gmbh.shop\/en\/wp-json\/wp\/v2\/types\/product"}],"replies":[{"embeddable":true,"href":"https:\/\/wildgear.itc-gmbh.shop\/en\/wp-json\/wp\/v2\/comments?post=3146"}],"wp:featuredmedia":[{"embeddable":true,"href":"https:\/\/wildgear.itc-gmbh.shop\/en\/wp-json\/wp\/v2\/media\/3145"}],"wp:attachment":[{"href":"https:\/\/wildgear.itc-gmbh.shop\/en\/wp-json\/wp\/v2\/media?parent=3146"}],"wp:term":[{"taxonomy":"product_brand","embeddable":true,"href":"https:\/\/wildgear.itc-gmbh.shop\/en\/wp-json\/wp\/v2\/product_brand?post=3146"},{"taxonomy":"product_cat","embeddable":true,"href":"https:\/\/wildgear.itc-gmbh.shop\/en\/wp-json\/wp\/v2\/product_cat?post=3146"},{"taxonomy":"product_tag","embeddable":true,"href":"https:\/\/wildgear.itc-gmbh.shop\/en\/wp-json\/wp\/v2\/product_tag?post=3146"}],"curies":[{"name":"wp","href":"https:\/\/api.w.org\/{rel}","templated":true}]}}