{"id":3152,"date":"2024-05-27T00:28:39","date_gmt":"2024-05-27T00:28:39","guid":{"rendered":"https:\/\/outdoor.itc-gmbh.shop\/product\/kinder-gummistiefel-minnie-mouse-rot\/"},"modified":"2024-05-27T03:57:49","modified_gmt":"2024-05-27T03:57:49","slug":"kinder-gummistiefel-minnie-mouse-rot","status":"publish","type":"product","link":"https:\/\/wildgear.itc-gmbh.shop\/en\/product\/kinder-gummistiefel-minnie-mouse-rot\/","title":{"rendered":"Kinder Gummistiefel Minnie Mouse Rot"},"content":{"rendered":"<p>For our children we would like to <b>Kinder Gummistiefel Minnie Mouse Rot<\/b> perfect for anyone looking for high-quality products for their little ones. Buy now <b>Minnie Mouse<\/b> and other brands and licenses at the best prices!<\/p>\n<ul>\n<li>Art: Wasserstiefel<\/li>\n<li>Gender:\n<ul>\n<li>Unisex<\/li>\n<li>For children<\/li>\n<\/ul>\n<\/li>\n<li>Color: Red<\/li>\n<li>Material:\n<ul>\n<li>PVC<\/li>\n<li>100 % PVC<\/li>\n<\/ul>\n<\/li>\n<\/ul>","protected":false},"excerpt":{"rendered":"<p>F\u00fcr unsere Kinder m\u00f6chten wir Ihnen Kinder Gummistiefel Minnie Mouse Rot vorstellen, perfekt f\u00fcr alle, die qualitativ hochwertige Produkte f\u00fcr die Kleinsten suchen. Kaufen Sie Minnie Mouse und weitere Marken und Lizenzen zu den besten Preisen! Art: Wasserstiefel Geschlecht: Unisex F\u00fcr Kinder Farbe: Rot Material: PVC 100 % PVC<\/p>","protected":false},"featured_media":3151,"comment_status":"open","ping_status":"closed","template":"","meta":{"inline_featured_image":false},"product_brand":[],"product_cat":[234,181,180],"product_tag":[209,219,218,220,222],"class_list":{"0":"post-3152","1":"product","2":"type-product","3":"status-publish","4":"has-post-thumbnail","6":"product_cat-bergkleidung","7":"product_cat-camping-und-berge","8":"product_cat-sport-freizeit","9":"product_tag-tag_768","10":"product_tag-tag_664","11":"product_tag-tag_36","12":"product_tag-tag_575","13":"product_tag-tag_587","15":"first","16":"instock","17":"taxable","18":"shipping-taxable","19":"purchasable","20":"product-type-variable"},"aioseo_notices":[],"jetpack_sharing_enabled":true,"_links":{"self":[{"href":"https:\/\/wildgear.itc-gmbh.shop\/en\/wp-json\/wp\/v2\/product\/3152","targetHints":{"allow":["GET"]}}],"collection":[{"href":"https:\/\/wildgear.itc-gmbh.shop\/en\/wp-json\/wp\/v2\/product"}],"about":[{"href":"https:\/\/wildgear.itc-gmbh.shop\/en\/wp-json\/wp\/v2\/types\/product"}],"replies":[{"embeddable":true,"href":"https:\/\/wildgear.itc-gmbh.shop\/en\/wp-json\/wp\/v2\/comments?post=3152"}],"wp:featuredmedia":[{"embeddable":true,"href":"https:\/\/wildgear.itc-gmbh.shop\/en\/wp-json\/wp\/v2\/media\/3151"}],"wp:attachment":[{"href":"https:\/\/wildgear.itc-gmbh.shop\/en\/wp-json\/wp\/v2\/media?parent=3152"}],"wp:term":[{"taxonomy":"product_brand","embeddable":true,"href":"https:\/\/wildgear.itc-gmbh.shop\/en\/wp-json\/wp\/v2\/product_brand?post=3152"},{"taxonomy":"product_cat","embeddable":true,"href":"https:\/\/wildgear.itc-gmbh.shop\/en\/wp-json\/wp\/v2\/product_cat?post=3152"},{"taxonomy":"product_tag","embeddable":true,"href":"https:\/\/wildgear.itc-gmbh.shop\/en\/wp-json\/wp\/v2\/product_tag?post=3152"}],"curies":[{"name":"wp","href":"https:\/\/api.w.org\/{rel}","templated":true}]}}