{"id":3165,"date":"2024-05-27T00:29:12","date_gmt":"2024-05-27T00:29:12","guid":{"rendered":"https:\/\/outdoor.itc-gmbh.shop\/product\/kinder-gummistiefel-batman-grau\/"},"modified":"2024-05-27T03:57:49","modified_gmt":"2024-05-27T03:57:49","slug":"kinder-gummistiefel-batman-grau","status":"publish","type":"product","link":"https:\/\/wildgear.itc-gmbh.shop\/en\/product\/kinder-gummistiefel-batman-grau\/","title":{"rendered":"Kinder Gummistiefel Batman Grau"},"content":{"rendered":"<p>For our children we would like to <b>Kinder Gummistiefel Batman Grau<\/b> perfect for anyone looking for high-quality products for their little ones. Buy now <b>Batman<\/b> and other brands and licenses at the best prices!<\/p>\n<ul>\n<li>Art: Wasserstiefel<\/li>\n<li>Gender: For children<\/li>\n<li>Color: Grey<\/li>\n<li>Material:\n<ul>\n<li>PVC<\/li>\n<li>100 % PVC<\/li>\n<\/ul>\n<\/li>\n<\/ul>","protected":false},"excerpt":{"rendered":"<p>F\u00fcr unsere Kinder m\u00f6chten wir Ihnen Kinder Gummistiefel Batman Grau vorstellen, perfekt f\u00fcr alle, die qualitativ hochwertige Produkte f\u00fcr die Kleinsten suchen. Kaufen Sie Batman und weitere Marken und Lizenzen zu den besten Preisen! Art: Wasserstiefel Geschlecht: F\u00fcr Kinder Farbe: Grau Material: PVC 100 % PVC<\/p>","protected":false},"featured_media":3164,"comment_status":"open","ping_status":"closed","template":"","meta":{"inline_featured_image":false},"product_brand":[],"product_cat":[234,181,180],"product_tag":[209,218,220],"class_list":{"0":"post-3165","1":"product","2":"type-product","3":"status-publish","4":"has-post-thumbnail","6":"product_cat-bergkleidung","7":"product_cat-camping-und-berge","8":"product_cat-sport-freizeit","9":"product_tag-tag_768","10":"product_tag-tag_36","11":"product_tag-tag_575","13":"first","14":"outofstock","15":"taxable","16":"shipping-taxable","17":"purchasable","18":"product-type-variable"},"aioseo_notices":[],"jetpack_sharing_enabled":true,"_links":{"self":[{"href":"https:\/\/wildgear.itc-gmbh.shop\/en\/wp-json\/wp\/v2\/product\/3165","targetHints":{"allow":["GET"]}}],"collection":[{"href":"https:\/\/wildgear.itc-gmbh.shop\/en\/wp-json\/wp\/v2\/product"}],"about":[{"href":"https:\/\/wildgear.itc-gmbh.shop\/en\/wp-json\/wp\/v2\/types\/product"}],"replies":[{"embeddable":true,"href":"https:\/\/wildgear.itc-gmbh.shop\/en\/wp-json\/wp\/v2\/comments?post=3165"}],"wp:featuredmedia":[{"embeddable":true,"href":"https:\/\/wildgear.itc-gmbh.shop\/en\/wp-json\/wp\/v2\/media\/3164"}],"wp:attachment":[{"href":"https:\/\/wildgear.itc-gmbh.shop\/en\/wp-json\/wp\/v2\/media?parent=3165"}],"wp:term":[{"taxonomy":"product_brand","embeddable":true,"href":"https:\/\/wildgear.itc-gmbh.shop\/en\/wp-json\/wp\/v2\/product_brand?post=3165"},{"taxonomy":"product_cat","embeddable":true,"href":"https:\/\/wildgear.itc-gmbh.shop\/en\/wp-json\/wp\/v2\/product_cat?post=3165"},{"taxonomy":"product_tag","embeddable":true,"href":"https:\/\/wildgear.itc-gmbh.shop\/en\/wp-json\/wp\/v2\/product_tag?post=3165"}],"curies":[{"name":"wp","href":"https:\/\/api.w.org\/{rel}","templated":true}]}}