{"id":3181,"date":"2024-05-27T00:29:49","date_gmt":"2024-05-27T00:29:49","guid":{"rendered":"https:\/\/outdoor.itc-gmbh.shop\/product\/windjacke-cofra-softshell-marineblau\/"},"modified":"2024-05-27T00:29:56","modified_gmt":"2024-05-27T00:29:56","slug":"windjacke-cofra-softshell-marineblau","status":"publish","type":"product","link":"https:\/\/wildgear.itc-gmbh.shop\/en\/product\/windjacke-cofra-softshell-marineblau\/","title":{"rendered":"Windjacke Cofra Softshell Marineblau"},"content":{"rendered":"<p>Stay in shape and discover the latest innovations in the sector to practice sport in the best conditions! Buy <b>Windjacke Cofra Softshell Marineblau<\/b> at the best price and enjoy a healthy life!<\/p>\n<ul>\n<li>Color:\n<ul>\n<li>Blue<\/li>\n<li>Marineblau<\/li>\n<\/ul>\n<\/li>\n<li>Features:\n<ul>\n<li>Rei\u00dfverschlusshalter<\/li>\n<li>Einstellbar<\/li>\n<\/ul>\n<\/li>\n<li>Gr\u00f6\u00dfe: XL<\/li>\n<li>Type: Jacket<\/li>\n<li>Material:\n<ul>\n<li>Polyester<\/li>\n<li>Fleece<\/li>\n<\/ul>\n<\/li>\n<\/ul>","protected":false},"excerpt":{"rendered":"<p>Bleiben Sie in Form und entdecken Sie die neuesten Innovationen der Branche, um mit den besten Voraussetzungen Sport zu betreiben! Kaufen Sie Windjacke Cofra Softshell Marineblau zum besten Preis und genie\u00dfen Sie ein gesundes Leben! Farbe: Blau Marineblau Merkmale: Rei\u00dfverschlusshalter Einstellbar Gr\u00f6\u00dfe: XL Art: Jacke Material: Polyester Fleece<\/p>","protected":false},"featured_media":3180,"comment_status":"open","ping_status":"closed","template":"","meta":{"inline_featured_image":false},"product_brand":[],"product_cat":[234,181,180],"product_tag":[213,177,208],"class_list":{"0":"post-3181","1":"product","2":"type-product","3":"status-publish","4":"has-post-thumbnail","6":"product_cat-bergkleidung","7":"product_cat-camping-und-berge","8":"product_cat-sport-freizeit","9":"product_tag-tag_69","10":"product_tag-tag_3","11":"product_tag-tag_650","13":"first","14":"instock","15":"taxable","16":"shipping-taxable","17":"purchasable","18":"product-type-simple"},"aioseo_notices":[],"jetpack_sharing_enabled":true,"_links":{"self":[{"href":"https:\/\/wildgear.itc-gmbh.shop\/en\/wp-json\/wp\/v2\/product\/3181","targetHints":{"allow":["GET"]}}],"collection":[{"href":"https:\/\/wildgear.itc-gmbh.shop\/en\/wp-json\/wp\/v2\/product"}],"about":[{"href":"https:\/\/wildgear.itc-gmbh.shop\/en\/wp-json\/wp\/v2\/types\/product"}],"replies":[{"embeddable":true,"href":"https:\/\/wildgear.itc-gmbh.shop\/en\/wp-json\/wp\/v2\/comments?post=3181"}],"wp:featuredmedia":[{"embeddable":true,"href":"https:\/\/wildgear.itc-gmbh.shop\/en\/wp-json\/wp\/v2\/media\/3180"}],"wp:attachment":[{"href":"https:\/\/wildgear.itc-gmbh.shop\/en\/wp-json\/wp\/v2\/media?parent=3181"}],"wp:term":[{"taxonomy":"product_brand","embeddable":true,"href":"https:\/\/wildgear.itc-gmbh.shop\/en\/wp-json\/wp\/v2\/product_brand?post=3181"},{"taxonomy":"product_cat","embeddable":true,"href":"https:\/\/wildgear.itc-gmbh.shop\/en\/wp-json\/wp\/v2\/product_cat?post=3181"},{"taxonomy":"product_tag","embeddable":true,"href":"https:\/\/wildgear.itc-gmbh.shop\/en\/wp-json\/wp\/v2\/product_tag?post=3181"}],"curies":[{"name":"wp","href":"https:\/\/api.w.org\/{rel}","templated":true}]}}