{"id":3415,"date":"2024-05-27T00:40:28","date_gmt":"2024-05-27T00:40:28","guid":{"rendered":"https:\/\/outdoor.itc-gmbh.shop\/product\/herren-langarm-t-shirt-8000-abobe-olive\/"},"modified":"2024-05-27T03:57:56","modified_gmt":"2024-05-27T03:57:56","slug":"herren-langarm-t-shirt-8000-abobe-olive","status":"publish","type":"product","link":"https:\/\/wildgear.itc-gmbh.shop\/en\/product\/herren-langarm-t-shirt-8000-abobe-olive\/","title":{"rendered":"Herren Langarm-T-Shirt +8000 Abobe Olive"},"content":{"rendered":"<p>If you would like to renew your closet, we recommend <b>Herren Langarm-T-Shirt +8000 Abobe Olive<\/b> and more <b> Produkte von +8000<\/b>! Now for you the best quality at the best price!<\/p>\n<ul>\n<li>Gender: Men<\/li>\n<li>Recommended age: Adults<\/li>\n<li>Farbe: Olive<\/li>\n<li>Merkmale: Mit Rei\u00dfverschluss<\/li>\n<\/ul>","protected":false},"excerpt":{"rendered":"<p>Wenn Sie Ihren Kleiderschrank erneuern m\u00f6chten, empfehlen wir Ihnen Herren Langarm-T-Shirt +8000 Abobe Olive und weitere Produkte von +8000! Jetzt f\u00fcr Sie die beste Qualit\u00e4t zum besten Preis! Geschlecht: Herren Empfohlenes Alter: Erwachsene Farbe: Olive Merkmale: Mit Rei\u00dfverschluss<\/p>","protected":false},"featured_media":3414,"comment_status":"open","ping_status":"closed","template":"","meta":{"inline_featured_image":false},"product_brand":[],"product_cat":[234,181,180],"product_tag":[177,178],"class_list":{"0":"post-3415","1":"product","2":"type-product","3":"status-publish","4":"has-post-thumbnail","6":"product_cat-bergkleidung","7":"product_cat-camping-und-berge","8":"product_cat-sport-freizeit","9":"product_tag-tag_3","10":"product_tag-tag_17","12":"first","13":"outofstock","14":"taxable","15":"shipping-taxable","16":"purchasable","17":"product-type-variable"},"aioseo_notices":[],"jetpack_sharing_enabled":true,"_links":{"self":[{"href":"https:\/\/wildgear.itc-gmbh.shop\/en\/wp-json\/wp\/v2\/product\/3415","targetHints":{"allow":["GET"]}}],"collection":[{"href":"https:\/\/wildgear.itc-gmbh.shop\/en\/wp-json\/wp\/v2\/product"}],"about":[{"href":"https:\/\/wildgear.itc-gmbh.shop\/en\/wp-json\/wp\/v2\/types\/product"}],"replies":[{"embeddable":true,"href":"https:\/\/wildgear.itc-gmbh.shop\/en\/wp-json\/wp\/v2\/comments?post=3415"}],"wp:featuredmedia":[{"embeddable":true,"href":"https:\/\/wildgear.itc-gmbh.shop\/en\/wp-json\/wp\/v2\/media\/3414"}],"wp:attachment":[{"href":"https:\/\/wildgear.itc-gmbh.shop\/en\/wp-json\/wp\/v2\/media?parent=3415"}],"wp:term":[{"taxonomy":"product_brand","embeddable":true,"href":"https:\/\/wildgear.itc-gmbh.shop\/en\/wp-json\/wp\/v2\/product_brand?post=3415"},{"taxonomy":"product_cat","embeddable":true,"href":"https:\/\/wildgear.itc-gmbh.shop\/en\/wp-json\/wp\/v2\/product_cat?post=3415"},{"taxonomy":"product_tag","embeddable":true,"href":"https:\/\/wildgear.itc-gmbh.shop\/en\/wp-json\/wp\/v2\/product_tag?post=3415"}],"curies":[{"name":"wp","href":"https:\/\/api.w.org\/{rel}","templated":true}]}}