{"id":3442,"date":"2024-05-27T00:41:35","date_gmt":"2024-05-27T00:41:35","guid":{"rendered":"https:\/\/outdoor.itc-gmbh.shop\/product\/hut-new-era-essential-blau-einheitsgroesse\/"},"modified":"2024-10-07T00:00:32","modified_gmt":"2024-10-07T00:00:32","slug":"hut-new-era-essential-blau-einheitsgroesse","status":"publish","type":"product","link":"https:\/\/wildgear.itc-gmbh.shop\/en\/product\/hut-new-era-essential-blau-einheitsgroesse\/","title":{"rendered":"Hut New Era Essential Blau Einheitsgr\u00f6\u00dfe"},"content":{"rendered":"<p>If you would like to renew your closet, we recommend <b>Hut New Era Essential Blau Einheitsgr\u00f6\u00dfe<\/b> and more <b> Produkte von New Era<\/b>! Now for you the best quality at the best price!<\/p>\n<ul>\n<li>Size: One size<\/li>\n<li>Color: Blue<\/li>\n<li>Gender: Unisex<\/li>\n<li>Recommended age: Adults<\/li>\n<li>Material: 100 % acrylic<\/li>\n<\/ul>","protected":false},"excerpt":{"rendered":"<p>Wenn Sie Ihren Kleiderschrank erneuern m\u00f6chten, empfehlen wir Ihnen Hut New Era Essential Blau Einheitsgr\u00f6\u00dfe und weitere Produkte von New Era! Jetzt f\u00fcr Sie die beste Qualit\u00e4t zum besten Preis! Gr\u00f6\u00dfe: Einheitsgr\u00f6\u00dfe Farbe: Blau Geschlecht: Unisex Empfohlenes Alter: Erwachsene Material: 100 % Acryl<\/p>","protected":false},"featured_media":17194,"comment_status":"open","ping_status":"closed","template":"","meta":{"inline_featured_image":false},"product_brand":[],"product_cat":[234,181,180],"product_tag":[213,178,222],"class_list":{"0":"post-3442","1":"product","2":"type-product","3":"status-publish","4":"has-post-thumbnail","6":"product_cat-bergkleidung","7":"product_cat-camping-und-berge","8":"product_cat-sport-freizeit","9":"product_tag-tag_69","10":"product_tag-tag_17","11":"product_tag-tag_587","13":"first","14":"instock","15":"taxable","16":"shipping-taxable","17":"purchasable","18":"product-type-simple"},"aioseo_notices":[],"jetpack_sharing_enabled":true,"_links":{"self":[{"href":"https:\/\/wildgear.itc-gmbh.shop\/en\/wp-json\/wp\/v2\/product\/3442","targetHints":{"allow":["GET"]}}],"collection":[{"href":"https:\/\/wildgear.itc-gmbh.shop\/en\/wp-json\/wp\/v2\/product"}],"about":[{"href":"https:\/\/wildgear.itc-gmbh.shop\/en\/wp-json\/wp\/v2\/types\/product"}],"replies":[{"embeddable":true,"href":"https:\/\/wildgear.itc-gmbh.shop\/en\/wp-json\/wp\/v2\/comments?post=3442"}],"wp:featuredmedia":[{"embeddable":true,"href":"https:\/\/wildgear.itc-gmbh.shop\/en\/wp-json\/wp\/v2\/media\/17194"}],"wp:attachment":[{"href":"https:\/\/wildgear.itc-gmbh.shop\/en\/wp-json\/wp\/v2\/media?parent=3442"}],"wp:term":[{"taxonomy":"product_brand","embeddable":true,"href":"https:\/\/wildgear.itc-gmbh.shop\/en\/wp-json\/wp\/v2\/product_brand?post=3442"},{"taxonomy":"product_cat","embeddable":true,"href":"https:\/\/wildgear.itc-gmbh.shop\/en\/wp-json\/wp\/v2\/product_cat?post=3442"},{"taxonomy":"product_tag","embeddable":true,"href":"https:\/\/wildgear.itc-gmbh.shop\/en\/wp-json\/wp\/v2\/product_tag?post=3442"}],"curies":[{"name":"wp","href":"https:\/\/api.w.org\/{rel}","templated":true}]}}