{"id":3446,"date":"2024-05-27T00:41:42","date_gmt":"2024-05-27T00:41:42","guid":{"rendered":"https:\/\/outdoor.itc-gmbh.shop\/product\/hut-puma-essentials-classic-cuffless-einheitsgroesse-schwarz\/"},"modified":"2024-10-07T00:00:35","modified_gmt":"2024-10-07T00:00:35","slug":"hut-puma-essentials-classic-cuffless-einheitsgroesse-schwarz","status":"publish","type":"product","link":"https:\/\/wildgear.itc-gmbh.shop\/en\/product\/hut-puma-essentials-classic-cuffless-einheitsgroesse-schwarz\/","title":{"rendered":"Hut Puma Essentials Classic Cuffless Einheitsgr\u00f6\u00dfe Schwarz"},"content":{"rendered":"<p>If you would like to renew your closet, we recommend <b>Hut Puma Essentials Classic Cuffless Einheitsgr\u00f6\u00dfe Schwarz<\/b> and more <b> Products from Puma<\/b>! Now for you the best quality at the best price!<\/p>\n<ul>\n<li>Size: One size<\/li>\n<li>Color:\n<ul>\n<li>Black<\/li>\n<li>Colorful<\/li>\n<\/ul>\n<\/li>\n<li>Gender: Men<\/li>\n<li>Recommended age: Adults<\/li>\n<li>Material:\n<ul>\n<li>Elastan<\/li>\n<li>Acryl<\/li>\n<li>Polyamid<\/li>\n<\/ul>\n<\/li>\n<\/ul>","protected":false},"excerpt":{"rendered":"<p>Wenn Sie Ihren Kleiderschrank erneuern m\u00f6chten, empfehlen wir Ihnen Hut Puma Essentials Classic Cuffless Einheitsgr\u00f6\u00dfe Schwarz und weitere Produkte von Puma! Jetzt f\u00fcr Sie die beste Qualit\u00e4t zum besten Preis! Gr\u00f6\u00dfe: Einheitsgr\u00f6\u00dfe Farbe: Schwarz Bunt Geschlecht: Herren Empfohlenes Alter: Erwachsene Material: Elastan Acryl Polyamid<\/p>","protected":false},"featured_media":17197,"comment_status":"open","ping_status":"closed","template":"","meta":{"inline_featured_image":false},"product_brand":[],"product_cat":[234,181,180],"product_tag":[213,178,222],"class_list":{"0":"post-3446","1":"product","2":"type-product","3":"status-publish","4":"has-post-thumbnail","6":"product_cat-bergkleidung","7":"product_cat-camping-und-berge","8":"product_cat-sport-freizeit","9":"product_tag-tag_69","10":"product_tag-tag_17","11":"product_tag-tag_587","13":"first","14":"instock","15":"taxable","16":"shipping-taxable","17":"purchasable","18":"product-type-simple"},"aioseo_notices":[],"jetpack_sharing_enabled":true,"_links":{"self":[{"href":"https:\/\/wildgear.itc-gmbh.shop\/en\/wp-json\/wp\/v2\/product\/3446","targetHints":{"allow":["GET"]}}],"collection":[{"href":"https:\/\/wildgear.itc-gmbh.shop\/en\/wp-json\/wp\/v2\/product"}],"about":[{"href":"https:\/\/wildgear.itc-gmbh.shop\/en\/wp-json\/wp\/v2\/types\/product"}],"replies":[{"embeddable":true,"href":"https:\/\/wildgear.itc-gmbh.shop\/en\/wp-json\/wp\/v2\/comments?post=3446"}],"wp:featuredmedia":[{"embeddable":true,"href":"https:\/\/wildgear.itc-gmbh.shop\/en\/wp-json\/wp\/v2\/media\/17197"}],"wp:attachment":[{"href":"https:\/\/wildgear.itc-gmbh.shop\/en\/wp-json\/wp\/v2\/media?parent=3446"}],"wp:term":[{"taxonomy":"product_brand","embeddable":true,"href":"https:\/\/wildgear.itc-gmbh.shop\/en\/wp-json\/wp\/v2\/product_brand?post=3446"},{"taxonomy":"product_cat","embeddable":true,"href":"https:\/\/wildgear.itc-gmbh.shop\/en\/wp-json\/wp\/v2\/product_cat?post=3446"},{"taxonomy":"product_tag","embeddable":true,"href":"https:\/\/wildgear.itc-gmbh.shop\/en\/wp-json\/wp\/v2\/product_tag?post=3446"}],"curies":[{"name":"wp","href":"https:\/\/api.w.org\/{rel}","templated":true}]}}