{"id":3448,"date":"2024-05-27T00:41:48","date_gmt":"2024-05-27T00:41:48","guid":{"rendered":"https:\/\/outdoor.itc-gmbh.shop\/product\/hut-vans-trecker-einheitsgroesse-schwarz\/"},"modified":"2024-05-27T00:41:50","modified_gmt":"2024-05-27T00:41:50","slug":"hut-vans-trecker-einheitsgroesse-schwarz","status":"publish","type":"product","link":"https:\/\/wildgear.itc-gmbh.shop\/en\/product\/hut-vans-trecker-einheitsgroesse-schwarz\/","title":{"rendered":"Hut Vans Trecker  Einheitsgr\u00f6\u00dfe Schwarz"},"content":{"rendered":"<p>If you would like to renew your closet, we recommend <b>Hut Vans Trecker  Einheitsgr\u00f6\u00dfe Schwarz<\/b> and more <b> Produkte von Vans<\/b>! Now for you the best quality at the best price!<\/p>\n<ul>\n<li>Size: One size<\/li>\n<li>Color:\n<ul>\n<li>Black<\/li>\n<li>Colorful<\/li>\n<\/ul>\n<\/li>\n<li>Gender: Unisex<\/li>\n<li>Recommended age: Adults<\/li>\n<li>Material: 100 % polyester<\/li>\n<\/ul>","protected":false},"excerpt":{"rendered":"<p>Wenn Sie Ihren Kleiderschrank erneuern m\u00f6chten, empfehlen wir Ihnen Hut Vans Trecker Einheitsgr\u00f6\u00dfe Schwarz und weitere Produkte von Vans! Jetzt f\u00fcr Sie die beste Qualit\u00e4t zum besten Preis! Gr\u00f6\u00dfe: Einheitsgr\u00f6\u00dfe Farbe: Schwarz Bunt Geschlecht: Unisex Empfohlenes Alter: Erwachsene Material: 100 % polyester<\/p>","protected":false},"featured_media":3447,"comment_status":"open","ping_status":"closed","template":"","meta":{"inline_featured_image":false},"product_brand":[],"product_cat":[234,181,180],"product_tag":[213,178,222],"class_list":{"0":"post-3448","1":"product","2":"type-product","3":"status-publish","4":"has-post-thumbnail","6":"product_cat-bergkleidung","7":"product_cat-camping-und-berge","8":"product_cat-sport-freizeit","9":"product_tag-tag_69","10":"product_tag-tag_17","11":"product_tag-tag_587","13":"first","14":"instock","15":"taxable","16":"shipping-taxable","17":"purchasable","18":"product-type-simple"},"aioseo_notices":[],"jetpack_sharing_enabled":true,"_links":{"self":[{"href":"https:\/\/wildgear.itc-gmbh.shop\/en\/wp-json\/wp\/v2\/product\/3448","targetHints":{"allow":["GET"]}}],"collection":[{"href":"https:\/\/wildgear.itc-gmbh.shop\/en\/wp-json\/wp\/v2\/product"}],"about":[{"href":"https:\/\/wildgear.itc-gmbh.shop\/en\/wp-json\/wp\/v2\/types\/product"}],"replies":[{"embeddable":true,"href":"https:\/\/wildgear.itc-gmbh.shop\/en\/wp-json\/wp\/v2\/comments?post=3448"}],"wp:featuredmedia":[{"embeddable":true,"href":"https:\/\/wildgear.itc-gmbh.shop\/en\/wp-json\/wp\/v2\/media\/3447"}],"wp:attachment":[{"href":"https:\/\/wildgear.itc-gmbh.shop\/en\/wp-json\/wp\/v2\/media?parent=3448"}],"wp:term":[{"taxonomy":"product_brand","embeddable":true,"href":"https:\/\/wildgear.itc-gmbh.shop\/en\/wp-json\/wp\/v2\/product_brand?post=3448"},{"taxonomy":"product_cat","embeddable":true,"href":"https:\/\/wildgear.itc-gmbh.shop\/en\/wp-json\/wp\/v2\/product_cat?post=3448"},{"taxonomy":"product_tag","embeddable":true,"href":"https:\/\/wildgear.itc-gmbh.shop\/en\/wp-json\/wp\/v2\/product_tag?post=3448"}],"curies":[{"name":"wp","href":"https:\/\/api.w.org\/{rel}","templated":true}]}}