{"id":3908,"date":"2024-05-27T01:01:02","date_gmt":"2024-05-27T01:01:02","guid":{"rendered":"https:\/\/outdoor.itc-gmbh.shop\/product\/hut-nike-jordan-cuffed-rosa\/"},"modified":"2024-10-07T00:03:05","modified_gmt":"2024-10-07T00:03:05","slug":"hut-nike-jordan-cuffed-rosa","status":"publish","type":"product","link":"https:\/\/wildgear.itc-gmbh.shop\/en\/product\/hut-nike-jordan-cuffed-rosa\/","title":{"rendered":"Hut Nike Jordan Cuffed Rosa"},"content":{"rendered":"<p>For our children we would like to <b>Hut Nike Jordan Cuffed Rosa<\/b> perfect for anyone looking for high-quality products for their little ones. Buy now <b>Nike<\/b> and other brands and licenses at the best prices!<\/p>\n<ul>\n<li>Color: Pink<\/li>\n<li>Gender:\n<ul>\n<li>Damen<\/li>\n<li>Unisex adults<\/li>\n<\/ul>\n<\/li>\n<li>Recommended age: Children<\/li>\n<\/ul>","protected":false},"excerpt":{"rendered":"<p>F\u00fcr unsere Kinder m\u00f6chten wir Ihnen Hut Nike Jordan Cuffed Rosa vorstellen, perfekt f\u00fcr alle, die qualitativ hochwertige Produkte f\u00fcr die Kleinsten suchen. Kaufen Sie Nike und weitere Marken und Lizenzen zu den besten Preisen! Farbe: Rosa Geschlecht: Damen Unisex-Erwachsene Empfohlenes Alter: Kinder<\/p>","protected":false},"featured_media":17298,"comment_status":"open","ping_status":"closed","template":"","meta":{"inline_featured_image":false},"product_brand":[],"product_cat":[234,181,180],"product_tag":[177,178,222],"class_list":{"0":"post-3908","1":"product","2":"type-product","3":"status-publish","4":"has-post-thumbnail","6":"product_cat-bergkleidung","7":"product_cat-camping-und-berge","8":"product_cat-sport-freizeit","9":"product_tag-tag_3","10":"product_tag-tag_17","11":"product_tag-tag_587","13":"first","14":"instock","15":"taxable","16":"shipping-taxable","17":"purchasable","18":"product-type-simple"},"aioseo_notices":[],"jetpack_sharing_enabled":true,"_links":{"self":[{"href":"https:\/\/wildgear.itc-gmbh.shop\/en\/wp-json\/wp\/v2\/product\/3908","targetHints":{"allow":["GET"]}}],"collection":[{"href":"https:\/\/wildgear.itc-gmbh.shop\/en\/wp-json\/wp\/v2\/product"}],"about":[{"href":"https:\/\/wildgear.itc-gmbh.shop\/en\/wp-json\/wp\/v2\/types\/product"}],"replies":[{"embeddable":true,"href":"https:\/\/wildgear.itc-gmbh.shop\/en\/wp-json\/wp\/v2\/comments?post=3908"}],"wp:featuredmedia":[{"embeddable":true,"href":"https:\/\/wildgear.itc-gmbh.shop\/en\/wp-json\/wp\/v2\/media\/17298"}],"wp:attachment":[{"href":"https:\/\/wildgear.itc-gmbh.shop\/en\/wp-json\/wp\/v2\/media?parent=3908"}],"wp:term":[{"taxonomy":"product_brand","embeddable":true,"href":"https:\/\/wildgear.itc-gmbh.shop\/en\/wp-json\/wp\/v2\/product_brand?post=3908"},{"taxonomy":"product_cat","embeddable":true,"href":"https:\/\/wildgear.itc-gmbh.shop\/en\/wp-json\/wp\/v2\/product_cat?post=3908"},{"taxonomy":"product_tag","embeddable":true,"href":"https:\/\/wildgear.itc-gmbh.shop\/en\/wp-json\/wp\/v2\/product_tag?post=3908"}],"curies":[{"name":"wp","href":"https:\/\/api.w.org\/{rel}","templated":true}]}}