{"id":4205,"date":"2024-05-27T01:10:59","date_gmt":"2024-05-27T01:10:59","guid":{"rendered":"https:\/\/outdoor.itc-gmbh.shop\/product\/sportsocken-spuqs-coolmax-protect-grau-dunkelgrau\/"},"modified":"2024-05-27T03:58:16","modified_gmt":"2024-05-27T03:58:16","slug":"sportsocken-spuqs-coolmax-protect-grau-dunkelgrau","status":"publish","type":"product","link":"https:\/\/wildgear.itc-gmbh.shop\/en\/product\/sportsocken-spuqs-coolmax-protect-grau-dunkelgrau\/","title":{"rendered":"Sportsocken Spuqs Coolmax Protect Grau Dunkelgrau"},"content":{"rendered":"<p>If you would like to renew your closet, we recommend <b>Sportsocken Spuqs Coolmax Protect Grau Dunkelgrau<\/b> and more <b> Produkte von Spuqs<\/b>! Now for you the best quality at the best price!<\/p>\n<ul>\n<li>Type: Socks<\/li>\n<li>Color:\n<ul>\n<li>Gray<\/li>\n<li>Dark gray<\/li>\n<\/ul>\n<\/li>\n<li>Gender: Unisex<\/li>\n<li>Recommended age: Adults<\/li>\n<\/ul>","protected":false},"excerpt":{"rendered":"<p>Wenn Sie Ihren Kleiderschrank erneuern m\u00f6chten, empfehlen wir Ihnen Sportsocken Spuqs Coolmax Protect Grau Dunkelgrau und weitere Produkte von Spuqs! Jetzt f\u00fcr Sie die beste Qualit\u00e4t zum besten Preis! Art: Socken Farbe: Grau Dunkelgrau Geschlecht: Unisex Empfohlenes Alter: Erwachsene<\/p>","protected":false},"featured_media":4204,"comment_status":"open","ping_status":"closed","template":"","meta":{"inline_featured_image":false},"product_brand":[],"product_cat":[234,181,180],"product_tag":[221,220],"class_list":{"0":"post-4205","1":"product","2":"type-product","3":"status-publish","4":"has-post-thumbnail","6":"product_cat-bergkleidung","7":"product_cat-camping-und-berge","8":"product_cat-sport-freizeit","9":"product_tag-tag_1273","10":"product_tag-tag_575","12":"first","13":"instock","14":"taxable","15":"shipping-taxable","16":"purchasable","17":"product-type-variable"},"aioseo_notices":[],"jetpack_sharing_enabled":true,"_links":{"self":[{"href":"https:\/\/wildgear.itc-gmbh.shop\/en\/wp-json\/wp\/v2\/product\/4205","targetHints":{"allow":["GET"]}}],"collection":[{"href":"https:\/\/wildgear.itc-gmbh.shop\/en\/wp-json\/wp\/v2\/product"}],"about":[{"href":"https:\/\/wildgear.itc-gmbh.shop\/en\/wp-json\/wp\/v2\/types\/product"}],"replies":[{"embeddable":true,"href":"https:\/\/wildgear.itc-gmbh.shop\/en\/wp-json\/wp\/v2\/comments?post=4205"}],"wp:featuredmedia":[{"embeddable":true,"href":"https:\/\/wildgear.itc-gmbh.shop\/en\/wp-json\/wp\/v2\/media\/4204"}],"wp:attachment":[{"href":"https:\/\/wildgear.itc-gmbh.shop\/en\/wp-json\/wp\/v2\/media?parent=4205"}],"wp:term":[{"taxonomy":"product_brand","embeddable":true,"href":"https:\/\/wildgear.itc-gmbh.shop\/en\/wp-json\/wp\/v2\/product_brand?post=4205"},{"taxonomy":"product_cat","embeddable":true,"href":"https:\/\/wildgear.itc-gmbh.shop\/en\/wp-json\/wp\/v2\/product_cat?post=4205"},{"taxonomy":"product_tag","embeddable":true,"href":"https:\/\/wildgear.itc-gmbh.shop\/en\/wp-json\/wp\/v2\/product_tag?post=4205"}],"curies":[{"name":"wp","href":"https:\/\/api.w.org\/{rel}","templated":true}]}}