{"id":4247,"date":"2024-05-27T01:11:47","date_gmt":"2024-05-27T01:11:47","guid":{"rendered":"https:\/\/outdoor.itc-gmbh.shop\/product\/sportmuetze-4f-functional-caf011-running-schwarz-l-xl\/"},"modified":"2024-05-27T01:11:49","modified_gmt":"2024-05-27T01:11:49","slug":"sportmuetze-4f-functional-caf011-running-schwarz-l-xl","status":"publish","type":"product","link":"https:\/\/wildgear.itc-gmbh.shop\/en\/product\/sportmuetze-4f-functional-caf011-running-schwarz-l-xl\/","title":{"rendered":"Sports cap 4F Functional CAF011 Running Black L\/XL"},"content":{"rendered":"<p>Stay in shape and discover the latest innovations in the sector to practice sport in the best conditions! Buy <b>Sports cap 4F Functional CAF011 Running Black L\/XL<\/b> at the best price and enjoy a healthy life!<\/p>\n<ul>\n<li>Sport: Running<\/li>\n<li>Color: Black<\/li>\n<li>Gender: Unisex<\/li>\n<li>Recommended age: Adults<\/li>\n<li>Size: L\/XL<\/li>\n<li>Material:\n<ul>\n<li>100 % polyester<\/li>\n<li>100% Elastane<\/li>\n<\/ul>\n<\/li>\n<\/ul>","protected":false},"excerpt":{"rendered":"<p>Bleiben Sie in Form und entdecken Sie die neuesten Innovationen der Branche, um mit den besten Voraussetzungen Sport zu betreiben! Kaufen Sie Sportm\u00fctze 4F Functional CAF011 Running Schwarz L\/XL zum besten Preis und genie\u00dfen Sie ein gesundes Leben! Sport: Running Farbe: Schwarz Geschlecht: Unisex Empfohlenes Alter: Erwachsene Gr\u00f6\u00dfe: L\/XL Material: 100 % polyester 100% Elastan<\/p>","protected":false},"featured_media":4246,"comment_status":"open","ping_status":"closed","template":"","meta":{"inline_featured_image":false},"product_brand":[],"product_cat":[234,181,180],"product_tag":[177,178,222],"class_list":{"0":"post-4247","1":"product","2":"type-product","3":"status-publish","4":"has-post-thumbnail","6":"product_cat-bergkleidung","7":"product_cat-camping-und-berge","8":"product_cat-sport-freizeit","9":"product_tag-tag_3","10":"product_tag-tag_17","11":"product_tag-tag_587","13":"first","14":"instock","15":"taxable","16":"shipping-taxable","17":"purchasable","18":"product-type-simple"},"aioseo_notices":[],"jetpack_sharing_enabled":true,"_links":{"self":[{"href":"https:\/\/wildgear.itc-gmbh.shop\/en\/wp-json\/wp\/v2\/product\/4247","targetHints":{"allow":["GET"]}}],"collection":[{"href":"https:\/\/wildgear.itc-gmbh.shop\/en\/wp-json\/wp\/v2\/product"}],"about":[{"href":"https:\/\/wildgear.itc-gmbh.shop\/en\/wp-json\/wp\/v2\/types\/product"}],"replies":[{"embeddable":true,"href":"https:\/\/wildgear.itc-gmbh.shop\/en\/wp-json\/wp\/v2\/comments?post=4247"}],"wp:featuredmedia":[{"embeddable":true,"href":"https:\/\/wildgear.itc-gmbh.shop\/en\/wp-json\/wp\/v2\/media\/4246"}],"wp:attachment":[{"href":"https:\/\/wildgear.itc-gmbh.shop\/en\/wp-json\/wp\/v2\/media?parent=4247"}],"wp:term":[{"taxonomy":"product_brand","embeddable":true,"href":"https:\/\/wildgear.itc-gmbh.shop\/en\/wp-json\/wp\/v2\/product_brand?post=4247"},{"taxonomy":"product_cat","embeddable":true,"href":"https:\/\/wildgear.itc-gmbh.shop\/en\/wp-json\/wp\/v2\/product_cat?post=4247"},{"taxonomy":"product_tag","embeddable":true,"href":"https:\/\/wildgear.itc-gmbh.shop\/en\/wp-json\/wp\/v2\/product_tag?post=4247"}],"curies":[{"name":"wp","href":"https:\/\/api.w.org\/{rel}","templated":true}]}}