{"id":4326,"date":"2024-05-27T01:14:01","date_gmt":"2024-05-27T01:14:01","guid":{"rendered":"https:\/\/outdoor.itc-gmbh.shop\/product\/sportsocken-nike-everyday-essential-weiss\/"},"modified":"2024-05-27T03:58:19","modified_gmt":"2024-05-27T03:58:19","slug":"sportsocken-nike-everyday-essential-weiss","status":"publish","type":"product","link":"https:\/\/wildgear.itc-gmbh.shop\/en\/product\/sportsocken-nike-everyday-essential-weiss\/","title":{"rendered":"Sportsocken Nike Everyday Essential Wei\u00df"},"content":{"rendered":"<p>If you would like to renew your closet, we recommend <b>Sportsocken Nike Everyday Essential Wei\u00df<\/b> and more <b> Produkte von Nike<\/b>! Now for you the best quality at the best price!<\/p>\n<ul>\n<li>Type: Socks<\/li>\n<li>Color: White<\/li>\n<li>Gender: Unisex<\/li>\n<li>Recommended age: Adults<\/li>\n<\/ul>","protected":false},"excerpt":{"rendered":"<p>Wenn Sie Ihren Kleiderschrank erneuern m\u00f6chten, empfehlen wir Ihnen Sportsocken Nike Everyday Essential Wei\u00df und weitere Produkte von Nike! Jetzt f\u00fcr Sie die beste Qualit\u00e4t zum besten Preis! Art: Socken Farbe: Wei\u00df Geschlecht: Unisex Empfohlenes Alter: Erwachsene<\/p>","protected":false},"featured_media":4325,"comment_status":"open","ping_status":"closed","template":"","meta":{"inline_featured_image":false},"product_brand":[],"product_cat":[234,181,180],"product_tag":[220],"class_list":{"0":"post-4326","1":"product","2":"type-product","3":"status-publish","4":"has-post-thumbnail","6":"product_cat-bergkleidung","7":"product_cat-camping-und-berge","8":"product_cat-sport-freizeit","9":"product_tag-tag_575","11":"first","12":"outofstock","13":"taxable","14":"shipping-taxable","15":"purchasable","16":"product-type-variable"},"aioseo_notices":[],"jetpack_sharing_enabled":true,"_links":{"self":[{"href":"https:\/\/wildgear.itc-gmbh.shop\/en\/wp-json\/wp\/v2\/product\/4326","targetHints":{"allow":["GET"]}}],"collection":[{"href":"https:\/\/wildgear.itc-gmbh.shop\/en\/wp-json\/wp\/v2\/product"}],"about":[{"href":"https:\/\/wildgear.itc-gmbh.shop\/en\/wp-json\/wp\/v2\/types\/product"}],"replies":[{"embeddable":true,"href":"https:\/\/wildgear.itc-gmbh.shop\/en\/wp-json\/wp\/v2\/comments?post=4326"}],"wp:featuredmedia":[{"embeddable":true,"href":"https:\/\/wildgear.itc-gmbh.shop\/en\/wp-json\/wp\/v2\/media\/4325"}],"wp:attachment":[{"href":"https:\/\/wildgear.itc-gmbh.shop\/en\/wp-json\/wp\/v2\/media?parent=4326"}],"wp:term":[{"taxonomy":"product_brand","embeddable":true,"href":"https:\/\/wildgear.itc-gmbh.shop\/en\/wp-json\/wp\/v2\/product_brand?post=4326"},{"taxonomy":"product_cat","embeddable":true,"href":"https:\/\/wildgear.itc-gmbh.shop\/en\/wp-json\/wp\/v2\/product_cat?post=4326"},{"taxonomy":"product_tag","embeddable":true,"href":"https:\/\/wildgear.itc-gmbh.shop\/en\/wp-json\/wp\/v2\/product_tag?post=4326"}],"curies":[{"name":"wp","href":"https:\/\/api.w.org\/{rel}","templated":true}]}}