{"id":6400,"date":"2024-05-27T01:47:38","date_gmt":"2024-05-27T01:47:38","guid":{"rendered":"https:\/\/outdoor.itc-gmbh.shop\/product\/bergstiefel-salomon-quest-element-gore-tex-schwarz-gruen\/"},"modified":"2024-05-27T03:58:27","modified_gmt":"2024-05-27T03:58:27","slug":"bergstiefel-salomon-quest-element-gore-tex-schwarz-gruen","status":"publish","type":"product","link":"https:\/\/wildgear.itc-gmbh.shop\/en\/product\/bergstiefel-salomon-quest-element-gore-tex-schwarz-gruen\/","title":{"rendered":"Bergstiefel Salomon Quest Element Gore-Tex Schwarz gr\u00fcn"},"content":{"rendered":"<p>Stay in shape and discover the latest innovations in the sector to practice sport in the best conditions! Buy <b>Bergstiefel Salomon Quest Element Gore-Tex Schwarz gr\u00fcn<\/b> at the best price and enjoy a healthy life!<\/p>\n<ul>\n<li>Sport: Trekking<\/li>\n<li>Merkmale: Hoher Stock<\/li>\n<li>Type: Mountain boots<\/li>\n<li>Color:\n<ul>\n<li>Black<\/li>\n<li>green<\/li>\n<\/ul>\n<\/li>\n<li>Gender: Men<\/li>\n<li>Recommended age: Adults<\/li>\n<\/ul>","protected":false},"excerpt":{"rendered":"<p>Bleiben Sie in Form und entdecken Sie die neuesten Innovationen der Branche, um mit den besten Voraussetzungen Sport zu betreiben! Kaufen Sie Bergstiefel Salomon Quest Element Gore-Tex Schwarz gr\u00fcn zum besten Preis und genie\u00dfen Sie ein gesundes Leben! Sport: Trekking Merkmale: Hoher Stock Art: Bergstiefel Farbe: Schwarz gr\u00fcn Geschlecht: Herren Empfohlenes Alter: Erwachsene<\/p>","protected":false},"featured_media":6399,"comment_status":"open","ping_status":"closed","template":"","meta":{"inline_featured_image":false},"product_brand":[],"product_cat":[234,181,180],"product_tag":[],"class_list":{"0":"post-6400","1":"product","2":"type-product","3":"status-publish","4":"has-post-thumbnail","6":"product_cat-bergkleidung","7":"product_cat-camping-und-berge","8":"product_cat-sport-freizeit","10":"first","11":"instock","12":"taxable","13":"shipping-taxable","14":"purchasable","15":"product-type-variable"},"aioseo_notices":[],"jetpack_sharing_enabled":true,"_links":{"self":[{"href":"https:\/\/wildgear.itc-gmbh.shop\/en\/wp-json\/wp\/v2\/product\/6400","targetHints":{"allow":["GET"]}}],"collection":[{"href":"https:\/\/wildgear.itc-gmbh.shop\/en\/wp-json\/wp\/v2\/product"}],"about":[{"href":"https:\/\/wildgear.itc-gmbh.shop\/en\/wp-json\/wp\/v2\/types\/product"}],"replies":[{"embeddable":true,"href":"https:\/\/wildgear.itc-gmbh.shop\/en\/wp-json\/wp\/v2\/comments?post=6400"}],"wp:featuredmedia":[{"embeddable":true,"href":"https:\/\/wildgear.itc-gmbh.shop\/en\/wp-json\/wp\/v2\/media\/6399"}],"wp:attachment":[{"href":"https:\/\/wildgear.itc-gmbh.shop\/en\/wp-json\/wp\/v2\/media?parent=6400"}],"wp:term":[{"taxonomy":"product_brand","embeddable":true,"href":"https:\/\/wildgear.itc-gmbh.shop\/en\/wp-json\/wp\/v2\/product_brand?post=6400"},{"taxonomy":"product_cat","embeddable":true,"href":"https:\/\/wildgear.itc-gmbh.shop\/en\/wp-json\/wp\/v2\/product_cat?post=6400"},{"taxonomy":"product_tag","embeddable":true,"href":"https:\/\/wildgear.itc-gmbh.shop\/en\/wp-json\/wp\/v2\/product_tag?post=6400"}],"curies":[{"name":"wp","href":"https:\/\/api.w.org\/{rel}","templated":true}]}}