{"id":7479,"date":"2024-05-27T02:06:37","date_gmt":"2024-05-27T02:06:37","guid":{"rendered":"https:\/\/outdoor.itc-gmbh.shop\/product\/bergstiefel-geographical-norway-41-restauriert-a\/"},"modified":"2024-05-27T02:06:39","modified_gmt":"2024-05-27T02:06:39","slug":"bergstiefel-geographical-norway-41-restauriert-a","status":"publish","type":"product","link":"https:\/\/wildgear.itc-gmbh.shop\/en\/product\/bergstiefel-geographical-norway-41-restauriert-a\/","title":{"rendered":"Bergstiefel Geographical Norway 41 (Restauriert A)"},"content":{"rendered":"<p>Stay in shape and discover the latest innovations in the sector to practice sport in the best conditions! Buy <b>Bergstiefel Geographical Norway 41 (Restauriert A)<\/b> at the best price and enjoy a healthy life!<\/p>\n<ul>\n<li>Merkmale: Wasserfest<\/li>\n<li>Stil: Botas de Monta\u00f1a<\/li>\n<li>Material:\n<ul>\n<li>Kautschuk<\/li>\n<li>Mit Polyester<\/li>\n<\/ul>\n<\/li>\n<li>Color: Black<\/li>\n<li>Gender: Men<\/li>\n<li>Gr\u00f6\u00dfe: 41<\/li>\n<\/ul>\n<p>RESTAURIERT: Hierbei handelt es sich um Produkte, die innerhalb der Laufzeit des Widerrufs- oder R\u00fcckgaberechts zur\u00fcckgegeben wurden oder um Ausstellungsst\u00fccke, die manchmal ausprobiert wurden; einige werden mit einer leicht besch\u00e4digten Verpackung oder mit einer offensichtlich ge\u00f6ffneten Originalverpackung verkauft. Alle diese Produkte sind \u00fcberpr\u00fcft worden, haben die offizielle Garantie der Marke und funktionieren einwandfrei. Je nach ihrem Zustand werden sie klassifiziert als: <\/p>\n<ul>\n<li>A+ \/ Einwandfrei: Produkte in tadellosem Zustand, deren Originalverpackung eventuell ge\u00f6ffnet oder durch eine andere in sehr gutem Zustand ersetzt wurde.<\/li>\n<li>A \/ Neuwertig: Produkte in einwandfreiem, neuwertigem Zustand, deren Originalverpackung eventuell ge\u00f6ffnet oder leicht besch\u00e4digt oder durch eine andere ersetzt wurde.<\/li>\n<li>B \/ Sehr guter Zustand: Produkte in sehr gutem Zustand, mit m\u00f6glichen leichten \u00e4sthetischen Sch\u00e4den, die einwandfrei funktionieren und deren Originalverpackung eventuell ge\u00f6ffnet wurde oder leicht besch\u00e4digt ist.<\/li>\n<li>C \/ Guter Zustand: Produkte in gutem Zustand, mit m\u00f6glichen \u00e4sthetischen M\u00e4ngeln, die einwandfrei funktionieren und deren Originalverpackung eventuell ge\u00f6ffnet wurde oder besch\u00e4digt ist.<\/li>\n<li>D \/ In Ordnung: Produkte in fehlerfreiem Zustand, mit m\u00f6glichen \u00e4sthetischen M\u00e4ngeln oder m\u00f6glicherweise fehlendem Zubeh\u00f6r, die einwandfrei funktionieren und deren Originalverpackung eventuell ge\u00f6ffnet oder besch\u00e4digt ist.<\/li>\n<\/ul>","protected":false},"excerpt":{"rendered":"<p>Bleiben Sie in Form und entdecken Sie die neuesten Innovationen der Branche, um mit den besten Voraussetzungen Sport zu betreiben! Kaufen Sie Bergstiefel Geographical Norway 41 (Restauriert A) zum besten Preis und genie\u00dfen Sie ein gesundes Leben! Merkmale: Wasserfest Stil: Botas de Monta\u00f1a Material: Kautschuk Mit Polyester Farbe: Schwarz Geschlecht: Herren Gr\u00f6\u00dfe: 41 RESTAURIERT: Hierbei &hellip; <\/p>\n<p class=\"more-link-wrap\"><a href=\"https:\/\/wildgear.itc-gmbh.shop\/en\/product\/bergstiefel-geographical-norway-41-restauriert-a\/\" class=\"more-link\"><span>Read More<span class=\"screen-reader-text\"> &#8220;Bergstiefel Geographical Norway 41 (Restauriert A)&#8221;<\/span><\/span><\/a><\/p>","protected":false},"featured_media":7478,"comment_status":"open","ping_status":"closed","template":"","meta":{"inline_featured_image":false},"product_brand":[],"product_cat":[228,234,181,229,180],"product_tag":[215],"class_list":{"0":"post-7479","1":"product","2":"type-product","3":"status-publish","4":"has-post-thumbnail","6":"product_cat-angebote-restauriert","7":"product_cat-bergkleidung","8":"product_cat-camping-und-berge","9":"product_cat-restauriert-openbox","10":"product_cat-sport-freizeit","11":"product_tag-tag_1297","13":"first","14":"outofstock","15":"taxable","16":"shipping-taxable","17":"purchasable","18":"product-type-simple"},"aioseo_notices":[],"jetpack_sharing_enabled":true,"_links":{"self":[{"href":"https:\/\/wildgear.itc-gmbh.shop\/en\/wp-json\/wp\/v2\/product\/7479","targetHints":{"allow":["GET"]}}],"collection":[{"href":"https:\/\/wildgear.itc-gmbh.shop\/en\/wp-json\/wp\/v2\/product"}],"about":[{"href":"https:\/\/wildgear.itc-gmbh.shop\/en\/wp-json\/wp\/v2\/types\/product"}],"replies":[{"embeddable":true,"href":"https:\/\/wildgear.itc-gmbh.shop\/en\/wp-json\/wp\/v2\/comments?post=7479"}],"wp:featuredmedia":[{"embeddable":true,"href":"https:\/\/wildgear.itc-gmbh.shop\/en\/wp-json\/wp\/v2\/media\/7478"}],"wp:attachment":[{"href":"https:\/\/wildgear.itc-gmbh.shop\/en\/wp-json\/wp\/v2\/media?parent=7479"}],"wp:term":[{"taxonomy":"product_brand","embeddable":true,"href":"https:\/\/wildgear.itc-gmbh.shop\/en\/wp-json\/wp\/v2\/product_brand?post=7479"},{"taxonomy":"product_cat","embeddable":true,"href":"https:\/\/wildgear.itc-gmbh.shop\/en\/wp-json\/wp\/v2\/product_cat?post=7479"},{"taxonomy":"product_tag","embeddable":true,"href":"https:\/\/wildgear.itc-gmbh.shop\/en\/wp-json\/wp\/v2\/product_tag?post=7479"}],"curies":[{"name":"wp","href":"https:\/\/api.w.org\/{rel}","templated":true}]}}