{"id":7561,"date":"2024-05-27T02:08:00","date_gmt":"2024-05-27T02:08:00","guid":{"rendered":"https:\/\/outdoor.itc-gmbh.shop\/product\/bandana-buff-coolnet-marineblau-roehrenfoermig\/"},"modified":"2024-05-27T02:08:02","modified_gmt":"2024-05-27T02:08:02","slug":"bandana-buff-coolnet-marineblau-roehrenfoermig","status":"publish","type":"product","link":"https:\/\/wildgear.itc-gmbh.shop\/en\/product\/bandana-buff-coolnet-marineblau-roehrenfoermig\/","title":{"rendered":"Bandana Buff Coolnet Marineblau R\u00f6hrenf\u00f6rmig"},"content":{"rendered":"<p>Stay in shape and discover the latest innovations in the sector to practice sport in the best conditions! Buy <b>Bandana Buff Coolnet Marineblau R\u00f6hrenf\u00f6rmig<\/b> at the best price and enjoy a healthy life!<\/p>\n<ul>\n<li>Gender: Unisex<\/li>\n<li>Recommended age: Adults<\/li>\n<li>Form: R\u00f6hrenf\u00f6rmig<\/li>\n<li>Features:\n<ul>\n<li>UV-best\u00e4ndig<\/li>\n<li>Hitzeschutz<\/li>\n<li>Erfrischend<\/li>\n<\/ul>\n<\/li>\n<li>Size: One size<\/li>\n<li>Art: Bandana<\/li>\n<li>Color: Navy blue<\/li>\n<li>Land\/Region der Herstellung: Spanien<\/li>\n<\/ul>","protected":false},"excerpt":{"rendered":"<p>Bleiben Sie in Form und entdecken Sie die neuesten Innovationen der Branche, um mit den besten Voraussetzungen Sport zu betreiben! Kaufen Sie Bandana Buff Coolnet Marineblau R\u00f6hrenf\u00f6rmig zum besten Preis und genie\u00dfen Sie ein gesundes Leben! Geschlecht: Unisex Empfohlenes Alter: Erwachsene Form: R\u00f6hrenf\u00f6rmig Merkmale: UV-best\u00e4ndig Hitzeschutz Erfrischend Gr\u00f6\u00dfe: Einheitsgr\u00f6\u00dfe Art: Bandana Farbe: Marineblau Land\/Region der &hellip; <\/p>\n<p class=\"more-link-wrap\"><a href=\"https:\/\/wildgear.itc-gmbh.shop\/en\/product\/bandana-buff-coolnet-marineblau-roehrenfoermig\/\" class=\"more-link\"><span>Read More<span class=\"screen-reader-text\"> &#8220;Bandana Buff Coolnet Marineblau R\u00f6hrenf\u00f6rmig&#8221;<\/span><\/span><\/a><\/p>","protected":false},"featured_media":7560,"comment_status":"open","ping_status":"closed","template":"","meta":{"inline_featured_image":false},"product_brand":[],"product_cat":[234,181,180],"product_tag":[177,178],"class_list":{"0":"post-7561","1":"product","2":"type-product","3":"status-publish","4":"has-post-thumbnail","6":"product_cat-bergkleidung","7":"product_cat-camping-und-berge","8":"product_cat-sport-freizeit","9":"product_tag-tag_3","10":"product_tag-tag_17","12":"first","13":"instock","14":"taxable","15":"shipping-taxable","16":"purchasable","17":"product-type-simple"},"aioseo_notices":[],"jetpack_sharing_enabled":true,"_links":{"self":[{"href":"https:\/\/wildgear.itc-gmbh.shop\/en\/wp-json\/wp\/v2\/product\/7561","targetHints":{"allow":["GET"]}}],"collection":[{"href":"https:\/\/wildgear.itc-gmbh.shop\/en\/wp-json\/wp\/v2\/product"}],"about":[{"href":"https:\/\/wildgear.itc-gmbh.shop\/en\/wp-json\/wp\/v2\/types\/product"}],"replies":[{"embeddable":true,"href":"https:\/\/wildgear.itc-gmbh.shop\/en\/wp-json\/wp\/v2\/comments?post=7561"}],"wp:featuredmedia":[{"embeddable":true,"href":"https:\/\/wildgear.itc-gmbh.shop\/en\/wp-json\/wp\/v2\/media\/7560"}],"wp:attachment":[{"href":"https:\/\/wildgear.itc-gmbh.shop\/en\/wp-json\/wp\/v2\/media?parent=7561"}],"wp:term":[{"taxonomy":"product_brand","embeddable":true,"href":"https:\/\/wildgear.itc-gmbh.shop\/en\/wp-json\/wp\/v2\/product_brand?post=7561"},{"taxonomy":"product_cat","embeddable":true,"href":"https:\/\/wildgear.itc-gmbh.shop\/en\/wp-json\/wp\/v2\/product_cat?post=7561"},{"taxonomy":"product_tag","embeddable":true,"href":"https:\/\/wildgear.itc-gmbh.shop\/en\/wp-json\/wp\/v2\/product_tag?post=7561"}],"curies":[{"name":"wp","href":"https:\/\/api.w.org\/{rel}","templated":true}]}}