{"id":7717,"date":"2024-05-27T02:10:51","date_gmt":"2024-05-27T02:10:51","guid":{"rendered":"https:\/\/outdoor.itc-gmbh.shop\/product\/sonnenschirm-babymoov-a038209\/"},"modified":"2024-05-29T00:00:57","modified_gmt":"2024-05-29T00:00:57","slug":"sonnenschirm-babymoov-a038209","status":"publish","type":"product","link":"https:\/\/wildgear.itc-gmbh.shop\/en\/product\/sonnenschirm-babymoov-a038209\/","title":{"rendered":"Sonnenschirm Babymoov A038209"},"content":{"rendered":"<p>For our children we would like to <b>Sonnenschirm Babymoov A038209<\/b> perfect for anyone looking for high-quality products for their little ones. Buy now <b>Babymoov<\/b> and other brands and licenses at the best prices!<\/p>\n<ul>\n<li>Art: Baby<\/li>\n<li>Design: For children<\/li>\n<li>Water resistant: Yes<\/li>\n<\/ul>","protected":false},"excerpt":{"rendered":"<p>F\u00fcr unsere Kinder m\u00f6chten wir Ihnen Sonnenschirm Babymoov A038209 vorstellen, perfekt f\u00fcr alle, die qualitativ hochwertige Produkte f\u00fcr die Kleinsten suchen. Kaufen Sie Babymoov und weitere Marken und Lizenzen zu den besten Preisen! Art: Baby Design: F\u00fcr Kinder Water resistant: Ja<\/p>","protected":false},"featured_media":7716,"comment_status":"open","ping_status":"closed","template":"","meta":{"inline_featured_image":false},"product_brand":[],"product_cat":[181,180,189],"product_tag":[188,177,187,178,472],"class_list":{"0":"post-7717","1":"product","2":"type-product","3":"status-publish","4":"has-post-thumbnail","6":"product_cat-camping-und-berge","7":"product_cat-sport-freizeit","8":"product_cat-zelte","9":"product_tag-tag_1304","10":"product_tag-tag_3","11":"product_tag-tag_124","12":"product_tag-tag_17","13":"product_tag-tag_1272","15":"first","16":"outofstock","17":"taxable","18":"shipping-taxable","19":"purchasable","20":"product-type-simple"},"aioseo_notices":[],"jetpack_sharing_enabled":true,"_links":{"self":[{"href":"https:\/\/wildgear.itc-gmbh.shop\/en\/wp-json\/wp\/v2\/product\/7717","targetHints":{"allow":["GET"]}}],"collection":[{"href":"https:\/\/wildgear.itc-gmbh.shop\/en\/wp-json\/wp\/v2\/product"}],"about":[{"href":"https:\/\/wildgear.itc-gmbh.shop\/en\/wp-json\/wp\/v2\/types\/product"}],"replies":[{"embeddable":true,"href":"https:\/\/wildgear.itc-gmbh.shop\/en\/wp-json\/wp\/v2\/comments?post=7717"}],"wp:featuredmedia":[{"embeddable":true,"href":"https:\/\/wildgear.itc-gmbh.shop\/en\/wp-json\/wp\/v2\/media\/7716"}],"wp:attachment":[{"href":"https:\/\/wildgear.itc-gmbh.shop\/en\/wp-json\/wp\/v2\/media?parent=7717"}],"wp:term":[{"taxonomy":"product_brand","embeddable":true,"href":"https:\/\/wildgear.itc-gmbh.shop\/en\/wp-json\/wp\/v2\/product_brand?post=7717"},{"taxonomy":"product_cat","embeddable":true,"href":"https:\/\/wildgear.itc-gmbh.shop\/en\/wp-json\/wp\/v2\/product_cat?post=7717"},{"taxonomy":"product_tag","embeddable":true,"href":"https:\/\/wildgear.itc-gmbh.shop\/en\/wp-json\/wp\/v2\/product_tag?post=7717"}],"curies":[{"name":"wp","href":"https:\/\/api.w.org\/{rel}","templated":true}]}}