{"id":7818,"date":"2024-05-27T02:12:36","date_gmt":"2024-05-27T02:12:36","guid":{"rendered":"https:\/\/outdoor.itc-gmbh.shop\/product\/windschutz-aktive-150-x-115-x-150-cm\/"},"modified":"2024-05-27T02:12:39","modified_gmt":"2024-05-27T02:12:39","slug":"windschutz-aktive-150-x-115-x-150-cm","status":"publish","type":"product","link":"https:\/\/wildgear.itc-gmbh.shop\/en\/product\/windschutz-aktive-150-x-115-x-150-cm\/","title":{"rendered":"Windschutz Aktive 150 x 115 x 150 cm"},"content":{"rendered":"<p>With these suggestions that will delight young and old, summer fun is guaranteed! Buy <b>Windschutz Aktive 150 x 115 x 150 cm<\/b>] and enjoy your free time!<\/p>\n<ul>\n<li>Art: Windschutz<\/li>\n<li>Color:\n<ul>\n<li>Blue<\/li>\n<li>Gray<\/li>\n<\/ul>\n<\/li>\n<li>Material:\n<ul>\n<li>Fiberglass<\/li>\n<li>Polyester 170T<\/li>\n<\/ul>\n<\/li>\n<li>Ma\u00dfe ca.: 150 x 115 x 150 cm<\/li>\n<\/ul>","protected":false},"excerpt":{"rendered":"<p>Mit diesen Vorschl\u00e4gen, die Jung und Alt begeistern werden, ist der Sommerspa\u00df garantiert! Kaufen Sie Windschutz Aktive 150 x 115 x 150 cm] und genie\u00dfen Sie Ihre Freizeit! Art: Windschutz Farbe: Blau Grau Material: Fiberglas Polyester 170T Ma\u00dfe ca.: 150 x 115 x 150 cm<\/p>","protected":false},"featured_media":7817,"comment_status":"open","ping_status":"closed","template":"","meta":{"inline_featured_image":false},"product_brand":[],"product_cat":[181,180,189],"product_tag":[177,187,178,472],"class_list":{"0":"post-7818","1":"product","2":"type-product","3":"status-publish","4":"has-post-thumbnail","6":"product_cat-camping-und-berge","7":"product_cat-sport-freizeit","8":"product_cat-zelte","9":"product_tag-tag_3","10":"product_tag-tag_124","11":"product_tag-tag_17","12":"product_tag-tag_1272","14":"first","15":"outofstock","16":"taxable","17":"shipping-taxable","18":"purchasable","19":"product-type-simple"},"aioseo_notices":[],"jetpack_sharing_enabled":true,"_links":{"self":[{"href":"https:\/\/wildgear.itc-gmbh.shop\/en\/wp-json\/wp\/v2\/product\/7818","targetHints":{"allow":["GET"]}}],"collection":[{"href":"https:\/\/wildgear.itc-gmbh.shop\/en\/wp-json\/wp\/v2\/product"}],"about":[{"href":"https:\/\/wildgear.itc-gmbh.shop\/en\/wp-json\/wp\/v2\/types\/product"}],"replies":[{"embeddable":true,"href":"https:\/\/wildgear.itc-gmbh.shop\/en\/wp-json\/wp\/v2\/comments?post=7818"}],"wp:featuredmedia":[{"embeddable":true,"href":"https:\/\/wildgear.itc-gmbh.shop\/en\/wp-json\/wp\/v2\/media\/7817"}],"wp:attachment":[{"href":"https:\/\/wildgear.itc-gmbh.shop\/en\/wp-json\/wp\/v2\/media?parent=7818"}],"wp:term":[{"taxonomy":"product_brand","embeddable":true,"href":"https:\/\/wildgear.itc-gmbh.shop\/en\/wp-json\/wp\/v2\/product_brand?post=7818"},{"taxonomy":"product_cat","embeddable":true,"href":"https:\/\/wildgear.itc-gmbh.shop\/en\/wp-json\/wp\/v2\/product_cat?post=7818"},{"taxonomy":"product_tag","embeddable":true,"href":"https:\/\/wildgear.itc-gmbh.shop\/en\/wp-json\/wp\/v2\/product_tag?post=7818"}],"curies":[{"name":"wp","href":"https:\/\/api.w.org\/{rel}","templated":true}]}}