{"id":7822,"date":"2024-05-27T02:12:40","date_gmt":"2024-05-27T02:12:40","guid":{"rendered":"https:\/\/outdoor.itc-gmbh.shop\/product\/zelt-the-paw-patrol-fuer-kinder-75-x-75-x-90-cm\/"},"modified":"2024-05-27T02:12:42","modified_gmt":"2024-05-27T02:12:42","slug":"zelt-the-paw-patrol-fuer-kinder-75-x-75-x-90-cm","status":"publish","type":"product","link":"https:\/\/wildgear.itc-gmbh.shop\/en\/product\/zelt-the-paw-patrol-fuer-kinder-75-x-75-x-90-cm\/","title":{"rendered":"Zelt The Paw Patrol F\u00fcr Kinder 75 x 75 x 90 cm"},"content":{"rendered":"<p>We only want the best for our children, which is why we would like to offer you <b>Zelt The Paw Patrol F\u00fcr Kinder 75 x 75 x 90 cm<\/b> perfect for anyone looking for high-quality products for their little ones. Buy now <b>The Paw Patrol<\/b> at the best prices!<\/p>\n<ul>\n<li>Gender: For children<\/li>\n<li>Art: Zelt<\/li>\n<li>Ma\u00dfe ca.: 75 x 75 x 90 cm<\/li>\n<\/ul>","protected":false},"excerpt":{"rendered":"<p>F\u00fcr unsere Kinder m\u00f6chten wir nur das Beste, und deshalb m\u00f6chten wir Ihnen Zelt The Paw Patrol F\u00fcr Kinder 75 x 75 x 90 cm vorstellen, perfekt f\u00fcr alle, die qualitativ hochwertige Produkte f\u00fcr die Kleinsten suchen. Kaufen Sie The Paw Patrol zu den besten Preisen! Geschlecht: F\u00fcr Kinder Art: Zelt Ma\u00dfe ca.: 75 x &hellip; <\/p>\n<p class=\"more-link-wrap\"><a href=\"https:\/\/wildgear.itc-gmbh.shop\/en\/product\/zelt-the-paw-patrol-fuer-kinder-75-x-75-x-90-cm\/\" class=\"more-link\"><span>Read More<span class=\"screen-reader-text\"> &#8220;Zelt The Paw Patrol F\u00fcr Kinder 75 x 75 x 90 cm&#8221;<\/span><\/span><\/a><\/p>","protected":false},"featured_media":7821,"comment_status":"open","ping_status":"closed","template":"","meta":{"inline_featured_image":false},"product_brand":[],"product_cat":[181,180,189],"product_tag":[209,213,219,218,177,187,208],"class_list":{"0":"post-7822","1":"product","2":"type-product","3":"status-publish","4":"has-post-thumbnail","6":"product_cat-camping-und-berge","7":"product_cat-sport-freizeit","8":"product_cat-zelte","9":"product_tag-tag_768","10":"product_tag-tag_69","11":"product_tag-tag_664","12":"product_tag-tag_36","13":"product_tag-tag_3","14":"product_tag-tag_124","15":"product_tag-tag_650","17":"first","18":"outofstock","19":"taxable","20":"shipping-taxable","21":"purchasable","22":"product-type-simple"},"aioseo_notices":[],"jetpack_sharing_enabled":true,"_links":{"self":[{"href":"https:\/\/wildgear.itc-gmbh.shop\/en\/wp-json\/wp\/v2\/product\/7822","targetHints":{"allow":["GET"]}}],"collection":[{"href":"https:\/\/wildgear.itc-gmbh.shop\/en\/wp-json\/wp\/v2\/product"}],"about":[{"href":"https:\/\/wildgear.itc-gmbh.shop\/en\/wp-json\/wp\/v2\/types\/product"}],"replies":[{"embeddable":true,"href":"https:\/\/wildgear.itc-gmbh.shop\/en\/wp-json\/wp\/v2\/comments?post=7822"}],"wp:featuredmedia":[{"embeddable":true,"href":"https:\/\/wildgear.itc-gmbh.shop\/en\/wp-json\/wp\/v2\/media\/7821"}],"wp:attachment":[{"href":"https:\/\/wildgear.itc-gmbh.shop\/en\/wp-json\/wp\/v2\/media?parent=7822"}],"wp:term":[{"taxonomy":"product_brand","embeddable":true,"href":"https:\/\/wildgear.itc-gmbh.shop\/en\/wp-json\/wp\/v2\/product_brand?post=7822"},{"taxonomy":"product_cat","embeddable":true,"href":"https:\/\/wildgear.itc-gmbh.shop\/en\/wp-json\/wp\/v2\/product_cat?post=7822"},{"taxonomy":"product_tag","embeddable":true,"href":"https:\/\/wildgear.itc-gmbh.shop\/en\/wp-json\/wp\/v2\/product_tag?post=7822"}],"curies":[{"name":"wp","href":"https:\/\/api.w.org\/{rel}","templated":true}]}}