{"id":7973,"date":"2024-05-27T02:15:09","date_gmt":"2024-05-27T02:15:09","guid":{"rendered":"https:\/\/outdoor.itc-gmbh.shop\/product\/zelt-kampa-4\/"},"modified":"2024-05-27T02:15:14","modified_gmt":"2024-05-27T02:15:14","slug":"zelt-kampa-4","status":"publish","type":"product","link":"https:\/\/wildgear.itc-gmbh.shop\/en\/product\/zelt-kampa-4\/","title":{"rendered":"Zelt Kampa"},"content":{"rendered":"<p>Stay in shape and discover the latest innovations in the sector to practice sport in the best conditions! Buy <b>Zelt Kampa<\/b> at the best price and enjoy a healthy life!<\/p>\n<ul>\n<li>Art: Zelt<\/li>\n<li>Kapazit\u00e4t: hasta 4 personas<\/li>\n<li>Material: Polyester<\/li>\n<li>Merkmale: Leichtgewicht<\/li>\n<li>Installation type: Independent<\/li>\n<\/ul>","protected":false},"excerpt":{"rendered":"<p>Bleiben Sie in Form und entdecken Sie die neuesten Innovationen der Branche, um mit den besten Voraussetzungen Sport zu betreiben! Kaufen Sie Zelt Kampa zum besten Preis und genie\u00dfen Sie ein gesundes Leben! Art: Zelt Kapazit\u00e4t: hasta 4 personas Material: Polyester Merkmale: Leichtgewicht Installationsart: Unabh\u00e4ngig<\/p>","protected":false},"featured_media":7972,"comment_status":"open","ping_status":"closed","template":"","meta":{"inline_featured_image":false},"product_brand":[],"product_cat":[181,180,189],"product_tag":[188,177,178],"class_list":{"0":"post-7973","1":"product","2":"type-product","3":"status-publish","4":"has-post-thumbnail","6":"product_cat-camping-und-berge","7":"product_cat-sport-freizeit","8":"product_cat-zelte","9":"product_tag-tag_1304","10":"product_tag-tag_3","11":"product_tag-tag_17","13":"first","14":"outofstock","15":"taxable","16":"shipping-taxable","17":"purchasable","18":"product-type-simple"},"aioseo_notices":[],"jetpack_sharing_enabled":true,"_links":{"self":[{"href":"https:\/\/wildgear.itc-gmbh.shop\/en\/wp-json\/wp\/v2\/product\/7973","targetHints":{"allow":["GET"]}}],"collection":[{"href":"https:\/\/wildgear.itc-gmbh.shop\/en\/wp-json\/wp\/v2\/product"}],"about":[{"href":"https:\/\/wildgear.itc-gmbh.shop\/en\/wp-json\/wp\/v2\/types\/product"}],"replies":[{"embeddable":true,"href":"https:\/\/wildgear.itc-gmbh.shop\/en\/wp-json\/wp\/v2\/comments?post=7973"}],"wp:featuredmedia":[{"embeddable":true,"href":"https:\/\/wildgear.itc-gmbh.shop\/en\/wp-json\/wp\/v2\/media\/7972"}],"wp:attachment":[{"href":"https:\/\/wildgear.itc-gmbh.shop\/en\/wp-json\/wp\/v2\/media?parent=7973"}],"wp:term":[{"taxonomy":"product_brand","embeddable":true,"href":"https:\/\/wildgear.itc-gmbh.shop\/en\/wp-json\/wp\/v2\/product_brand?post=7973"},{"taxonomy":"product_cat","embeddable":true,"href":"https:\/\/wildgear.itc-gmbh.shop\/en\/wp-json\/wp\/v2\/product_cat?post=7973"},{"taxonomy":"product_tag","embeddable":true,"href":"https:\/\/wildgear.itc-gmbh.shop\/en\/wp-json\/wp\/v2\/product_tag?post=7973"}],"curies":[{"name":"wp","href":"https:\/\/api.w.org\/{rel}","templated":true}]}}