{"id":8050,"date":"2024-05-27T02:16:26","date_gmt":"2024-05-27T02:16:26","guid":{"rendered":"https:\/\/outdoor.itc-gmbh.shop\/product\/faltbare-silikonflasche-bentle-innovagoods\/"},"modified":"2024-05-27T02:16:43","modified_gmt":"2024-05-27T02:16:43","slug":"faltbare-silikonflasche-bentle-innovagoods","status":"publish","type":"product","link":"https:\/\/wildgear.itc-gmbh.shop\/en\/product\/faltbare-silikonflasche-bentle-innovagoods\/","title":{"rendered":"Faltbare Silikonflasche Bentle InnovaGoods"},"content":{"rendered":"<div class=\"col-md-6\">Wenn Sie sich f\u00fcr das Gadget-Universum begeistern, bietet Ihnen <b>InnovaGoods<\/b> originelle Neuheiten f\u00fcr das Zuhause, Auto, Reisen, Kinder, Technik, Unterhaltung usw. an. Entdecken Sie eine breite Palette von Qualit\u00e4tsprodukten, die sich durch Funktionalit\u00e4t, Effizienz und innovatives Design auszeichnen, wie <b>Faltbare Silikonflasche Bentle InnovaGoods <\/b>!<\/p>\n<p>Eine originelle und vielseitig einsetzbare, faltbare Silikonflasche, die sich leicht an die gew\u00fcnschte Gr\u00f6\u00dfe anpassen l\u00e4sst und so Platz sparend ist. Sie hat eine breite \u00d6ffnung mit Schraubverschluss, um das Bef\u00fcllen und Reinigen zu erleichtern. Dar\u00fcber hinaus verf\u00fcgt sie \u00fcber ein Tropfschutzsystem, einen Metallhaken zum Anh\u00e4ngen und ein Mundst\u00fcck mit Kappe und doppeltem Auslaufschutz. Diese wiederverwendbare Flasche eignet sich f\u00fcr hei\u00dfe und kalte Getr\u00e4nke, l\u00e4sst sich leicht zusammenfalten und hat ein Fassungsverm\u00f6gen von 500 ml. Sie kann in der Sp\u00fclmaschine gereinigt werden und ist ideal f\u00fcr Reisen, Camping, Ausfl\u00fcge, B\u00fcro, Sport, Fitness, Radfahren, Laufen usw.<\/p>\n<ul>\n<li>Material:\n<ul>\n<li>Silicone<\/li>\n<li>Polypropylene<\/li>\n<li>Without BPA<\/li>\n<\/ul>\n<\/li>\n<li>Color: Blue<\/li>\n<li>Art: Faltbare Silikonflasche<\/li>\n<li>Modernes Design: Innovativ und funktionell<\/li>\n<li>Capacity: 500 ml<\/li>\n<li>Umweltfreundlich: Wiederverwendbar<\/li>\n<li>Biegsam: Leicht zu falten und zu entfalten<\/li>\n<li>Platz sparend: 50 %<\/li>\n<li>Anti-Tropf-System: Mundst\u00fcck mit Kappe und doppeltem Auslaufschutz<\/li>\n<li>Breite \u00d6ffnung mit Schraubverschluss: Praktisch und benutzerfreundlich<\/li>\n<li>Enthalten: Karabinerhaken aus Metall zum Anh\u00e4ngen<\/li>\n<li>Merkmale: Geeignet f\u00fcr hei\u00dfe und kalte Getr\u00e4nke<\/li>\n<li>Mehrzweck: Vielseitig und anpassungsf\u00e4hig<\/li>\n<li>Originell und handlich: Vielseitige Verwendungsm\u00f6glichkeiten<\/li>\n<li>Leicht und einfach zu handhaben: M\u00fchelos zu transportieren und aufzubewahren<\/li>\n<li>Leicht zu reinigen: Sp\u00fclmaschinen<\/li>\n<li>Ma\u00dfe ca.: \u00d8 7 x 13-23 cm<\/li>\n<li>Verpackung in 24 Sprachen: Englisch, Franz\u00f6sisch, Spanisch, Deutsch, Italienisch, Portugiesisch, Niederl\u00e4ndisch, Polnisch, Ungarisch, Rum\u00e4nisch, D\u00e4nisch, Schwedisch, Finnisch, Litauisch, Norwegisch, Slowenisch, Griechisch, Tschechisch, Bulgarisch, Kroatisch, Slowakisch, Estnisch, Russisch, Lettisch<\/li>\n<\/ul>\n<p>Verpackung in 24 Sprachen: Englisch, Franz\u00f6sisch, Spanisch, Deutsch, Italienisch, Portugiesisch, Niederl\u00e4ndisch, Polnisch, Ungarisch, Rum\u00e4nisch, D\u00e4nisch, Schwedisch, Finnisch, Litauisch, Norwegisch, Slowenisch, Griechisch, Tschechisch, Bulgarisch, Kroatisch, Slowakisch, Estnisch, Russisch, Lettisch.<\/p><\/div>\n<div class=\"col-md-6\">\n<div class=\"embed-responsive embed-responsive-16by9\"><iframe class=\"embed-responsive-item\" src=\"https:\/\/www.youtube.com\/embed\/z-UTD7b14_A\" frameborder=\"0\" allowfullscreen><\/iframe><\/div>\n<\/div>","protected":false},"excerpt":{"rendered":"<p>2.7600 &euro; \/ 100 ml<\/p>","protected":false},"featured_media":8049,"comment_status":"open","ping_status":"closed","template":"","meta":{"inline_featured_image":false},"product_brand":[],"product_cat":[240,181,185,180,241],"product_tag":[476,473,207,213,197,227,226,475,177,474,178,208],"class_list":{"0":"post-8050","1":"product","2":"type-product","3":"status-publish","4":"has-post-thumbnail","6":"product_cat-ausgefallene-geschenke","7":"product_cat-camping-und-berge","8":"product_cat-flaschen-und-feldflaschen","9":"product_cat-sport-freizeit","10":"product_cat-sportgeschenke","11":"product_tag-tag_933","12":"product_tag-tag_12","13":"product_tag-tag_30","14":"product_tag-tag_69","15":"product_tag-tag_10","16":"product_tag-tag_1279","17":"product_tag-tag_60","18":"product_tag-tag_929","19":"product_tag-tag_3","20":"product_tag-tag_152","21":"product_tag-tag_17","22":"product_tag-tag_650","24":"first","25":"instock","26":"taxable","27":"shipping-taxable","28":"purchasable","29":"product-type-simple"},"aioseo_notices":[],"jetpack_sharing_enabled":true,"_links":{"self":[{"href":"https:\/\/wildgear.itc-gmbh.shop\/en\/wp-json\/wp\/v2\/product\/8050","targetHints":{"allow":["GET"]}}],"collection":[{"href":"https:\/\/wildgear.itc-gmbh.shop\/en\/wp-json\/wp\/v2\/product"}],"about":[{"href":"https:\/\/wildgear.itc-gmbh.shop\/en\/wp-json\/wp\/v2\/types\/product"}],"replies":[{"embeddable":true,"href":"https:\/\/wildgear.itc-gmbh.shop\/en\/wp-json\/wp\/v2\/comments?post=8050"}],"wp:featuredmedia":[{"embeddable":true,"href":"https:\/\/wildgear.itc-gmbh.shop\/en\/wp-json\/wp\/v2\/media\/8049"}],"wp:attachment":[{"href":"https:\/\/wildgear.itc-gmbh.shop\/en\/wp-json\/wp\/v2\/media?parent=8050"}],"wp:term":[{"taxonomy":"product_brand","embeddable":true,"href":"https:\/\/wildgear.itc-gmbh.shop\/en\/wp-json\/wp\/v2\/product_brand?post=8050"},{"taxonomy":"product_cat","embeddable":true,"href":"https:\/\/wildgear.itc-gmbh.shop\/en\/wp-json\/wp\/v2\/product_cat?post=8050"},{"taxonomy":"product_tag","embeddable":true,"href":"https:\/\/wildgear.itc-gmbh.shop\/en\/wp-json\/wp\/v2\/product_tag?post=8050"}],"curies":[{"name":"wp","href":"https:\/\/api.w.org\/{rel}","templated":true}]}}