{"id":8079,"date":"2024-05-27T02:16:57","date_gmt":"2024-05-27T02:16:57","guid":{"rendered":"https:\/\/outdoor.itc-gmbh.shop\/product\/flasche-versa-stahl-polystyrol-1000-ml\/"},"modified":"2024-05-27T02:16:59","modified_gmt":"2024-05-27T02:16:59","slug":"flasche-versa-stahl-polystyrol-1000-ml","status":"publish","type":"product","link":"https:\/\/wildgear.itc-gmbh.shop\/en\/product\/flasche-versa-stahl-polystyrol-1000-ml\/","title":{"rendered":"Flasche Versa Stahl polystyrol (1000 ml)"},"content":{"rendered":"<p>Stay in shape and discover the latest innovations in the sector to practice sport in the best conditions! Buy <b>Flasche Versa Stahl polystyrol (1000 ml)<\/b> at the best price and enjoy a healthy life!<\/p>\n<ul>\n<li>Material:\n<ul>\n<li>Steel<\/li>\n<li>polystyrene<\/li>\n<\/ul>\n<\/li>\n<li>Ma\u00dfe ca.: 8,7 x 24,5 x 8,7 cm<\/li>\n<li>Color: Grey<\/li>\n<li>Kapazit\u00e4t: 1000 ml<\/li>\n<\/ul>","protected":false},"excerpt":{"rendered":"<p>Bleiben Sie in Form und entdecken Sie die neuesten Innovationen der Branche, um mit den besten Voraussetzungen Sport zu betreiben! Kaufen Sie Flasche Versa Stahl polystyrol (1000 ml) zum besten Preis und genie\u00dfen Sie ein gesundes Leben! Material: Stahl polystyrol Ma\u00dfe ca.: 8,7 x 24,5 x 8,7 cm Farbe: Grau Kapazit\u00e4t: 1000 ml<\/p>","protected":false},"featured_media":8078,"comment_status":"open","ping_status":"closed","template":"","meta":{"inline_featured_image":false},"product_brand":[],"product_cat":[181,185,180],"product_tag":[177,178],"class_list":{"0":"post-8079","1":"product","2":"type-product","3":"status-publish","4":"has-post-thumbnail","6":"product_cat-camping-und-berge","7":"product_cat-flaschen-und-feldflaschen","8":"product_cat-sport-freizeit","9":"product_tag-tag_3","10":"product_tag-tag_17","12":"first","13":"outofstock","14":"taxable","15":"shipping-taxable","16":"purchasable","17":"product-type-simple"},"aioseo_notices":[],"jetpack_sharing_enabled":true,"_links":{"self":[{"href":"https:\/\/wildgear.itc-gmbh.shop\/en\/wp-json\/wp\/v2\/product\/8079","targetHints":{"allow":["GET"]}}],"collection":[{"href":"https:\/\/wildgear.itc-gmbh.shop\/en\/wp-json\/wp\/v2\/product"}],"about":[{"href":"https:\/\/wildgear.itc-gmbh.shop\/en\/wp-json\/wp\/v2\/types\/product"}],"replies":[{"embeddable":true,"href":"https:\/\/wildgear.itc-gmbh.shop\/en\/wp-json\/wp\/v2\/comments?post=8079"}],"wp:featuredmedia":[{"embeddable":true,"href":"https:\/\/wildgear.itc-gmbh.shop\/en\/wp-json\/wp\/v2\/media\/8078"}],"wp:attachment":[{"href":"https:\/\/wildgear.itc-gmbh.shop\/en\/wp-json\/wp\/v2\/media?parent=8079"}],"wp:term":[{"taxonomy":"product_brand","embeddable":true,"href":"https:\/\/wildgear.itc-gmbh.shop\/en\/wp-json\/wp\/v2\/product_brand?post=8079"},{"taxonomy":"product_cat","embeddable":true,"href":"https:\/\/wildgear.itc-gmbh.shop\/en\/wp-json\/wp\/v2\/product_cat?post=8079"},{"taxonomy":"product_tag","embeddable":true,"href":"https:\/\/wildgear.itc-gmbh.shop\/en\/wp-json\/wp\/v2\/product_tag?post=8079"}],"curies":[{"name":"wp","href":"https:\/\/api.w.org\/{rel}","templated":true}]}}