{"id":8299,"date":"2024-05-27T02:20:28","date_gmt":"2024-05-27T02:20:28","guid":{"rendered":"https:\/\/outdoor.itc-gmbh.shop\/product\/wasserflasche-laken-oby-trafic-rot-045-l\/"},"modified":"2024-10-06T00:07:59","modified_gmt":"2024-10-06T00:07:59","slug":"wasserflasche-laken-oby-trafic-rot-045-l","status":"publish","type":"product","link":"https:\/\/wildgear.itc-gmbh.shop\/en\/product\/wasserflasche-laken-oby-trafic-rot-045-l\/","title":{"rendered":"Wasserflasche Laken OBY Trafic Rot (0,45 L)"},"content":{"rendered":"<p>Stay in shape and discover the latest innovations in the sector to practice sport in the best conditions! Buy <b>Wasserflasche Laken OBY Trafic Rot (0,45 L)<\/b> at the best price and enjoy a healthy life!<\/p>\n<ul>\n<li>Color: Red<\/li>\n<li>Gender: Unisex<\/li>\n<li>Recommended age: Children<\/li>\n<li>Kapazit\u00e4t: 450 ml<\/li>\n<li>Type: Water bottle<\/li>\n<li>Included: Stopper<\/li>\n<li>Empfohlene verwendung: Unisex f\u00fcr Erwachsene<\/li>\n<\/ul>","protected":false},"excerpt":{"rendered":"<p>Bleiben Sie in Form und entdecken Sie die neuesten Innovationen der Branche, um mit den besten Voraussetzungen Sport zu betreiben! Kaufen Sie Wasserflasche Laken OBY Trafic Rot (0,45 L) zum besten Preis und genie\u00dfen Sie ein gesundes Leben! Farbe: Rot Geschlecht: Unisex Empfohlenes Alter: Kinder Kapazit\u00e4t: 450 ml Art: Wasserflasche Enthalten: St\u00f6psel Empfohlene verwendung: Unisex &hellip; <\/p>\n<p class=\"more-link-wrap\"><a href=\"https:\/\/wildgear.itc-gmbh.shop\/en\/product\/wasserflasche-laken-oby-trafic-rot-045-l\/\" class=\"more-link\"><span>Read More<span class=\"screen-reader-text\"> &#8220;Wasserflasche Laken OBY Trafic Rot (0,45 L)&#8221;<\/span><\/span><\/a><\/p>","protected":false},"featured_media":17088,"comment_status":"open","ping_status":"closed","template":"","meta":{"inline_featured_image":false},"product_brand":[],"product_cat":[181,185,180],"product_tag":[177,178],"class_list":{"0":"post-8299","1":"product","2":"type-product","3":"status-publish","4":"has-post-thumbnail","6":"product_cat-camping-und-berge","7":"product_cat-flaschen-und-feldflaschen","8":"product_cat-sport-freizeit","9":"product_tag-tag_3","10":"product_tag-tag_17","12":"first","13":"instock","14":"taxable","15":"shipping-taxable","16":"purchasable","17":"product-type-simple"},"aioseo_notices":[],"jetpack_sharing_enabled":true,"_links":{"self":[{"href":"https:\/\/wildgear.itc-gmbh.shop\/en\/wp-json\/wp\/v2\/product\/8299","targetHints":{"allow":["GET"]}}],"collection":[{"href":"https:\/\/wildgear.itc-gmbh.shop\/en\/wp-json\/wp\/v2\/product"}],"about":[{"href":"https:\/\/wildgear.itc-gmbh.shop\/en\/wp-json\/wp\/v2\/types\/product"}],"replies":[{"embeddable":true,"href":"https:\/\/wildgear.itc-gmbh.shop\/en\/wp-json\/wp\/v2\/comments?post=8299"}],"wp:featuredmedia":[{"embeddable":true,"href":"https:\/\/wildgear.itc-gmbh.shop\/en\/wp-json\/wp\/v2\/media\/17088"}],"wp:attachment":[{"href":"https:\/\/wildgear.itc-gmbh.shop\/en\/wp-json\/wp\/v2\/media?parent=8299"}],"wp:term":[{"taxonomy":"product_brand","embeddable":true,"href":"https:\/\/wildgear.itc-gmbh.shop\/en\/wp-json\/wp\/v2\/product_brand?post=8299"},{"taxonomy":"product_cat","embeddable":true,"href":"https:\/\/wildgear.itc-gmbh.shop\/en\/wp-json\/wp\/v2\/product_cat?post=8299"},{"taxonomy":"product_tag","embeddable":true,"href":"https:\/\/wildgear.itc-gmbh.shop\/en\/wp-json\/wp\/v2\/product_tag?post=8299"}],"curies":[{"name":"wp","href":"https:\/\/api.w.org\/{rel}","templated":true}]}}