{"id":8325,"date":"2024-05-27T02:20:50","date_gmt":"2024-05-27T02:20:50","guid":{"rendered":"https:\/\/outdoor.itc-gmbh.shop\/product\/kantine-laken-112-aluminium-1-l\/"},"modified":"2024-10-06T00:08:35","modified_gmt":"2024-10-06T00:08:35","slug":"kantine-laken-112-aluminium-1-l","status":"publish","type":"product","link":"https:\/\/wildgear.itc-gmbh.shop\/en\/product\/kantine-laken-112-aluminium-1-l\/","title":{"rendered":"Kantine Laken 112 Aluminium (1 L)"},"content":{"rendered":"<p>Stay in shape and discover the latest innovations in the sector to practice sport in the best conditions! Buy <b>Kantine Laken 112 Aluminium (1 L)<\/b> at the best price and enjoy a healthy life!<\/p>\n<ul>\n<li>Art: Kantine<\/li>\n<li>Capacity: 1 L<\/li>\n<li>H\u00fclle: Neopren<\/li>\n<li>Material: Aluminum<\/li>\n<li>Empfohlene verwendung: Erwachsener Unisexueller<\/li>\n<li>Merkmale: Leichtgewicht<\/li>\n<\/ul>","protected":false},"excerpt":{"rendered":"<p>Bleiben Sie in Form und entdecken Sie die neuesten Innovationen der Branche, um mit den besten Voraussetzungen Sport zu betreiben! Kaufen Sie Kantine Laken 112 Aluminium (1 L) zum besten Preis und genie\u00dfen Sie ein gesundes Leben! Art: Kantine Kapazit\u00e4t: 1 L H\u00fclle: Neopren Material: Aluminium Empfohlene verwendung: Erwachsener Unisexueller Merkmale: Leichtgewicht<\/p>","protected":false},"featured_media":17130,"comment_status":"open","ping_status":"closed","template":"","meta":{"inline_featured_image":false},"product_brand":[],"product_cat":[181,185,180],"product_tag":[177,178],"class_list":{"0":"post-8325","1":"product","2":"type-product","3":"status-publish","4":"has-post-thumbnail","6":"product_cat-camping-und-berge","7":"product_cat-flaschen-und-feldflaschen","8":"product_cat-sport-freizeit","9":"product_tag-tag_3","10":"product_tag-tag_17","12":"first","13":"instock","14":"taxable","15":"shipping-taxable","16":"purchasable","17":"product-type-simple"},"aioseo_notices":[],"jetpack_sharing_enabled":true,"_links":{"self":[{"href":"https:\/\/wildgear.itc-gmbh.shop\/en\/wp-json\/wp\/v2\/product\/8325","targetHints":{"allow":["GET"]}}],"collection":[{"href":"https:\/\/wildgear.itc-gmbh.shop\/en\/wp-json\/wp\/v2\/product"}],"about":[{"href":"https:\/\/wildgear.itc-gmbh.shop\/en\/wp-json\/wp\/v2\/types\/product"}],"replies":[{"embeddable":true,"href":"https:\/\/wildgear.itc-gmbh.shop\/en\/wp-json\/wp\/v2\/comments?post=8325"}],"wp:featuredmedia":[{"embeddable":true,"href":"https:\/\/wildgear.itc-gmbh.shop\/en\/wp-json\/wp\/v2\/media\/17130"}],"wp:attachment":[{"href":"https:\/\/wildgear.itc-gmbh.shop\/en\/wp-json\/wp\/v2\/media?parent=8325"}],"wp:term":[{"taxonomy":"product_brand","embeddable":true,"href":"https:\/\/wildgear.itc-gmbh.shop\/en\/wp-json\/wp\/v2\/product_brand?post=8325"},{"taxonomy":"product_cat","embeddable":true,"href":"https:\/\/wildgear.itc-gmbh.shop\/en\/wp-json\/wp\/v2\/product_cat?post=8325"},{"taxonomy":"product_tag","embeddable":true,"href":"https:\/\/wildgear.itc-gmbh.shop\/en\/wp-json\/wp\/v2\/product_tag?post=8325"}],"curies":[{"name":"wp","href":"https:\/\/api.w.org\/{rel}","templated":true}]}}