{"id":8348,"date":"2024-05-27T02:21:10","date_gmt":"2024-05-27T02:21:10","guid":{"rendered":"https:\/\/outdoor.itc-gmbh.shop\/product\/trinkflasche-abbey-camp-sr021va-10-l\/"},"modified":"2024-10-06T00:09:27","modified_gmt":"2024-10-06T00:09:27","slug":"trinkflasche-abbey-camp-sr021va-10-l","status":"publish","type":"product","link":"https:\/\/wildgear.itc-gmbh.shop\/en\/product\/trinkflasche-abbey-camp-sr021va-10-l\/","title":{"rendered":"Trinkflasche Abbey Camp SR021VA 10 L"},"content":{"rendered":"<p>With these suggestions that will delight young and old, summer fun is guaranteed! Buy <b>Trinkflasche Abbey Camp SR021VA 10 L<\/b>] and enjoy your free time!<\/p>\n<ul>\n<li>Kapazit\u00e4t: 10 L<\/li>\n<li>Gender: Unisex<\/li>\n<li>Size: One size<\/li>\n<li>Farbe: Durchsichtig<\/li>\n<li>Material:\n<ul>\n<li>Polyethylene<\/li>\n<li>Plastic<\/li>\n<\/ul>\n<\/li>\n<li>Recommended age: Adults<\/li>\n<\/ul>","protected":false},"excerpt":{"rendered":"<p>Mit diesen Vorschl\u00e4gen, die Jung und Alt begeistern werden, ist der Sommerspa\u00df garantiert! Kaufen Sie Trinkflasche Abbey Camp SR021VA 10 L] und genie\u00dfen Sie Ihre Freizeit! Kapazit\u00e4t: 10 L Geschlecht: Unisex Gr\u00f6\u00dfe: Einheitsgr\u00f6\u00dfe Farbe: Durchsichtig Material: Poly\u00e4thylen Kunststoff Empfohlenes Alter: Erwachsene<\/p>","protected":false},"featured_media":17164,"comment_status":"open","ping_status":"closed","template":"","meta":{"inline_featured_image":false},"product_brand":[],"product_cat":[181,185,180],"product_tag":[177,178],"class_list":{"0":"post-8348","1":"product","2":"type-product","3":"status-publish","4":"has-post-thumbnail","6":"product_cat-camping-und-berge","7":"product_cat-flaschen-und-feldflaschen","8":"product_cat-sport-freizeit","9":"product_tag-tag_3","10":"product_tag-tag_17","12":"first","13":"instock","14":"taxable","15":"shipping-taxable","16":"purchasable","17":"product-type-simple"},"aioseo_notices":[],"jetpack_sharing_enabled":true,"_links":{"self":[{"href":"https:\/\/wildgear.itc-gmbh.shop\/en\/wp-json\/wp\/v2\/product\/8348","targetHints":{"allow":["GET"]}}],"collection":[{"href":"https:\/\/wildgear.itc-gmbh.shop\/en\/wp-json\/wp\/v2\/product"}],"about":[{"href":"https:\/\/wildgear.itc-gmbh.shop\/en\/wp-json\/wp\/v2\/types\/product"}],"replies":[{"embeddable":true,"href":"https:\/\/wildgear.itc-gmbh.shop\/en\/wp-json\/wp\/v2\/comments?post=8348"}],"wp:featuredmedia":[{"embeddable":true,"href":"https:\/\/wildgear.itc-gmbh.shop\/en\/wp-json\/wp\/v2\/media\/17164"}],"wp:attachment":[{"href":"https:\/\/wildgear.itc-gmbh.shop\/en\/wp-json\/wp\/v2\/media?parent=8348"}],"wp:term":[{"taxonomy":"product_brand","embeddable":true,"href":"https:\/\/wildgear.itc-gmbh.shop\/en\/wp-json\/wp\/v2\/product_brand?post=8348"},{"taxonomy":"product_cat","embeddable":true,"href":"https:\/\/wildgear.itc-gmbh.shop\/en\/wp-json\/wp\/v2\/product_cat?post=8348"},{"taxonomy":"product_tag","embeddable":true,"href":"https:\/\/wildgear.itc-gmbh.shop\/en\/wp-json\/wp\/v2\/product_tag?post=8348"}],"curies":[{"name":"wp","href":"https:\/\/api.w.org\/{rel}","templated":true}]}}