{"id":8482,"date":"2024-05-27T02:23:02","date_gmt":"2024-05-27T02:23:02","guid":{"rendered":"https:\/\/outdoor.itc-gmbh.shop\/product\/wasserflasche-safta-ship-blau-500-ml\/"},"modified":"2024-05-27T02:23:04","modified_gmt":"2024-05-27T02:23:04","slug":"wasserflasche-safta-ship-blau-500-ml","status":"publish","type":"product","link":"https:\/\/wildgear.itc-gmbh.shop\/en\/product\/wasserflasche-safta-ship-blau-500-ml\/","title":{"rendered":"Wasserflasche Safta Ship Blau (500 ml)"},"content":{"rendered":"<p>If you are looking for trendy new products on the market, we present to you <b>Wasserflasche Safta Ship Blau (500 ml)<\/b>!<\/p>\n<ul>\n<li>Color: Blue<\/li>\n<li>Material: PVC<\/li>\n<li>Capacity: 500 ml<\/li>\n<li>Features:\n<ul>\n<li>Without BPA<\/li>\n<li>Strap for shoulder bag<\/li>\n<\/ul>\n<\/li>\n<li>Opening: Automatic<\/li>\n<li>Design: Preschool<\/li>\n<li>Included: Straw<\/li>\n<li>Approx. dimensions: 7.3 x 19.5 x 7.3 cm<\/li>\n<\/ul>","protected":false},"excerpt":{"rendered":"<p>Wenn Sie auf der Suche nach trendigen Neuheiten auf dem Markt sind, pr\u00e4sentieren wir Ihnen Wasserflasche Safta Ship Blau (500 ml)! Farbe: Blau Material: PVC Kapazit\u00e4t: 500 ml Merkmale: Ohne BPA Riemen f\u00fcr Umh\u00e4ngetasche \u00d6ffnung: Automatisch Design: Vorschule Enthalten: Strohhalm Ma\u00dfe ca.: 7.3 x 19.5 x 7.3 cm<\/p>","protected":false},"featured_media":8481,"comment_status":"open","ping_status":"closed","template":"","meta":{"inline_featured_image":false},"product_brand":[],"product_cat":[181,185,180],"product_tag":[213,177,208],"class_list":{"0":"post-8482","1":"product","2":"type-product","3":"status-publish","4":"has-post-thumbnail","6":"product_cat-camping-und-berge","7":"product_cat-flaschen-und-feldflaschen","8":"product_cat-sport-freizeit","9":"product_tag-tag_69","10":"product_tag-tag_3","11":"product_tag-tag_650","13":"first","14":"outofstock","15":"taxable","16":"shipping-taxable","17":"purchasable","18":"product-type-simple"},"aioseo_notices":[],"jetpack_sharing_enabled":true,"_links":{"self":[{"href":"https:\/\/wildgear.itc-gmbh.shop\/en\/wp-json\/wp\/v2\/product\/8482","targetHints":{"allow":["GET"]}}],"collection":[{"href":"https:\/\/wildgear.itc-gmbh.shop\/en\/wp-json\/wp\/v2\/product"}],"about":[{"href":"https:\/\/wildgear.itc-gmbh.shop\/en\/wp-json\/wp\/v2\/types\/product"}],"replies":[{"embeddable":true,"href":"https:\/\/wildgear.itc-gmbh.shop\/en\/wp-json\/wp\/v2\/comments?post=8482"}],"wp:featuredmedia":[{"embeddable":true,"href":"https:\/\/wildgear.itc-gmbh.shop\/en\/wp-json\/wp\/v2\/media\/8481"}],"wp:attachment":[{"href":"https:\/\/wildgear.itc-gmbh.shop\/en\/wp-json\/wp\/v2\/media?parent=8482"}],"wp:term":[{"taxonomy":"product_brand","embeddable":true,"href":"https:\/\/wildgear.itc-gmbh.shop\/en\/wp-json\/wp\/v2\/product_brand?post=8482"},{"taxonomy":"product_cat","embeddable":true,"href":"https:\/\/wildgear.itc-gmbh.shop\/en\/wp-json\/wp\/v2\/product_cat?post=8482"},{"taxonomy":"product_tag","embeddable":true,"href":"https:\/\/wildgear.itc-gmbh.shop\/en\/wp-json\/wp\/v2\/product_tag?post=8482"}],"curies":[{"name":"wp","href":"https:\/\/api.w.org\/{rel}","templated":true}]}}