{"id":8498,"date":"2024-05-27T02:23:21","date_gmt":"2024-05-27T02:23:21","guid":{"rendered":"https:\/\/outdoor.itc-gmbh.shop\/product\/kantine-redcliffs-750-ml\/"},"modified":"2024-05-27T02:23:25","modified_gmt":"2024-05-27T02:23:25","slug":"kantine-redcliffs-750-ml","status":"publish","type":"product","link":"https:\/\/wildgear.itc-gmbh.shop\/en\/product\/kantine-redcliffs-750-ml\/","title":{"rendered":"Kantine Redcliffs 750 ml"},"content":{"rendered":"<p>Stay in shape and discover the latest innovations in the sector to practice sport in the best conditions! Buy <b>Kantine Redcliffs 750 ml<\/b> at the best price and enjoy a healthy life!<\/p>\n<ul>\n<li>Sport: Camping<\/li>\n<li>Important information:\n<ul>\n<li>Various designs. Shipping at random and depending on stock<\/li>\n<li>The image may not show all available assorted models<\/li>\n<\/ul>\n<\/li>\n<li>Color: Colorful<\/li>\n<li>Piece: 1 piece<\/li>\n<li>Art: Kantine<\/li>\n<li>Material: Aluminum<\/li>\n<li>Capacity: 750 ml<\/li>\n<\/ul>","protected":false},"excerpt":{"rendered":"<p>Bleiben Sie in Form und entdecken Sie die neuesten Innovationen der Branche, um mit den besten Voraussetzungen Sport zu betreiben! Kaufen Sie Kantine Redcliffs 750 ml zum besten Preis und genie\u00dfen Sie ein gesundes Leben! Sport: Camping Wichtige informationen: Verschiedene Designs. Versand nach Zufallsprinzip und vom Bestand abh\u00e4ngig Das Bild zeigt m\u00f6glicherweise nicht alle verf\u00fcgbaren &hellip; <\/p>\n<p class=\"more-link-wrap\"><a href=\"https:\/\/wildgear.itc-gmbh.shop\/en\/product\/kantine-redcliffs-750-ml\/\" class=\"more-link\"><span>Read More<span class=\"screen-reader-text\"> &#8220;Kantine Redcliffs 750 ml&#8221;<\/span><\/span><\/a><\/p>","protected":false},"featured_media":8497,"comment_status":"open","ping_status":"closed","template":"","meta":{"inline_featured_image":false},"product_brand":[],"product_cat":[181,185,180],"product_tag":[177,178],"class_list":{"0":"post-8498","1":"product","2":"type-product","3":"status-publish","4":"has-post-thumbnail","6":"product_cat-camping-und-berge","7":"product_cat-flaschen-und-feldflaschen","8":"product_cat-sport-freizeit","9":"product_tag-tag_3","10":"product_tag-tag_17","12":"first","13":"instock","14":"taxable","15":"shipping-taxable","16":"purchasable","17":"product-type-simple"},"aioseo_notices":[],"jetpack_sharing_enabled":true,"_links":{"self":[{"href":"https:\/\/wildgear.itc-gmbh.shop\/en\/wp-json\/wp\/v2\/product\/8498","targetHints":{"allow":["GET"]}}],"collection":[{"href":"https:\/\/wildgear.itc-gmbh.shop\/en\/wp-json\/wp\/v2\/product"}],"about":[{"href":"https:\/\/wildgear.itc-gmbh.shop\/en\/wp-json\/wp\/v2\/types\/product"}],"replies":[{"embeddable":true,"href":"https:\/\/wildgear.itc-gmbh.shop\/en\/wp-json\/wp\/v2\/comments?post=8498"}],"wp:featuredmedia":[{"embeddable":true,"href":"https:\/\/wildgear.itc-gmbh.shop\/en\/wp-json\/wp\/v2\/media\/8497"}],"wp:attachment":[{"href":"https:\/\/wildgear.itc-gmbh.shop\/en\/wp-json\/wp\/v2\/media?parent=8498"}],"wp:term":[{"taxonomy":"product_brand","embeddable":true,"href":"https:\/\/wildgear.itc-gmbh.shop\/en\/wp-json\/wp\/v2\/product_brand?post=8498"},{"taxonomy":"product_cat","embeddable":true,"href":"https:\/\/wildgear.itc-gmbh.shop\/en\/wp-json\/wp\/v2\/product_cat?post=8498"},{"taxonomy":"product_tag","embeddable":true,"href":"https:\/\/wildgear.itc-gmbh.shop\/en\/wp-json\/wp\/v2\/product_tag?post=8498"}],"curies":[{"name":"wp","href":"https:\/\/api.w.org\/{rel}","templated":true}]}}