{"id":9370,"date":"2024-05-27T02:32:36","date_gmt":"2024-05-27T02:32:36","guid":{"rendered":"https:\/\/outdoor.itc-gmbh.shop\/product\/flasche-schwarz-durchsichtig-kunststoff-1-l-83-x-23-x-83-cm-12-stueck\/"},"modified":"2024-05-27T02:32:37","modified_gmt":"2024-05-27T02:32:37","slug":"flasche-schwarz-durchsichtig-kunststoff-1-l-83-x-23-x-83-cm-12-stueck","status":"publish","type":"product","link":"https:\/\/wildgear.itc-gmbh.shop\/en\/product\/flasche-schwarz-durchsichtig-kunststoff-1-l-83-x-23-x-83-cm-12-stueck\/","title":{"rendered":"Flasche Schwarz Durchsichtig Kunststoff 1 L 8,3 x 23 x 8,3 cm (12 St\u00fcck)"},"content":{"rendered":"<p>Stay in shape and discover the latest innovations in the sector to practice sport in the best conditions! Buy <b>Flasche Schwarz Durchsichtig Kunststoff 1 L 8,3 x 23 x 8,3 cm (12 St\u00fcck)<\/b> at the best price and enjoy a healthy life!<\/p>\n<ul>\n<li>Color:\n<ul>\n<li>Black<\/li>\n<li>Durchsichtig<\/li>\n<\/ul>\n<\/li>\n<li>Material: Plastic<\/li>\n<li>Capacity: 1 L<\/li>\n<li>Piece: 12 pieces<\/li>\n<li>Ma\u00dfe ca.: 8,3 x 23 x 8,3 cm<\/li>\n<li>Type: Kitchen<\/li>\n<\/ul>","protected":false},"excerpt":{"rendered":"<p>Bleiben Sie in Form und entdecken Sie die neuesten Innovationen der Branche, um mit den besten Voraussetzungen Sport zu betreiben! Kaufen Sie Flasche Schwarz Durchsichtig Kunststoff 1 L 8,3 x 23 x 8,3 cm (12 St\u00fcck) zum besten Preis und genie\u00dfen Sie ein gesundes Leben! Farbe: Schwarz Durchsichtig Material: Kunststoff Kapazit\u00e4t: 1 L St\u00fcck: 12 &hellip; <\/p>\n<p class=\"more-link-wrap\"><a href=\"https:\/\/wildgear.itc-gmbh.shop\/en\/product\/flasche-schwarz-durchsichtig-kunststoff-1-l-83-x-23-x-83-cm-12-stueck\/\" class=\"more-link\"><span>Read More<span class=\"screen-reader-text\"> &#8220;Flasche Schwarz Durchsichtig Kunststoff 1 L 8,3 x 23 x 8,3 cm (12 St\u00fcck)&#8221;<\/span><\/span><\/a><\/p>","protected":false},"featured_media":9369,"comment_status":"open","ping_status":"closed","template":"","meta":{"inline_featured_image":false},"product_brand":[],"product_cat":[181,185,180],"product_tag":[177,178],"class_list":{"0":"post-9370","1":"product","2":"type-product","3":"status-publish","4":"has-post-thumbnail","6":"product_cat-camping-und-berge","7":"product_cat-flaschen-und-feldflaschen","8":"product_cat-sport-freizeit","9":"product_tag-tag_3","10":"product_tag-tag_17","12":"first","13":"instock","14":"taxable","15":"shipping-taxable","16":"purchasable","17":"product-type-simple"},"aioseo_notices":[],"jetpack_sharing_enabled":true,"_links":{"self":[{"href":"https:\/\/wildgear.itc-gmbh.shop\/en\/wp-json\/wp\/v2\/product\/9370","targetHints":{"allow":["GET"]}}],"collection":[{"href":"https:\/\/wildgear.itc-gmbh.shop\/en\/wp-json\/wp\/v2\/product"}],"about":[{"href":"https:\/\/wildgear.itc-gmbh.shop\/en\/wp-json\/wp\/v2\/types\/product"}],"replies":[{"embeddable":true,"href":"https:\/\/wildgear.itc-gmbh.shop\/en\/wp-json\/wp\/v2\/comments?post=9370"}],"wp:featuredmedia":[{"embeddable":true,"href":"https:\/\/wildgear.itc-gmbh.shop\/en\/wp-json\/wp\/v2\/media\/9369"}],"wp:attachment":[{"href":"https:\/\/wildgear.itc-gmbh.shop\/en\/wp-json\/wp\/v2\/media?parent=9370"}],"wp:term":[{"taxonomy":"product_brand","embeddable":true,"href":"https:\/\/wildgear.itc-gmbh.shop\/en\/wp-json\/wp\/v2\/product_brand?post=9370"},{"taxonomy":"product_cat","embeddable":true,"href":"https:\/\/wildgear.itc-gmbh.shop\/en\/wp-json\/wp\/v2\/product_cat?post=9370"},{"taxonomy":"product_tag","embeddable":true,"href":"https:\/\/wildgear.itc-gmbh.shop\/en\/wp-json\/wp\/v2\/product_tag?post=9370"}],"curies":[{"name":"wp","href":"https:\/\/api.w.org\/{rel}","templated":true}]}}