{"id":9799,"date":"2024-05-27T02:38:17","date_gmt":"2024-05-27T02:38:17","guid":{"rendered":"https:\/\/outdoor.itc-gmbh.shop\/product\/thermosflasche-stanley-legendary-classic-1-l-blau-edelstahl\/"},"modified":"2024-05-27T02:38:19","modified_gmt":"2024-05-27T02:38:19","slug":"thermosflasche-stanley-legendary-classic-1-l-blau-edelstahl","status":"publish","type":"product","link":"https:\/\/wildgear.itc-gmbh.shop\/en\/product\/thermosflasche-stanley-legendary-classic-1-l-blau-edelstahl\/","title":{"rendered":"Thermosflasche Stanley Legendary Classic 1 L Blau Edelstahl"},"content":{"rendered":"<p>Stay in shape and discover the latest innovations in the sector to practice sport in the best conditions! Buy <b>Thermosflasche Stanley Legendary Classic 1 L Blau Edelstahl<\/b> at the best price and enjoy a healthy life!<\/p>\n<ul>\n<li>Capacity: 1 L<\/li>\n<li>Color: Blue<\/li>\n<li>Material: Stainless steel<\/li>\n<li>Features:\n<ul>\n<li>mit Deckel<\/li>\n<li>Dishwashers<\/li>\n<li>Leak-proof<\/li>\n<\/ul>\n<\/li>\n<li>Included: Carrying handle<\/li>\n<li>F\u00fcr Au\u00dfenanwendungen: Ideal f\u00fcr Picknicks und Campingausfl\u00fcge, sowie f\u00fcr den Garten oder Strand etc.<\/li>\n<\/ul>","protected":false},"excerpt":{"rendered":"<p>Bleiben Sie in Form und entdecken Sie die neuesten Innovationen der Branche, um mit den besten Voraussetzungen Sport zu betreiben! Kaufen Sie Thermosflasche Stanley Legendary Classic 1 L Blau Edelstahl zum besten Preis und genie\u00dfen Sie ein gesundes Leben! Kapazit\u00e4t: 1 L Farbe: Blau Material: Edelstahl Merkmale: mit Deckel Sp\u00fclmaschinen Auslaufsicher Enthalten: Tragegriff F\u00fcr Au\u00dfenanwendungen: &hellip; <\/p>\n<p class=\"more-link-wrap\"><a href=\"https:\/\/wildgear.itc-gmbh.shop\/en\/product\/thermosflasche-stanley-legendary-classic-1-l-blau-edelstahl\/\" class=\"more-link\"><span>Read More<span class=\"screen-reader-text\"> &#8220;Thermosflasche Stanley Legendary Classic 1 L Blau Edelstahl&#8221;<\/span><\/span><\/a><\/p>","protected":false},"featured_media":9798,"comment_status":"open","ping_status":"closed","template":"","meta":{"inline_featured_image":false},"product_brand":[],"product_cat":[181,185,180],"product_tag":[177,178],"class_list":{"0":"post-9799","1":"product","2":"type-product","3":"status-publish","4":"has-post-thumbnail","6":"product_cat-camping-und-berge","7":"product_cat-flaschen-und-feldflaschen","8":"product_cat-sport-freizeit","9":"product_tag-tag_3","10":"product_tag-tag_17","12":"first","13":"outofstock","14":"taxable","15":"shipping-taxable","16":"purchasable","17":"product-type-simple"},"aioseo_notices":[],"jetpack_sharing_enabled":true,"_links":{"self":[{"href":"https:\/\/wildgear.itc-gmbh.shop\/en\/wp-json\/wp\/v2\/product\/9799","targetHints":{"allow":["GET"]}}],"collection":[{"href":"https:\/\/wildgear.itc-gmbh.shop\/en\/wp-json\/wp\/v2\/product"}],"about":[{"href":"https:\/\/wildgear.itc-gmbh.shop\/en\/wp-json\/wp\/v2\/types\/product"}],"replies":[{"embeddable":true,"href":"https:\/\/wildgear.itc-gmbh.shop\/en\/wp-json\/wp\/v2\/comments?post=9799"}],"wp:featuredmedia":[{"embeddable":true,"href":"https:\/\/wildgear.itc-gmbh.shop\/en\/wp-json\/wp\/v2\/media\/9798"}],"wp:attachment":[{"href":"https:\/\/wildgear.itc-gmbh.shop\/en\/wp-json\/wp\/v2\/media?parent=9799"}],"wp:term":[{"taxonomy":"product_brand","embeddable":true,"href":"https:\/\/wildgear.itc-gmbh.shop\/en\/wp-json\/wp\/v2\/product_brand?post=9799"},{"taxonomy":"product_cat","embeddable":true,"href":"https:\/\/wildgear.itc-gmbh.shop\/en\/wp-json\/wp\/v2\/product_cat?post=9799"},{"taxonomy":"product_tag","embeddable":true,"href":"https:\/\/wildgear.itc-gmbh.shop\/en\/wp-json\/wp\/v2\/product_tag?post=9799"}],"curies":[{"name":"wp","href":"https:\/\/api.w.org\/{rel}","templated":true}]}}