{"id":10004,"date":"2024-05-27T02:41:13","date_gmt":"2024-05-27T02:41:13","guid":{"rendered":"https:\/\/outdoor.itc-gmbh.shop\/product\/flasche-gabbys-dollhouse-400-ml-fuer-kinder-aluminium\/"},"modified":"2024-05-27T02:41:14","modified_gmt":"2024-05-27T02:41:14","slug":"flasche-gabbys-dollhouse-400-ml-fuer-kinder-aluminium","status":"publish","type":"product","link":"https:\/\/wildgear.itc-gmbh.shop\/es\/product\/flasche-gabbys-dollhouse-400-ml-fuer-kinder-aluminium\/","title":{"rendered":"Flasche Gabby&#8217;s Dollhouse 400 ml F\u00fcr Kinder Aluminium"},"content":{"rendered":"<p>Vuelve a la oficina sin olvidar ning\u00fan detalle: Compre <b>Flasche Gabby&#8217;s Dollhouse 400 ml F\u00fcr Kinder Aluminium<\/b> \u00a1y sea la envidia de sus colegas!<\/p>\n<ul>\n<li>Kapazit\u00e4t: 400 ml<\/li>\n<li>Tipo: Botella<\/li>\n<li>Sexo: Para ni\u00f1os<\/li>\n<li>Material: Aluminio<\/li>\n<\/ul>","protected":false},"excerpt":{"rendered":"<p>4.3075 &euro; \/ 100 ml<\/p>","protected":false},"featured_media":10003,"comment_status":"open","ping_status":"closed","template":"","meta":{"inline_featured_image":false},"product_brand":[],"product_cat":[181,185,180],"product_tag":[476,209,213,177,478,208],"class_list":{"0":"post-10004","1":"product","2":"type-product","3":"status-publish","4":"has-post-thumbnail","6":"product_cat-camping-und-berge","7":"product_cat-flaschen-und-feldflaschen","8":"product_cat-sport-freizeit","9":"product_tag-tag_933","10":"product_tag-tag_768","11":"product_tag-tag_69","12":"product_tag-tag_3","13":"product_tag-tag_71","14":"product_tag-tag_650","16":"first","17":"outofstock","18":"taxable","19":"shipping-taxable","20":"purchasable","21":"product-type-simple"},"aioseo_notices":[],"jetpack_sharing_enabled":true,"_links":{"self":[{"href":"https:\/\/wildgear.itc-gmbh.shop\/es\/wp-json\/wp\/v2\/product\/10004","targetHints":{"allow":["GET"]}}],"collection":[{"href":"https:\/\/wildgear.itc-gmbh.shop\/es\/wp-json\/wp\/v2\/product"}],"about":[{"href":"https:\/\/wildgear.itc-gmbh.shop\/es\/wp-json\/wp\/v2\/types\/product"}],"replies":[{"embeddable":true,"href":"https:\/\/wildgear.itc-gmbh.shop\/es\/wp-json\/wp\/v2\/comments?post=10004"}],"wp:featuredmedia":[{"embeddable":true,"href":"https:\/\/wildgear.itc-gmbh.shop\/es\/wp-json\/wp\/v2\/media\/10003"}],"wp:attachment":[{"href":"https:\/\/wildgear.itc-gmbh.shop\/es\/wp-json\/wp\/v2\/media?parent=10004"}],"wp:term":[{"taxonomy":"product_brand","embeddable":true,"href":"https:\/\/wildgear.itc-gmbh.shop\/es\/wp-json\/wp\/v2\/product_brand?post=10004"},{"taxonomy":"product_cat","embeddable":true,"href":"https:\/\/wildgear.itc-gmbh.shop\/es\/wp-json\/wp\/v2\/product_cat?post=10004"},{"taxonomy":"product_tag","embeddable":true,"href":"https:\/\/wildgear.itc-gmbh.shop\/es\/wp-json\/wp\/v2\/product_tag?post=10004"}],"curies":[{"name":"wp","href":"https:\/\/api.w.org\/{rel}","templated":true}]}}