{"id":10377,"date":"2024-05-27T02:46:42","date_gmt":"2024-05-27T02:46:42","guid":{"rendered":"https:\/\/outdoor.itc-gmbh.shop\/product\/taschenlampe-varta-work-flex-pocket-light-15-w-110-lm\/"},"modified":"2024-05-27T02:46:45","modified_gmt":"2024-05-27T02:46:45","slug":"taschenlampe-varta-work-flex-pocket-light-15-w-110-lm","status":"publish","type":"product","link":"https:\/\/wildgear.itc-gmbh.shop\/es\/product\/taschenlampe-varta-work-flex-pocket-light-15-w-110-lm\/","title":{"rendered":"Taschenlampe Varta Work Flex Pocket Light 1,5 W 110 Lm"},"content":{"rendered":"<p>Si le apasiona <b>Inform\u00e1tica y electr\u00f3nica<\/b>quiere estar a la \u00faltima en tecnolog\u00eda y no perderse ni el m\u00e1s m\u00ednimo detalle, compre <b>Taschenlampe Varta Work Flex Pocket Light 1,5 W 110 Lm<\/b>.<\/p>\n<ul>\n<li>Tipo: Linterna<\/li>\n<li>N\u00famero de pilas: 3<\/li>\n<li>Tipo de pila: AAA<\/li>\n<li>Pilas incluidas: S\u00ed<\/li>\n<li>Reichweite: 40 m<\/li>\n<li>Protecci\u00f3n: IPX4<\/li>\n<li>Aufladbar: Ja<\/li>\n<li>Ungef\u00e4hre Reichweite: 6 Stunden<\/li>\n<li>Lichttyp: LED Leicht<\/li>\n<li>Enthalten: Magnet<\/li>\n<li>Lichtstrom: 110 Lm<\/li>\n<li>Funciona con pilas: S\u00ed<\/li>\n<li>Leistung: 1,5 W<\/li>\n<li>Spannung: 1.5 V<\/li>\n<\/ul>","protected":false},"excerpt":{"rendered":"<p>Wenn Sie sich leidenschaftlich mit IT und Elektronikbesch\u00e4ftigen, mit der Technologie auf dem neuesten Stand sein wollen und nicht einmal die winzigsten Einzelheiten auslassen, kaufen Sie Taschenlampe Varta Work Flex Pocket Light 1,5 W 110 Lm. Art: Taschenlampe Anzahl der Batterien: 3 Batterie-Typ: AAA Inklusive Batterien: Ja Reichweite: 40 m Schutz: IPX4 Aufladbar: Ja Ungef\u00e4hre &hellip; <\/p>\n<p class=\"more-link-wrap\"><a href=\"https:\/\/wildgear.itc-gmbh.shop\/es\/product\/taschenlampe-varta-work-flex-pocket-light-15-w-110-lm\/\" class=\"more-link\"><span>Read More<span class=\"screen-reader-text\"> &#8220;Taschenlampe Varta Work Flex Pocket Light 1,5 W 110 Lm&#8221;<\/span><\/span><\/a><\/p>","protected":false},"featured_media":10376,"comment_status":"open","ping_status":"closed","template":"","meta":{"inline_featured_image":false},"product_brand":[],"product_cat":[181,180,195],"product_tag":[561,193,213,194,177,208],"class_list":{"0":"post-10377","1":"product","2":"type-product","3":"status-publish","4":"has-post-thumbnail","6":"product_cat-camping-und-berge","7":"product_cat-sport-freizeit","8":"product_cat-taschenlampen","9":"product_tag-tag_21","10":"product_tag-tag_25","11":"product_tag-tag_69","12":"product_tag-tag_370","13":"product_tag-tag_3","14":"product_tag-tag_650","16":"first","17":"instock","18":"taxable","19":"shipping-taxable","20":"purchasable","21":"product-type-simple"},"aioseo_notices":[],"jetpack_sharing_enabled":true,"_links":{"self":[{"href":"https:\/\/wildgear.itc-gmbh.shop\/es\/wp-json\/wp\/v2\/product\/10377","targetHints":{"allow":["GET"]}}],"collection":[{"href":"https:\/\/wildgear.itc-gmbh.shop\/es\/wp-json\/wp\/v2\/product"}],"about":[{"href":"https:\/\/wildgear.itc-gmbh.shop\/es\/wp-json\/wp\/v2\/types\/product"}],"replies":[{"embeddable":true,"href":"https:\/\/wildgear.itc-gmbh.shop\/es\/wp-json\/wp\/v2\/comments?post=10377"}],"wp:featuredmedia":[{"embeddable":true,"href":"https:\/\/wildgear.itc-gmbh.shop\/es\/wp-json\/wp\/v2\/media\/10376"}],"wp:attachment":[{"href":"https:\/\/wildgear.itc-gmbh.shop\/es\/wp-json\/wp\/v2\/media?parent=10377"}],"wp:term":[{"taxonomy":"product_brand","embeddable":true,"href":"https:\/\/wildgear.itc-gmbh.shop\/es\/wp-json\/wp\/v2\/product_brand?post=10377"},{"taxonomy":"product_cat","embeddable":true,"href":"https:\/\/wildgear.itc-gmbh.shop\/es\/wp-json\/wp\/v2\/product_cat?post=10377"},{"taxonomy":"product_tag","embeddable":true,"href":"https:\/\/wildgear.itc-gmbh.shop\/es\/wp-json\/wp\/v2\/product_tag?post=10377"}],"curies":[{"name":"wp","href":"https:\/\/api.w.org\/{rel}","templated":true}]}}