{"id":10391,"date":"2024-05-27T02:46:55","date_gmt":"2024-05-27T02:46:55","guid":{"rendered":"https:\/\/outdoor.itc-gmbh.shop\/product\/taschenlampe-led-varta-indestructible-bl20-6-w-400-lm\/"},"modified":"2024-05-27T02:46:55","modified_gmt":"2024-05-27T02:46:55","slug":"taschenlampe-led-varta-indestructible-bl20-6-w-400-lm","status":"publish","type":"product","link":"https:\/\/wildgear.itc-gmbh.shop\/es\/product\/taschenlampe-led-varta-indestructible-bl20-6-w-400-lm\/","title":{"rendered":"Taschenlampe LED Varta Indestructible BL20 6 W 400 lm"},"content":{"rendered":"<p>S\u00f3lo queremos lo mejor para nuestros hijos, por eso queremos ofrecerte <b>Taschenlampe LED Varta Indestructible BL20 6 W 400 lm<\/b> perfecto para quienes buscan productos de alta calidad para sus peque\u00f1os. Comprar ahora <b>Varta<\/b> a los mejores precios<\/p>\n<ul>\n<li>Tipo: Linterna<\/li>\n<li>Anzahl der Batterien: 6<\/li>\n<li>IP-Klassifizierung: IP54<\/li>\n<li>Tipo de pila: AA<\/li>\n<li>Pilas incluidas: S\u00ed<\/li>\n<li>Leistung: 6 W<\/li>\n<li>Recargable: Ninguna<\/li>\n<li>Flujo luminoso: 400 lm<\/li>\n<li>Reichweite: 400 m<\/li>\n<li>Lichttyp: LED Leicht<\/li>\n<li>Funciona con pilas: S\u00ed<\/li>\n<\/ul>","protected":false},"excerpt":{"rendered":"<p>F\u00fcr unsere Kinder m\u00f6chten wir nur das Beste, und deshalb m\u00f6chten wir Ihnen Taschenlampe LED Varta Indestructible BL20 6 W 400 lm vorstellen, perfekt f\u00fcr alle, die qualitativ hochwertige Produkte f\u00fcr die Kleinsten suchen. Kaufen Sie Varta zu den besten Preisen! Art: Taschenlampe Anzahl der Batterien: 6 IP-Klassifizierung: IP54 Batterie-Typ: AA Inklusive Batterien: Ja Leistung: &hellip; <\/p>\n<p class=\"more-link-wrap\"><a href=\"https:\/\/wildgear.itc-gmbh.shop\/es\/product\/taschenlampe-led-varta-indestructible-bl20-6-w-400-lm\/\" class=\"more-link\"><span>Read More<span class=\"screen-reader-text\"> &#8220;Taschenlampe LED Varta Indestructible BL20 6 W 400 lm&#8221;<\/span><\/span><\/a><\/p>","protected":false},"featured_media":10390,"comment_status":"open","ping_status":"closed","template":"","meta":{"inline_featured_image":false},"product_brand":[],"product_cat":[181,180,195],"product_tag":[193,194,177],"class_list":{"0":"post-10391","1":"product","2":"type-product","3":"status-publish","4":"has-post-thumbnail","6":"product_cat-camping-und-berge","7":"product_cat-sport-freizeit","8":"product_cat-taschenlampen","9":"product_tag-tag_25","10":"product_tag-tag_370","11":"product_tag-tag_3","13":"first","14":"instock","15":"taxable","16":"shipping-taxable","17":"purchasable","18":"product-type-simple"},"aioseo_notices":[],"jetpack_sharing_enabled":true,"_links":{"self":[{"href":"https:\/\/wildgear.itc-gmbh.shop\/es\/wp-json\/wp\/v2\/product\/10391","targetHints":{"allow":["GET"]}}],"collection":[{"href":"https:\/\/wildgear.itc-gmbh.shop\/es\/wp-json\/wp\/v2\/product"}],"about":[{"href":"https:\/\/wildgear.itc-gmbh.shop\/es\/wp-json\/wp\/v2\/types\/product"}],"replies":[{"embeddable":true,"href":"https:\/\/wildgear.itc-gmbh.shop\/es\/wp-json\/wp\/v2\/comments?post=10391"}],"wp:featuredmedia":[{"embeddable":true,"href":"https:\/\/wildgear.itc-gmbh.shop\/es\/wp-json\/wp\/v2\/media\/10390"}],"wp:attachment":[{"href":"https:\/\/wildgear.itc-gmbh.shop\/es\/wp-json\/wp\/v2\/media?parent=10391"}],"wp:term":[{"taxonomy":"product_brand","embeddable":true,"href":"https:\/\/wildgear.itc-gmbh.shop\/es\/wp-json\/wp\/v2\/product_brand?post=10391"},{"taxonomy":"product_cat","embeddable":true,"href":"https:\/\/wildgear.itc-gmbh.shop\/es\/wp-json\/wp\/v2\/product_cat?post=10391"},{"taxonomy":"product_tag","embeddable":true,"href":"https:\/\/wildgear.itc-gmbh.shop\/es\/wp-json\/wp\/v2\/product_tag?post=10391"}],"curies":[{"name":"wp","href":"https:\/\/api.w.org\/{rel}","templated":true}]}}