{"id":11181,"date":"2024-05-27T02:58:11","date_gmt":"2024-05-27T02:58:11","guid":{"rendered":"https:\/\/outdoor.itc-gmbh.shop\/product\/guerteltasche-john-smith-b-22218-einheitsgroesse-blau-2\/"},"modified":"2024-05-27T02:58:12","modified_gmt":"2024-05-27T02:58:12","slug":"guerteltasche-john-smith-b-22218-einheitsgroesse-blau-2","status":"publish","type":"product","link":"https:\/\/wildgear.itc-gmbh.shop\/es\/product\/guerteltasche-john-smith-b-22218-einheitsgroesse-blau-2\/","title":{"rendered":"G\u00fcrteltasche John Smith B-22218 Einheitsgr\u00f6\u00dfe Blau"},"content":{"rendered":"<p>Si desea renovar su vestuario, le recomendamos <b>G\u00fcrteltasche John Smith B-22218 Einheitsgr\u00f6\u00dfe Blau<\/b> y m\u00e1s <b> Produkte von John Smith<\/b>\u00a1! \u00a1Ahora para usted la mejor calidad al mejor precio!<\/p>\n<ul>\n<li>Talla: \u00fanica<\/li>\n<li>Tipo: Ri\u00f1onera<\/li>\n<li>Color: Azul<\/li>\n<li>Sexo: Mujeres<\/li>\n<li>Edad recomendada: Adultos<\/li>\n<li>Material: Pl\u00e1stico<\/li>\n<\/ul>","protected":false},"excerpt":{"rendered":"<p>Wenn Sie Ihren Kleiderschrank erneuern m\u00f6chten, empfehlen wir Ihnen G\u00fcrteltasche John Smith B-22218 Einheitsgr\u00f6\u00dfe Blau und weitere Produkte von John Smith! Jetzt f\u00fcr Sie die beste Qualit\u00e4t zum besten Preis! Gr\u00f6\u00dfe: Einheitsgr\u00f6\u00dfe Art: G\u00fcrteltasche Farbe: Blau Geschlecht: Damen Empfohlenes Alter: Erwachsene Material: Kunststoff<\/p>","protected":false},"featured_media":11180,"comment_status":"open","ping_status":"closed","template":"","meta":{"inline_featured_image":false},"product_brand":[],"product_cat":[181,205,180],"product_tag":[177,178],"class_list":{"0":"post-11181","1":"product","2":"type-product","3":"status-publish","4":"has-post-thumbnail","6":"product_cat-camping-und-berge","7":"product_cat-rucksacke-und-taschen","8":"product_cat-sport-freizeit","9":"product_tag-tag_3","10":"product_tag-tag_17","12":"first","13":"instock","14":"taxable","15":"shipping-taxable","16":"purchasable","17":"product-type-simple"},"aioseo_notices":[],"jetpack_sharing_enabled":true,"_links":{"self":[{"href":"https:\/\/wildgear.itc-gmbh.shop\/es\/wp-json\/wp\/v2\/product\/11181","targetHints":{"allow":["GET"]}}],"collection":[{"href":"https:\/\/wildgear.itc-gmbh.shop\/es\/wp-json\/wp\/v2\/product"}],"about":[{"href":"https:\/\/wildgear.itc-gmbh.shop\/es\/wp-json\/wp\/v2\/types\/product"}],"replies":[{"embeddable":true,"href":"https:\/\/wildgear.itc-gmbh.shop\/es\/wp-json\/wp\/v2\/comments?post=11181"}],"wp:featuredmedia":[{"embeddable":true,"href":"https:\/\/wildgear.itc-gmbh.shop\/es\/wp-json\/wp\/v2\/media\/11180"}],"wp:attachment":[{"href":"https:\/\/wildgear.itc-gmbh.shop\/es\/wp-json\/wp\/v2\/media?parent=11181"}],"wp:term":[{"taxonomy":"product_brand","embeddable":true,"href":"https:\/\/wildgear.itc-gmbh.shop\/es\/wp-json\/wp\/v2\/product_brand?post=11181"},{"taxonomy":"product_cat","embeddable":true,"href":"https:\/\/wildgear.itc-gmbh.shop\/es\/wp-json\/wp\/v2\/product_cat?post=11181"},{"taxonomy":"product_tag","embeddable":true,"href":"https:\/\/wildgear.itc-gmbh.shop\/es\/wp-json\/wp\/v2\/product_tag?post=11181"}],"curies":[{"name":"wp","href":"https:\/\/api.w.org\/{rel}","templated":true}]}}