{"id":11257,"date":"2024-05-27T02:59:37","date_gmt":"2024-05-27T02:59:37","guid":{"rendered":"https:\/\/outdoor.itc-gmbh.shop\/product\/korb-dkd-home-decor-picnic-natuerlich-blau-korb-48-x-32-x-22-cm\/"},"modified":"2024-05-27T02:59:41","modified_gmt":"2024-05-27T02:59:41","slug":"korb-dkd-home-decor-picnic-natuerlich-blau-korb-48-x-32-x-22-cm","status":"publish","type":"product","link":"https:\/\/wildgear.itc-gmbh.shop\/es\/product\/korb-dkd-home-decor-picnic-natuerlich-blau-korb-48-x-32-x-22-cm\/","title":{"rendered":"Korb DKD Home Decor Picnic nat\u00fcrlich Blau korb (48 x 32 x 22 cm)"},"content":{"rendered":"<p>Si valora los detalles a la hora de amueblar su casa y quiere estar al d\u00eda de los productos que le hacen la vida m\u00e1s f\u00e1cil, compre <b>Korb DKD Home Decor Picnic nat\u00fcrlich Blau korb (48 x 32 x 22 cm)<\/b> al mejor precio.<\/p>\n<ul>\n<li>Art:\n<ul>\n<li>Picnic<\/li>\n<li>Frigor\u00edfico<\/li>\n<\/ul>\n<\/li>\n<li>Incluido:\n<ul>\n<li>Gl\u00e4ser x 4<\/li>\n<li>Messer x 4<\/li>\n<li>Abridor<\/li>\n<li>L\u00f6ffel x 4<\/li>\n<li>Gabel x 4<\/li>\n<\/ul>\n<\/li>\n<li>Color:\n<ul>\n<li>Azul<\/li>\n<li>natural<\/li>\n<\/ul>\n<\/li>\n<li>Material: cesta<\/li>\n<li>Ajustable: Ninguna<\/li>\n<li>Ma\u00dfe ca.: 48 x 32 x 22 cm<\/li>\n<\/ul>","protected":false},"excerpt":{"rendered":"<p>Wenn Sie bei der Einrichtung ihres Heims Wert auf Details legen und bei Produkten, die Ihnen das Leben leichter machen, auf dem letzten Stand sein m\u00f6chten, dann kaufen Sie Korb DKD Home Decor Picnic nat\u00fcrlich Blau korb (48 x 32 x 22 cm) zum besten Preis. Art: Picnic K\u00fchlschrank Enthalten: Gl\u00e4ser x 4 Messer x &hellip; <\/p>\n<p class=\"more-link-wrap\"><a href=\"https:\/\/wildgear.itc-gmbh.shop\/es\/product\/korb-dkd-home-decor-picnic-natuerlich-blau-korb-48-x-32-x-22-cm\/\" class=\"more-link\"><span>Read More<span class=\"screen-reader-text\"> &#8220;Korb DKD Home Decor Picnic nat\u00fcrlich Blau korb (48 x 32 x 22 cm)&#8221;<\/span><\/span><\/a><\/p>","protected":false},"featured_media":11256,"comment_status":"open","ping_status":"closed","template":"","meta":{"inline_featured_image":false},"product_brand":[],"product_cat":[181,205,180],"product_tag":[213,564,177,208],"class_list":{"0":"post-11257","1":"product","2":"type-product","3":"status-publish","4":"has-post-thumbnail","6":"product_cat-camping-und-berge","7":"product_cat-rucksacke-und-taschen","8":"product_cat-sport-freizeit","9":"product_tag-tag_69","10":"product_tag-tag_52","11":"product_tag-tag_3","12":"product_tag-tag_650","14":"first","15":"outofstock","16":"taxable","17":"shipping-taxable","18":"purchasable","19":"product-type-simple"},"aioseo_notices":[],"jetpack_sharing_enabled":true,"_links":{"self":[{"href":"https:\/\/wildgear.itc-gmbh.shop\/es\/wp-json\/wp\/v2\/product\/11257","targetHints":{"allow":["GET"]}}],"collection":[{"href":"https:\/\/wildgear.itc-gmbh.shop\/es\/wp-json\/wp\/v2\/product"}],"about":[{"href":"https:\/\/wildgear.itc-gmbh.shop\/es\/wp-json\/wp\/v2\/types\/product"}],"replies":[{"embeddable":true,"href":"https:\/\/wildgear.itc-gmbh.shop\/es\/wp-json\/wp\/v2\/comments?post=11257"}],"wp:featuredmedia":[{"embeddable":true,"href":"https:\/\/wildgear.itc-gmbh.shop\/es\/wp-json\/wp\/v2\/media\/11256"}],"wp:attachment":[{"href":"https:\/\/wildgear.itc-gmbh.shop\/es\/wp-json\/wp\/v2\/media?parent=11257"}],"wp:term":[{"taxonomy":"product_brand","embeddable":true,"href":"https:\/\/wildgear.itc-gmbh.shop\/es\/wp-json\/wp\/v2\/product_brand?post=11257"},{"taxonomy":"product_cat","embeddable":true,"href":"https:\/\/wildgear.itc-gmbh.shop\/es\/wp-json\/wp\/v2\/product_cat?post=11257"},{"taxonomy":"product_tag","embeddable":true,"href":"https:\/\/wildgear.itc-gmbh.shop\/es\/wp-json\/wp\/v2\/product_tag?post=11257"}],"curies":[{"name":"wp","href":"https:\/\/api.w.org\/{rel}","templated":true}]}}