{"id":11462,"date":"2024-05-27T03:02:56","date_gmt":"2024-05-27T03:02:56","guid":{"rendered":"https:\/\/outdoor.itc-gmbh.shop\/product\/mehrzweckrucksack-gregory-paragon-38-orange\/"},"modified":"2024-05-27T03:02:58","modified_gmt":"2024-05-27T03:02:58","slug":"mehrzweckrucksack-gregory-paragon-38-orange","status":"publish","type":"product","link":"https:\/\/wildgear.itc-gmbh.shop\/es\/product\/mehrzweckrucksack-gregory-paragon-38-orange\/","title":{"rendered":"Mehrzweckrucksack Gregory Paragon 38 Orange"},"content":{"rendered":"<p>\u00a1Mantente en forma y descubre las \u00faltimas innovaciones del sector para practicar deporte en las mejores condiciones! Comprar ahora <b>Mehrzweckrucksack Gregory Paragon 38 Orange<\/b> \u00a1al mejor precio y disfruta de una vida sana!<\/p>\n<ul>\n<li>Color: naranja<\/li>\n<li>Formato: M\/L<\/li>\n<li>Material:\n<ul>\n<li>Poli\u00e9ster<\/li>\n<li>Acero<\/li>\n<li>Fibra de vidrio<\/li>\n<li>Nylon<\/li>\n<\/ul>\n<\/li>\n<li>Breite: 30,5 cm<\/li>\n<li>Caracter\u00edsticas: Sistema de ventilaci\u00f3n<\/li>\n<li>gro\u00df: 63,5 cm<\/li>\n<li>Capacidad: 38 litros<\/li>\n<li>Ma\u00dfe ca.: 30,5 x 63,5 x 25,4 cm<\/li>\n<\/ul>","protected":false},"excerpt":{"rendered":"<p>Bleiben Sie in Form und entdecken Sie die neuesten Innovationen der Branche, um mit den besten Voraussetzungen Sport zu betreiben! Kaufen Sie Mehrzweckrucksack Gregory Paragon 38 Orange zum besten Preis und genie\u00dfen Sie ein gesundes Leben! Farbe: Orange Format: M\/L Material: Polyester Stahl Fiberglas Nylon Breite: 30,5 cm Merkmale: Bel\u00fcftungssystem gro\u00df: 63,5 cm Kapazit\u00e4t: 38 &hellip; <\/p>\n<p class=\"more-link-wrap\"><a href=\"https:\/\/wildgear.itc-gmbh.shop\/es\/product\/mehrzweckrucksack-gregory-paragon-38-orange\/\" class=\"more-link\"><span>Read More<span class=\"screen-reader-text\"> &#8220;Mehrzweckrucksack Gregory Paragon 38 Orange&#8221;<\/span><\/span><\/a><\/p>","protected":false},"featured_media":11461,"comment_status":"open","ping_status":"closed","template":"","meta":{"inline_featured_image":false},"product_brand":[],"product_cat":[181,205,180],"product_tag":[177,178],"class_list":{"0":"post-11462","1":"product","2":"type-product","3":"status-publish","4":"has-post-thumbnail","6":"product_cat-camping-und-berge","7":"product_cat-rucksacke-und-taschen","8":"product_cat-sport-freizeit","9":"product_tag-tag_3","10":"product_tag-tag_17","12":"first","13":"outofstock","14":"taxable","15":"shipping-taxable","16":"purchasable","17":"product-type-simple"},"aioseo_notices":[],"jetpack_sharing_enabled":true,"_links":{"self":[{"href":"https:\/\/wildgear.itc-gmbh.shop\/es\/wp-json\/wp\/v2\/product\/11462","targetHints":{"allow":["GET"]}}],"collection":[{"href":"https:\/\/wildgear.itc-gmbh.shop\/es\/wp-json\/wp\/v2\/product"}],"about":[{"href":"https:\/\/wildgear.itc-gmbh.shop\/es\/wp-json\/wp\/v2\/types\/product"}],"replies":[{"embeddable":true,"href":"https:\/\/wildgear.itc-gmbh.shop\/es\/wp-json\/wp\/v2\/comments?post=11462"}],"wp:featuredmedia":[{"embeddable":true,"href":"https:\/\/wildgear.itc-gmbh.shop\/es\/wp-json\/wp\/v2\/media\/11461"}],"wp:attachment":[{"href":"https:\/\/wildgear.itc-gmbh.shop\/es\/wp-json\/wp\/v2\/media?parent=11462"}],"wp:term":[{"taxonomy":"product_brand","embeddable":true,"href":"https:\/\/wildgear.itc-gmbh.shop\/es\/wp-json\/wp\/v2\/product_brand?post=11462"},{"taxonomy":"product_cat","embeddable":true,"href":"https:\/\/wildgear.itc-gmbh.shop\/es\/wp-json\/wp\/v2\/product_cat?post=11462"},{"taxonomy":"product_tag","embeddable":true,"href":"https:\/\/wildgear.itc-gmbh.shop\/es\/wp-json\/wp\/v2\/product_tag?post=11462"}],"curies":[{"name":"wp","href":"https:\/\/api.w.org\/{rel}","templated":true}]}}