{"id":11625,"date":"2024-05-27T03:05:32","date_gmt":"2024-05-27T03:05:32","guid":{"rendered":"https:\/\/outdoor.itc-gmbh.shop\/product\/wanderrucksack-deuter-waldfuchs-blau-polyester-14-l\/"},"modified":"2024-05-27T03:05:35","modified_gmt":"2024-05-27T03:05:35","slug":"wanderrucksack-deuter-waldfuchs-blau-polyester-14-l","status":"publish","type":"product","link":"https:\/\/wildgear.itc-gmbh.shop\/es\/product\/wanderrucksack-deuter-waldfuchs-blau-polyester-14-l\/","title":{"rendered":"Wanderrucksack Deuter Waldfuchs Blau Polyester 14 L"},"content":{"rendered":"<p>\u00a1Mantente en forma y descubre las \u00faltimas innovaciones del sector para practicar deporte en las mejores condiciones! Comprar ahora <b>Wanderrucksack Deuter Waldfuchs Blau Polyester 14 L<\/b> \u00a1al mejor precio y disfruta de una vida sana!<\/p>\n<ul>\n<li>Art:\n<ul>\n<li>Wanderrucksack<\/li>\n<li>M\u00e4nnlich<\/li>\n<\/ul>\n<\/li>\n<li>Color: Azul<\/li>\n<li>Material: Poli\u00e9ster<\/li>\n<li>Caracter\u00edsticas:\n<ul>\n<li>Resistente al agua<\/li>\n<li>Recyceltes Material<\/li>\n<li>Griff<\/li>\n<\/ul>\n<\/li>\n<li>Kapazit\u00e4t: 14 L<\/li>\n<li>Cierre pulsera: cremallera<\/li>\n<li>Incluye: Asa de transporte<\/li>\n<\/ul>","protected":false},"excerpt":{"rendered":"<p>Bleiben Sie in Form und entdecken Sie die neuesten Innovationen der Branche, um mit den besten Voraussetzungen Sport zu betreiben! Kaufen Sie Wanderrucksack Deuter Waldfuchs Blau Polyester 14 L zum besten Preis und genie\u00dfen Sie ein gesundes Leben! Art: Wanderrucksack M\u00e4nnlich Farbe: Blau Material: Polyester Merkmale: Water resistant Recyceltes Material Griff Kapazit\u00e4t: 14 L Verschluss &hellip; <\/p>\n<p class=\"more-link-wrap\"><a href=\"https:\/\/wildgear.itc-gmbh.shop\/es\/product\/wanderrucksack-deuter-waldfuchs-blau-polyester-14-l\/\" class=\"more-link\"><span>Read More<span class=\"screen-reader-text\"> &#8220;Wanderrucksack Deuter Waldfuchs Blau Polyester 14 L&#8221;<\/span><\/span><\/a><\/p>","protected":false},"featured_media":11624,"comment_status":"open","ping_status":"closed","template":"","meta":{"inline_featured_image":false},"product_brand":[],"product_cat":[181,205,180],"product_tag":[177,178],"class_list":{"0":"post-11625","1":"product","2":"type-product","3":"status-publish","4":"has-post-thumbnail","6":"product_cat-camping-und-berge","7":"product_cat-rucksacke-und-taschen","8":"product_cat-sport-freizeit","9":"product_tag-tag_3","10":"product_tag-tag_17","12":"first","13":"outofstock","14":"taxable","15":"shipping-taxable","16":"purchasable","17":"product-type-simple"},"aioseo_notices":[],"jetpack_sharing_enabled":true,"_links":{"self":[{"href":"https:\/\/wildgear.itc-gmbh.shop\/es\/wp-json\/wp\/v2\/product\/11625","targetHints":{"allow":["GET"]}}],"collection":[{"href":"https:\/\/wildgear.itc-gmbh.shop\/es\/wp-json\/wp\/v2\/product"}],"about":[{"href":"https:\/\/wildgear.itc-gmbh.shop\/es\/wp-json\/wp\/v2\/types\/product"}],"replies":[{"embeddable":true,"href":"https:\/\/wildgear.itc-gmbh.shop\/es\/wp-json\/wp\/v2\/comments?post=11625"}],"wp:featuredmedia":[{"embeddable":true,"href":"https:\/\/wildgear.itc-gmbh.shop\/es\/wp-json\/wp\/v2\/media\/11624"}],"wp:attachment":[{"href":"https:\/\/wildgear.itc-gmbh.shop\/es\/wp-json\/wp\/v2\/media?parent=11625"}],"wp:term":[{"taxonomy":"product_brand","embeddable":true,"href":"https:\/\/wildgear.itc-gmbh.shop\/es\/wp-json\/wp\/v2\/product_brand?post=11625"},{"taxonomy":"product_cat","embeddable":true,"href":"https:\/\/wildgear.itc-gmbh.shop\/es\/wp-json\/wp\/v2\/product_cat?post=11625"},{"taxonomy":"product_tag","embeddable":true,"href":"https:\/\/wildgear.itc-gmbh.shop\/es\/wp-json\/wp\/v2\/product_tag?post=11625"}],"curies":[{"name":"wp","href":"https:\/\/api.w.org\/{rel}","templated":true}]}}