{"id":11835,"date":"2024-05-27T03:08:32","date_gmt":"2024-05-27T03:08:32","guid":{"rendered":"https:\/\/outdoor.itc-gmbh.shop\/product\/wanderrucksack-osprey-kyte-38-l-gruen-xs-s\/"},"modified":"2024-05-27T03:08:34","modified_gmt":"2024-05-27T03:08:34","slug":"wanderrucksack-osprey-kyte-38-l-gruen-xs-s","status":"publish","type":"product","link":"https:\/\/wildgear.itc-gmbh.shop\/es\/product\/wanderrucksack-osprey-kyte-38-l-gruen-xs-s\/","title":{"rendered":"Wanderrucksack OSPREY Kyte 38 L gr\u00fcn XS\/S"},"content":{"rendered":"<p>\u00a1Mantente en forma y descubre las \u00faltimas innovaciones del sector para practicar deporte en las mejores condiciones! Comprar ahora <b>Wanderrucksack OSPREY Kyte 38 L gr\u00fcn XS\/S<\/b> \u00a1al mejor precio y disfruta de una vida sana!<\/p>\n<ul>\n<li>Tipo: Mochila de senderismo<\/li>\n<li>Capacidad: 38 litros<\/li>\n<li>Sexo: Mujeres<\/li>\n<li>Gr\u00f6\u00dfe: XS\/S<\/li>\n<li>Color: verde<\/li>\n<li>Material: Nylon<\/li>\n<\/ul>","protected":false},"excerpt":{"rendered":"<p>Bleiben Sie in Form und entdecken Sie die neuesten Innovationen der Branche, um mit den besten Voraussetzungen Sport zu betreiben! Kaufen Sie Wanderrucksack OSPREY Kyte 38 L gr\u00fcn XS\/S zum besten Preis und genie\u00dfen Sie ein gesundes Leben! Art: Wanderrucksack Kapazit\u00e4t: 38 L Geschlecht: Damen Gr\u00f6\u00dfe: XS\/S Farbe: gr\u00fcn Material: Nylon<\/p>","protected":false},"featured_media":11834,"comment_status":"open","ping_status":"closed","template":"","meta":{"inline_featured_image":false},"product_brand":[],"product_cat":[181,205,180],"product_tag":[177,178],"class_list":{"0":"post-11835","1":"product","2":"type-product","3":"status-publish","4":"has-post-thumbnail","6":"product_cat-camping-und-berge","7":"product_cat-rucksacke-und-taschen","8":"product_cat-sport-freizeit","9":"product_tag-tag_3","10":"product_tag-tag_17","12":"first","13":"outofstock","14":"taxable","15":"shipping-taxable","16":"purchasable","17":"product-type-simple"},"aioseo_notices":[],"jetpack_sharing_enabled":true,"_links":{"self":[{"href":"https:\/\/wildgear.itc-gmbh.shop\/es\/wp-json\/wp\/v2\/product\/11835","targetHints":{"allow":["GET"]}}],"collection":[{"href":"https:\/\/wildgear.itc-gmbh.shop\/es\/wp-json\/wp\/v2\/product"}],"about":[{"href":"https:\/\/wildgear.itc-gmbh.shop\/es\/wp-json\/wp\/v2\/types\/product"}],"replies":[{"embeddable":true,"href":"https:\/\/wildgear.itc-gmbh.shop\/es\/wp-json\/wp\/v2\/comments?post=11835"}],"wp:featuredmedia":[{"embeddable":true,"href":"https:\/\/wildgear.itc-gmbh.shop\/es\/wp-json\/wp\/v2\/media\/11834"}],"wp:attachment":[{"href":"https:\/\/wildgear.itc-gmbh.shop\/es\/wp-json\/wp\/v2\/media?parent=11835"}],"wp:term":[{"taxonomy":"product_brand","embeddable":true,"href":"https:\/\/wildgear.itc-gmbh.shop\/es\/wp-json\/wp\/v2\/product_brand?post=11835"},{"taxonomy":"product_cat","embeddable":true,"href":"https:\/\/wildgear.itc-gmbh.shop\/es\/wp-json\/wp\/v2\/product_cat?post=11835"},{"taxonomy":"product_tag","embeddable":true,"href":"https:\/\/wildgear.itc-gmbh.shop\/es\/wp-json\/wp\/v2\/product_tag?post=11835"}],"curies":[{"name":"wp","href":"https:\/\/api.w.org\/{rel}","templated":true}]}}