{"id":12094,"date":"2024-05-27T03:12:14","date_gmt":"2024-05-27T03:12:14","guid":{"rendered":"https:\/\/outdoor.itc-gmbh.shop\/product\/lunchbox-baby-shark-beach-day-gelb-hellblau-20-x-25-x-2-cm\/"},"modified":"2024-05-27T03:12:16","modified_gmt":"2024-05-27T03:12:16","slug":"lunchbox-baby-shark-beach-day-gelb-hellblau-20-x-25-x-2-cm","status":"publish","type":"product","link":"https:\/\/wildgear.itc-gmbh.shop\/es\/product\/lunchbox-baby-shark-beach-day-gelb-hellblau-20-x-25-x-2-cm\/","title":{"rendered":"Lunchbox Baby Shark Beach Day Gelb Hellblau (20 x 25 x 2 cm)"},"content":{"rendered":"<p>Si valora los detalles a la hora de amueblar su casa y quiere estar al d\u00eda de los productos que le hacen la vida m\u00e1s f\u00e1cil, compre <b>Lunchbox Baby Shark Beach Day Gelb Hellblau (20 x 25 x 2 cm)<\/b> al mejor precio.<\/p>\n<ul>\n<li>Ma\u00dfe ca.: 20 x 25 x 2 cm<\/li>\n<li>Color:\n<ul>\n<li>Amarillo<\/li>\n<li>Azul<\/li>\n<\/ul>\n<\/li>\n<li>Dise\u00f1o: Preescolar<\/li>\n<li>Material: poli\u00e9ster 300D<\/li>\n<li>Cierre pulsera: cord\u00f3n<\/li>\n<\/ul>","protected":false},"excerpt":{"rendered":"<p>Wenn Sie bei der Einrichtung ihres Heims Wert auf Details legen und bei Produkten, die Ihnen das Leben leichter machen, auf dem letzten Stand sein m\u00f6chten, dann kaufen Sie Lunchbox Baby Shark Beach Day Gelb Hellblau (20 x 25 x 2 cm) zum besten Preis. Ma\u00dfe ca.: 20 x 25 x 2 cm Farbe: Gelb &hellip; <\/p>\n<p class=\"more-link-wrap\"><a href=\"https:\/\/wildgear.itc-gmbh.shop\/es\/product\/lunchbox-baby-shark-beach-day-gelb-hellblau-20-x-25-x-2-cm\/\" class=\"more-link\"><span>Read More<span class=\"screen-reader-text\"> &#8220;Lunchbox Baby Shark Beach Day Gelb Hellblau (20 x 25 x 2 cm)&#8221;<\/span><\/span><\/a><\/p>","protected":false},"featured_media":12093,"comment_status":"open","ping_status":"closed","template":"","meta":{"inline_featured_image":false},"product_brand":[],"product_cat":[181,180,654],"product_tag":[213,177,208],"class_list":{"0":"post-12094","1":"product","2":"type-product","3":"status-publish","4":"has-post-thumbnail","6":"product_cat-camping-und-berge","7":"product_cat-sport-freizeit","8":"product_cat-tragbare-kuhlboxen","9":"product_tag-tag_69","10":"product_tag-tag_3","11":"product_tag-tag_650","13":"first","14":"outofstock","15":"taxable","16":"shipping-taxable","17":"purchasable","18":"product-type-simple"},"aioseo_notices":[],"jetpack_sharing_enabled":true,"_links":{"self":[{"href":"https:\/\/wildgear.itc-gmbh.shop\/es\/wp-json\/wp\/v2\/product\/12094","targetHints":{"allow":["GET"]}}],"collection":[{"href":"https:\/\/wildgear.itc-gmbh.shop\/es\/wp-json\/wp\/v2\/product"}],"about":[{"href":"https:\/\/wildgear.itc-gmbh.shop\/es\/wp-json\/wp\/v2\/types\/product"}],"replies":[{"embeddable":true,"href":"https:\/\/wildgear.itc-gmbh.shop\/es\/wp-json\/wp\/v2\/comments?post=12094"}],"wp:featuredmedia":[{"embeddable":true,"href":"https:\/\/wildgear.itc-gmbh.shop\/es\/wp-json\/wp\/v2\/media\/12093"}],"wp:attachment":[{"href":"https:\/\/wildgear.itc-gmbh.shop\/es\/wp-json\/wp\/v2\/media?parent=12094"}],"wp:term":[{"taxonomy":"product_brand","embeddable":true,"href":"https:\/\/wildgear.itc-gmbh.shop\/es\/wp-json\/wp\/v2\/product_brand?post=12094"},{"taxonomy":"product_cat","embeddable":true,"href":"https:\/\/wildgear.itc-gmbh.shop\/es\/wp-json\/wp\/v2\/product_cat?post=12094"},{"taxonomy":"product_tag","embeddable":true,"href":"https:\/\/wildgear.itc-gmbh.shop\/es\/wp-json\/wp\/v2\/product_tag?post=12094"}],"curies":[{"name":"wp","href":"https:\/\/api.w.org\/{rel}","templated":true}]}}