{"id":12177,"date":"2024-05-27T03:13:40","date_gmt":"2024-05-27T03:13:40","guid":{"rendered":"https:\/\/outdoor.itc-gmbh.shop\/product\/handtasche-gorjuss-up-and-away-lunchbox-lila-24-x-29-x-10-cm\/"},"modified":"2024-05-27T03:13:42","modified_gmt":"2024-05-27T03:13:42","slug":"handtasche-gorjuss-up-and-away-lunchbox-lila-24-x-29-x-10-cm","status":"publish","type":"product","link":"https:\/\/wildgear.itc-gmbh.shop\/es\/product\/handtasche-gorjuss-up-and-away-lunchbox-lila-24-x-29-x-10-cm\/","title":{"rendered":"Handtasche Gorjuss Up and away Lunchbox Lila (24 x 29 x 10 cm)"},"content":{"rendered":"<p>Si valora los detalles a la hora de amueblar su casa y quiere estar al d\u00eda de los productos que le hacen la vida m\u00e1s f\u00e1cil, compre <b>Handtasche Gorjuss Up and away Lunchbox Lila (24 x 29 x 10 cm)<\/b> al mejor precio.<\/p>\n<ul>\n<li>Art:\n<ul>\n<li>Bolso<\/li>\n<li>Fiambrera<\/li>\n<\/ul>\n<\/li>\n<li>Color: morado<\/li>\n<li>Caracter\u00edsticas:\n<ul>\n<li>Interior isot\u00e9rmico<\/li>\n<li>Con asa superior<\/li>\n<\/ul>\n<\/li>\n<li>Material: Poli\u00e9ster<\/li>\n<li>Cierre pulsera: cremallera<\/li>\n<li>Dimensiones aproximadas: 24 x 29 x 10 cm<\/li>\n<\/ul>","protected":false},"excerpt":{"rendered":"<p>Wenn Sie bei der Einrichtung ihres Heims Wert auf Details legen und bei Produkten, die Ihnen das Leben leichter machen, auf dem letzten Stand sein m\u00f6chten, dann kaufen Sie Handtasche Gorjuss Up and away Lunchbox Lila (24 x 29 x 10 cm) zum besten Preis. Art: Handtasche Lunchbox Farbe: Lila Merkmale: Isothermer Innenraum Mit oberem &hellip; <\/p>\n<p class=\"more-link-wrap\"><a href=\"https:\/\/wildgear.itc-gmbh.shop\/es\/product\/handtasche-gorjuss-up-and-away-lunchbox-lila-24-x-29-x-10-cm\/\" class=\"more-link\"><span>Read More<span class=\"screen-reader-text\"> &#8220;Handtasche Gorjuss Up and away Lunchbox Lila (24 x 29 x 10 cm)&#8221;<\/span><\/span><\/a><\/p>","protected":false},"featured_media":12176,"comment_status":"open","ping_status":"closed","template":"","meta":{"inline_featured_image":false},"product_brand":[],"product_cat":[181,180,654],"product_tag":[213,177,208],"class_list":{"0":"post-12177","1":"product","2":"type-product","3":"status-publish","4":"has-post-thumbnail","6":"product_cat-camping-und-berge","7":"product_cat-sport-freizeit","8":"product_cat-tragbare-kuhlboxen","9":"product_tag-tag_69","10":"product_tag-tag_3","11":"product_tag-tag_650","13":"first","14":"outofstock","15":"taxable","16":"shipping-taxable","17":"purchasable","18":"product-type-simple"},"aioseo_notices":[],"jetpack_sharing_enabled":true,"_links":{"self":[{"href":"https:\/\/wildgear.itc-gmbh.shop\/es\/wp-json\/wp\/v2\/product\/12177","targetHints":{"allow":["GET"]}}],"collection":[{"href":"https:\/\/wildgear.itc-gmbh.shop\/es\/wp-json\/wp\/v2\/product"}],"about":[{"href":"https:\/\/wildgear.itc-gmbh.shop\/es\/wp-json\/wp\/v2\/types\/product"}],"replies":[{"embeddable":true,"href":"https:\/\/wildgear.itc-gmbh.shop\/es\/wp-json\/wp\/v2\/comments?post=12177"}],"wp:featuredmedia":[{"embeddable":true,"href":"https:\/\/wildgear.itc-gmbh.shop\/es\/wp-json\/wp\/v2\/media\/12176"}],"wp:attachment":[{"href":"https:\/\/wildgear.itc-gmbh.shop\/es\/wp-json\/wp\/v2\/media?parent=12177"}],"wp:term":[{"taxonomy":"product_brand","embeddable":true,"href":"https:\/\/wildgear.itc-gmbh.shop\/es\/wp-json\/wp\/v2\/product_brand?post=12177"},{"taxonomy":"product_cat","embeddable":true,"href":"https:\/\/wildgear.itc-gmbh.shop\/es\/wp-json\/wp\/v2\/product_cat?post=12177"},{"taxonomy":"product_tag","embeddable":true,"href":"https:\/\/wildgear.itc-gmbh.shop\/es\/wp-json\/wp\/v2\/product_tag?post=12177"}],"curies":[{"name":"wp","href":"https:\/\/api.w.org\/{rel}","templated":true}]}}