{"id":12203,"date":"2024-05-27T03:14:03","date_gmt":"2024-05-27T03:14:03","guid":{"rendered":"https:\/\/outdoor.itc-gmbh.shop\/product\/kuehltasche-iris-9130tx\/"},"modified":"2024-05-27T03:14:03","modified_gmt":"2024-05-27T03:14:03","slug":"kuehltasche-iris-9130tx","status":"publish","type":"product","link":"https:\/\/wildgear.itc-gmbh.shop\/es\/product\/kuehltasche-iris-9130tx\/","title":{"rendered":"K\u00fchltasche Iris 9130TX"},"content":{"rendered":"<p>Si valora los detalles a la hora de amueblar su casa y quiere estar al d\u00eda de los productos que le hacen la vida m\u00e1s f\u00e1cil, compre <b>K\u00fchltasche Iris 9130TX<\/b> al mejor precio.<\/p>\n<ul>\n<li>Color: Rojo<\/li>\n<li>Kapazit\u00e4t:\n<ul>\n<li>600 ml<\/li>\n<li>800 ml<\/li>\n<\/ul>\n<\/li>\n<li>Anzahl der St\u00fccke: 5 St\u00fccke<\/li>\n<\/ul>","protected":false},"excerpt":{"rendered":"<p>Wenn Sie bei der Einrichtung ihres Heims Wert auf Details legen und bei Produkten, die Ihnen das Leben leichter machen, auf dem letzten Stand sein m\u00f6chten, dann kaufen Sie K\u00fchltasche Iris 9130TX zum besten Preis. Farbe: Rot Kapazit\u00e4t: 600 ml 800 ml Anzahl der St\u00fccke: 5 St\u00fccke<\/p>","protected":false},"featured_media":12202,"comment_status":"open","ping_status":"closed","template":"","meta":{"inline_featured_image":false},"product_brand":[],"product_cat":[181,180,654],"product_tag":[213,177,208],"class_list":{"0":"post-12203","1":"product","2":"type-product","3":"status-publish","4":"has-post-thumbnail","6":"product_cat-camping-und-berge","7":"product_cat-sport-freizeit","8":"product_cat-tragbare-kuhlboxen","9":"product_tag-tag_69","10":"product_tag-tag_3","11":"product_tag-tag_650","13":"first","14":"outofstock","15":"taxable","16":"shipping-taxable","17":"purchasable","18":"product-type-simple"},"aioseo_notices":[],"jetpack_sharing_enabled":true,"_links":{"self":[{"href":"https:\/\/wildgear.itc-gmbh.shop\/es\/wp-json\/wp\/v2\/product\/12203","targetHints":{"allow":["GET"]}}],"collection":[{"href":"https:\/\/wildgear.itc-gmbh.shop\/es\/wp-json\/wp\/v2\/product"}],"about":[{"href":"https:\/\/wildgear.itc-gmbh.shop\/es\/wp-json\/wp\/v2\/types\/product"}],"replies":[{"embeddable":true,"href":"https:\/\/wildgear.itc-gmbh.shop\/es\/wp-json\/wp\/v2\/comments?post=12203"}],"wp:featuredmedia":[{"embeddable":true,"href":"https:\/\/wildgear.itc-gmbh.shop\/es\/wp-json\/wp\/v2\/media\/12202"}],"wp:attachment":[{"href":"https:\/\/wildgear.itc-gmbh.shop\/es\/wp-json\/wp\/v2\/media?parent=12203"}],"wp:term":[{"taxonomy":"product_brand","embeddable":true,"href":"https:\/\/wildgear.itc-gmbh.shop\/es\/wp-json\/wp\/v2\/product_brand?post=12203"},{"taxonomy":"product_cat","embeddable":true,"href":"https:\/\/wildgear.itc-gmbh.shop\/es\/wp-json\/wp\/v2\/product_cat?post=12203"},{"taxonomy":"product_tag","embeddable":true,"href":"https:\/\/wildgear.itc-gmbh.shop\/es\/wp-json\/wp\/v2\/product_tag?post=12203"}],"curies":[{"name":"wp","href":"https:\/\/api.w.org\/{rel}","templated":true}]}}