{"id":12255,"date":"2024-05-27T03:14:49","date_gmt":"2024-05-27T03:14:49","guid":{"rendered":"https:\/\/outdoor.itc-gmbh.shop\/product\/lunchbox-buzz-lightyear-marineblau-20-x-20-x-15-cm\/"},"modified":"2024-05-27T03:14:52","modified_gmt":"2024-05-27T03:14:52","slug":"lunchbox-buzz-lightyear-marineblau-20-x-20-x-15-cm","status":"publish","type":"product","link":"https:\/\/wildgear.itc-gmbh.shop\/es\/product\/lunchbox-buzz-lightyear-marineblau-20-x-20-x-15-cm\/","title":{"rendered":"Lunchbox Buzz Lightyear Marineblau 20 x 20 x 15 cm"},"content":{"rendered":"<p>Si valora los detalles a la hora de amueblar su casa y quiere estar al d\u00eda de los productos que le hacen la vida m\u00e1s f\u00e1cil, compre <b>Lunchbox Buzz Lightyear Marineblau 20 x 20 x 15 cm<\/b> al mejor precio.<\/p>\n<ul>\n<li>Tipo: Fiambrera<\/li>\n<li>Color: Azul marino<\/li>\n<li>Caracter\u00edsticas:\n<ul>\n<li>Con asa superior<\/li>\n<li>Documento de identidad<\/li>\n<\/ul>\n<\/li>\n<li>Dise\u00f1o: Para ni\u00f1os<\/li>\n<li>Material: poli\u00e9ster 300D<\/li>\n<li>Cierre pulsera: cremallera<\/li>\n<li>Compartimentos: 2 compartimentos<\/li>\n<li>Dimensiones aproximadas: 20 x 20 x 15 cm<\/li>\n<\/ul>","protected":false},"excerpt":{"rendered":"<p>Wenn Sie bei der Einrichtung ihres Heims Wert auf Details legen und bei Produkten, die Ihnen das Leben leichter machen, auf dem letzten Stand sein m\u00f6chten, dann kaufen Sie Lunchbox Buzz Lightyear Marineblau 20 x 20 x 15 cm zum besten Preis. Art: Lunchbox Farbe: Marineblau Merkmale: Mit oberem Griff Personalausweis Design: F\u00fcr Kinder Material: &hellip; <\/p>\n<p class=\"more-link-wrap\"><a href=\"https:\/\/wildgear.itc-gmbh.shop\/es\/product\/lunchbox-buzz-lightyear-marineblau-20-x-20-x-15-cm\/\" class=\"more-link\"><span>Read More<span class=\"screen-reader-text\"> &#8220;Lunchbox Buzz Lightyear Marineblau 20 x 20 x 15 cm&#8221;<\/span><\/span><\/a><\/p>","protected":false},"featured_media":12254,"comment_status":"open","ping_status":"closed","template":"","meta":{"inline_featured_image":false},"product_brand":[],"product_cat":[181,180,654],"product_tag":[213,219,218,177,208],"class_list":{"0":"post-12255","1":"product","2":"type-product","3":"status-publish","4":"has-post-thumbnail","6":"product_cat-camping-und-berge","7":"product_cat-sport-freizeit","8":"product_cat-tragbare-kuhlboxen","9":"product_tag-tag_69","10":"product_tag-tag_664","11":"product_tag-tag_36","12":"product_tag-tag_3","13":"product_tag-tag_650","15":"first","16":"instock","17":"taxable","18":"shipping-taxable","19":"purchasable","20":"product-type-simple"},"aioseo_notices":[],"jetpack_sharing_enabled":true,"_links":{"self":[{"href":"https:\/\/wildgear.itc-gmbh.shop\/es\/wp-json\/wp\/v2\/product\/12255","targetHints":{"allow":["GET"]}}],"collection":[{"href":"https:\/\/wildgear.itc-gmbh.shop\/es\/wp-json\/wp\/v2\/product"}],"about":[{"href":"https:\/\/wildgear.itc-gmbh.shop\/es\/wp-json\/wp\/v2\/types\/product"}],"replies":[{"embeddable":true,"href":"https:\/\/wildgear.itc-gmbh.shop\/es\/wp-json\/wp\/v2\/comments?post=12255"}],"wp:featuredmedia":[{"embeddable":true,"href":"https:\/\/wildgear.itc-gmbh.shop\/es\/wp-json\/wp\/v2\/media\/12254"}],"wp:attachment":[{"href":"https:\/\/wildgear.itc-gmbh.shop\/es\/wp-json\/wp\/v2\/media?parent=12255"}],"wp:term":[{"taxonomy":"product_brand","embeddable":true,"href":"https:\/\/wildgear.itc-gmbh.shop\/es\/wp-json\/wp\/v2\/product_brand?post=12255"},{"taxonomy":"product_cat","embeddable":true,"href":"https:\/\/wildgear.itc-gmbh.shop\/es\/wp-json\/wp\/v2\/product_cat?post=12255"},{"taxonomy":"product_tag","embeddable":true,"href":"https:\/\/wildgear.itc-gmbh.shop\/es\/wp-json\/wp\/v2\/product_tag?post=12255"}],"curies":[{"name":"wp","href":"https:\/\/api.w.org\/{rel}","templated":true}]}}