{"id":12357,"date":"2024-05-27T03:16:19","date_gmt":"2024-05-27T03:16:19","guid":{"rendered":"https:\/\/outdoor.itc-gmbh.shop\/product\/kaeltespeicher-800-ml-12-stueck\/"},"modified":"2024-05-27T03:16:22","modified_gmt":"2024-05-27T03:16:22","slug":"kaeltespeicher-800-ml-12-stueck","status":"publish","type":"product","link":"https:\/\/wildgear.itc-gmbh.shop\/es\/product\/kaeltespeicher-800-ml-12-stueck\/","title":{"rendered":"K\u00e4ltespeicher 800 ml (12 St\u00fcck)"},"content":{"rendered":"<p>Con estas sugerencias que har\u00e1n las delicias de grandes y peque\u00f1os, \u00a1la diversi\u00f3n veraniega est\u00e1 garantizada! Comprar <b>K\u00e4ltespeicher 800 ml (12 St\u00fcck)<\/b>... \u00a1y disfruta de tu tiempo libre!<\/p>\n<ul>\n<li>Color: Azul<\/li>\n<li>Material: Poly\u00e4thylen<\/li>\n<li>Kapazit\u00e4t: 800 ml<\/li>\n<li>Pieza: 12 piezas<\/li>\n<li>Ma\u00dfe ca.: 32 x 1,5 x 25,5 cm<\/li>\n<li>Tipo: Acumulador de fr\u00edo<\/li>\n<\/ul>","protected":false},"excerpt":{"rendered":"<p>Mit diesen Vorschl\u00e4gen, die Jung und Alt begeistern werden, ist der Sommerspa\u00df garantiert! Kaufen Sie K\u00e4ltespeicher 800 ml (12 St\u00fcck)] und genie\u00dfen Sie Ihre Freizeit! Farbe: Blau Material: Poly\u00e4thylen Kapazit\u00e4t: 800 ml St\u00fcck: 12 St\u00fcck Ma\u00dfe ca.: 32 x 1,5 x 25,5 cm Art: K\u00e4ltespeicher<\/p>","protected":false},"featured_media":12356,"comment_status":"open","ping_status":"closed","template":"","meta":{"inline_featured_image":false},"product_brand":[],"product_cat":[181,180,654],"product_tag":[213,177,178],"class_list":{"0":"post-12357","1":"product","2":"type-product","3":"status-publish","4":"has-post-thumbnail","6":"product_cat-camping-und-berge","7":"product_cat-sport-freizeit","8":"product_cat-tragbare-kuhlboxen","9":"product_tag-tag_69","10":"product_tag-tag_3","11":"product_tag-tag_17","13":"first","14":"instock","15":"taxable","16":"shipping-taxable","17":"purchasable","18":"product-type-simple"},"aioseo_notices":[],"jetpack_sharing_enabled":true,"_links":{"self":[{"href":"https:\/\/wildgear.itc-gmbh.shop\/es\/wp-json\/wp\/v2\/product\/12357","targetHints":{"allow":["GET"]}}],"collection":[{"href":"https:\/\/wildgear.itc-gmbh.shop\/es\/wp-json\/wp\/v2\/product"}],"about":[{"href":"https:\/\/wildgear.itc-gmbh.shop\/es\/wp-json\/wp\/v2\/types\/product"}],"replies":[{"embeddable":true,"href":"https:\/\/wildgear.itc-gmbh.shop\/es\/wp-json\/wp\/v2\/comments?post=12357"}],"wp:featuredmedia":[{"embeddable":true,"href":"https:\/\/wildgear.itc-gmbh.shop\/es\/wp-json\/wp\/v2\/media\/12356"}],"wp:attachment":[{"href":"https:\/\/wildgear.itc-gmbh.shop\/es\/wp-json\/wp\/v2\/media?parent=12357"}],"wp:term":[{"taxonomy":"product_brand","embeddable":true,"href":"https:\/\/wildgear.itc-gmbh.shop\/es\/wp-json\/wp\/v2\/product_brand?post=12357"},{"taxonomy":"product_cat","embeddable":true,"href":"https:\/\/wildgear.itc-gmbh.shop\/es\/wp-json\/wp\/v2\/product_cat?post=12357"},{"taxonomy":"product_tag","embeddable":true,"href":"https:\/\/wildgear.itc-gmbh.shop\/es\/wp-json\/wp\/v2\/product_tag?post=12357"}],"curies":[{"name":"wp","href":"https:\/\/api.w.org\/{rel}","templated":true}]}}